{"id":4158,"date":"2023-03-20T09:55:46","date_gmt":"2023-03-20T08:55:46","guid":{"rendered":"https:\/\/arena.hostpress.me\/arena2024\/checkout\/"},"modified":"2024-01-09T08:37:48","modified_gmt":"2024-01-09T07:37:48","slug":"checkout","status":"publish","type":"page","link":"https:\/\/arena-ticket.com\/en\/checkout\/","title":{"rendered":"Checkout"},"content":{"rendered":"<style>\/*! elementor - v3.11.5 - 14-03-2023 *\/\n.elementor-heading-title{padding:0;margin:0;line-height:1}.elementor-widget-heading .elementor-heading-title[class*=elementor-size-]>a{color:inherit;font-size:inherit;line-height:inherit}.elementor-widget-heading .elementor-heading-title.elementor-size-small{font-size:15px}.elementor-widget-heading .elementor-heading-title.elementor-size-medium{font-size:19px}.elementor-widget-heading .elementor-heading-title.elementor-size-large{font-size:29px}.elementor-widget-heading .elementor-heading-title.elementor-size-xl{font-size:39px}.elementor-widget-heading .elementor-heading-title.elementor-size-xxl{font-size:59px}<\/style>\n<h2>Kasse<\/h2>\n<link rel=\"stylesheet\" href=\"https:\/\/arena-ticket.com\/wp-content\/plugins\/elementor-pro\/assets\/css\/widget-woocommerce.min.css\">\n<form name=\"checkout\" method=\"post\" action=\"https:\/\/arena-ticket.com\/kasse\/\" enctype=\"multipart\/form-data\">\n\t\t\t<!--open container--><br \/>\n\t\t\t\t<!--open column-1--><\/p>\n<h3>Rechnungsdaten<\/h3>\n<p id=\"billing_first_name_field\" data-priority=\"10\"><label for=\"billing_first_name\">Vorname&nbsp;<abbr title=\"erforderlich\">*<\/abbr><\/label><input type=\"text\" name=\"billing_first_name\" id=\"billing_first_name\" placeholder=\"Vorname\"  value=\"\" autocomplete=\"given-name\" \/><\/p>\n<p id=\"billing_last_name_field\" data-priority=\"20\"><label for=\"billing_last_name\">Nachname&nbsp;<abbr title=\"erforderlich\">*<\/abbr><\/label><input type=\"text\" name=\"billing_last_name\" id=\"billing_last_name\" placeholder=\"Nachname\"  value=\"\" autocomplete=\"family-name\" \/><\/p>\n<p id=\"billing_company_field\" data-priority=\"30\"><label for=\"billing_company\">Company Name&nbsp;(optional)<\/label><input type=\"text\" name=\"billing_company\" id=\"billing_company\" placeholder=\"Company Name\"  value=\"\" autocomplete=\"organization\" \/><\/p>\n<p id=\"billing_country_field\" data-priority=\"40\"><label for=\"billing_country\">Land \/ Region&nbsp;<abbr title=\"erforderlich\">*<\/abbr><\/label><select name=\"billing_country\" id=\"billing_country\" autocomplete=\"country\" data-placeholder=\"Land\/Region ausw\u00e4hlen\u00a0\u2026\" data-label=\"Land \/ Region\"><option value=\"\">Land\/Region ausw\u00e4hlen\u00a0\u2026<\/option><option value=\"AF\" >Afghanistan<\/option><option value=\"EG\" >\u00c4gypten<\/option><option value=\"AX\" >\u00c5land<\/option><option value=\"AL\" >Albanien<\/option><option value=\"DZ\" >Algerien<\/option><option value=\"AS\" >Amerikanisch-Samoa<\/option><option value=\"VI\" >Amerikanische Jungferninseln<\/option><option value=\"AD\" >Andorra<\/option><option value=\"AO\" >Angola<\/option><option value=\"AI\" >Anguilla<\/option><option value=\"AQ\" >Antarktika<\/option><option value=\"AG\" >Antigua und Barbuda<\/option><option value=\"GQ\" >\u00c4quatorialguinea<\/option><option value=\"AR\" >Argentinien<\/option><option value=\"AM\" >Armenien<\/option><option value=\"AW\" >Aruba<\/option><option value=\"AZ\" >Aserbaidschan<\/option><option value=\"ET\" >\u00c4thiopien<\/option><option value=\"AU\" >Australien<\/option><option value=\"BS\" >Bahamas<\/option><option value=\"BH\" >Bahrain<\/option><option value=\"BD\" >Bangladesch<\/option><option value=\"BB\" >Barbados<\/option><option value=\"PW\" >Belau<\/option><option value=\"BE\" >Belgien<\/option><option value=\"BZ\" >Belize<\/option><option value=\"BJ\" >Benin<\/option><option value=\"BM\" >Bermuda<\/option><option value=\"BT\" >Bhutan<\/option><option value=\"BO\" >Bolivien<\/option><option value=\"BQ\" >Bonaire, Saint Eustatius and Saba<\/option><option value=\"BA\" >Bosnien und Herzegowina<\/option><option value=\"BW\" >Botswana<\/option><option value=\"BV\" >Bouvetinsel<\/option><option value=\"BR\" >Brasilien<\/option><option value=\"VG\" >Britische Jungferninseln<\/option><option value=\"IO\" >Britisches Territorium im Indischen Ozean<\/option><option value=\"BN\" >Brunei<\/option><option value=\"BG\" >Bulgarien<\/option><option value=\"BF\" >Burkina Faso<\/option><option value=\"BI\" >Burundi<\/option><option value=\"CL\" >Chile<\/option><option value=\"CN\" >China<\/option><option value=\"CK\" >Cookinseln<\/option><option value=\"CR\" >Costa Rica<\/option><option value=\"CW\" >Cura&Ccedil;ao<\/option><option value=\"DK\" >D\u00e4nemark<\/option><option value=\"DE\"  selected='selected'>Deutschland<\/option><option value=\"DM\" >Dominica<\/option><option value=\"DO\" >Dominikanische Republik<\/option><option value=\"DJ\" >Dschibuti<\/option><option value=\"EC\" >Ecuador<\/option><option value=\"SV\" >El Salvador<\/option><option value=\"CI\" >Elfenbeink\u00fcste<\/option><option value=\"ER\" >Eritrea<\/option><option value=\"EE\" >Estland<\/option><option value=\"SZ\" >Eswatini<\/option><option value=\"FK\" >Falklandinseln<\/option><option value=\"FO\" >F\u00e4r\u00f6er<\/option><option value=\"FJ\" >Fidschi<\/option><option value=\"FI\" >Finnland<\/option><option value=\"FR\" >Frankreich<\/option><option value=\"GF\" >Franz\u00f6sisch-Guayana<\/option><option value=\"PF\" >Franz\u00f6sisch-Polynesien<\/option><option value=\"TF\" >Franz\u00f6sische S\u00fcd- und Antarktisgebiete<\/option><option value=\"GA\" >Gabun<\/option><option value=\"GM\" >Gambia<\/option><option value=\"GE\" >Georgien<\/option><option value=\"GH\" >Ghana<\/option><option value=\"GI\" >Gibraltar<\/option><option value=\"GD\" >Grenada<\/option><option value=\"GR\" >Griechenland<\/option><option value=\"GL\" >Gr\u00f6nland<\/option><option value=\"GP\" >Guadeloupe<\/option><option value=\"GU\" >Guam<\/option><option value=\"GT\" >Guatemala<\/option><option value=\"GG\" >Guernsey<\/option><option value=\"GN\" >Guinea<\/option><option value=\"GW\" >Guinea-Bissau<\/option><option value=\"GY\" >Guyana<\/option><option value=\"HT\" >Haiti<\/option><option value=\"HM\" >Heard und McDonaldinseln<\/option><option value=\"HN\" >Honduras<\/option><option value=\"HK\" >Hongkong<\/option><option value=\"IN\" >Indien<\/option><option value=\"ID\" >Indonesien<\/option><option value=\"IQ\" >Irak<\/option><option value=\"IR\" >Iran<\/option><option value=\"IE\" >Irland<\/option><option value=\"IS\" >Island<\/option><option value=\"IM\" >Isle of Man<\/option><option value=\"IL\" >Israel<\/option><option value=\"IT\" >Italien<\/option><option value=\"JM\" >Jamaika<\/option><option value=\"JP\" >Japan<\/option><option value=\"YE\" >Jemen<\/option><option value=\"JE\" >Jersey<\/option><option value=\"JO\" >Jordanien<\/option><option value=\"KY\" >Kaimaninseln<\/option><option value=\"KH\" >Kambodscha<\/option><option value=\"CM\" >Kamerun<\/option><option value=\"CA\" >Kanada<\/option><option value=\"CV\" >Kap Verde<\/option><option value=\"KZ\" >Kasachstan<\/option><option value=\"QA\" >Katar<\/option><option value=\"KE\" >Kenia<\/option><option value=\"KG\" >Kirgisistan<\/option><option value=\"KI\" >Kiribati<\/option><option value=\"CC\" >Kokosinseln (Keelinginseln)<\/option><option value=\"CO\" >Kolumbien<\/option><option value=\"KM\" >Komoren<\/option><option value=\"CG\" >Kongo-Brazzaville<\/option><option value=\"CD\" >Kongo-Kinshasa<\/option><option value=\"HR\" >Kroatien<\/option><option value=\"CU\" >Kuba<\/option><option value=\"KW\" >Kuwait<\/option><option value=\"LA\" >Laos<\/option><option value=\"LS\" >Lesotho<\/option><option value=\"LV\" >Lettland<\/option><option value=\"LB\" >Libanon<\/option><option value=\"LR\" >Liberia<\/option><option value=\"LY\" >Libyen<\/option><option value=\"LI\" >Liechtenstein<\/option><option value=\"LT\" >Litauen<\/option><option value=\"LU\" >Luxemburg<\/option><option value=\"MO\" >Macao<\/option><option value=\"MG\" >Madagaskar<\/option><option value=\"MW\" >Malawi<\/option><option value=\"MY\" >Malaysia<\/option><option value=\"MV\" >Malediven<\/option><option value=\"ML\" >Mali<\/option><option value=\"MT\" >Malta<\/option><option value=\"MA\" >Marokko<\/option><option value=\"MH\" >Marshallinseln<\/option><option value=\"MQ\" >Martinique<\/option><option value=\"MR\" >Mauretanien<\/option><option value=\"MU\" >Mauritius<\/option><option value=\"YT\" >Mayotte<\/option><option value=\"MX\" >Mexiko<\/option><option value=\"FM\" >Mikronesien<\/option><option value=\"MD\" >Moldawien<\/option><option value=\"MC\" >Monaco<\/option><option value=\"MN\" >Mongolei<\/option><option value=\"ME\" >Montenegro<\/option><option value=\"MS\" >Montserrat<\/option><option value=\"MZ\" >Mosambik<\/option><option value=\"MM\" >Myanmar<\/option><option value=\"NA\" >Namibia<\/option><option value=\"NR\" >Nauru<\/option><option value=\"NP\" >Nepal<\/option><option value=\"NC\" >Neukaledonien<\/option><option value=\"NZ\" >Neuseeland<\/option><option value=\"NI\" >Nicaragua<\/option><option value=\"NL\" >Niederlande<\/option><option value=\"NE\" >Niger<\/option><option value=\"NG\" >Nigeria<\/option><option value=\"NU\" >Niue<\/option><option value=\"KP\" >Nordkorea<\/option><option value=\"MP\" >N\u00f6rdliche Marianen<\/option><option value=\"MK\" >Nordmazedonien<\/option><option value=\"NF\" >Norfolkinsel<\/option><option value=\"NO\" >Norwegen<\/option><option value=\"OM\" >Oman<\/option><option value=\"AT\" >\u00d6sterreich<\/option><option value=\"TL\" >Osttimor<\/option><option value=\"PK\" >Pakistan<\/option><option value=\"PS\" >Pal\u00e4stinensische Autonomiegebiete<\/option><option value=\"PA\" >Panama<\/option><option value=\"PG\" >Papua-Neuguinea<\/option><option value=\"PY\" >Paraguay<\/option><option value=\"PE\" >Peru<\/option><option value=\"PH\" >Philippinen<\/option><option value=\"PN\" >Pitcairninseln<\/option><option value=\"PL\" >Polen<\/option><option value=\"PT\" >Portugal<\/option><option value=\"PR\" >Puerto Rico<\/option><option value=\"RE\" >R\u00e9union<\/option><option value=\"RW\" >Ruanda<\/option><option value=\"RO\" >Rum\u00e4nien<\/option><option value=\"RU\" >Russland<\/option><option value=\"ST\" >S&atilde;o Tom&eacute; and Pr&iacute;ncipe<\/option><option value=\"BL\" >Saint Barth&eacute;lemy<\/option><option value=\"SX\" >Saint Martin (Dutch part)<\/option><option value=\"PM\" >Saint-Pierre und Miquelon<\/option><option value=\"SB\" >Salomonen<\/option><option value=\"ZM\" >Sambia<\/option><option value=\"WS\" >Samoa<\/option><option value=\"SM\" >San Marino<\/option><option value=\"SA\" >Saudi-Arabien<\/option><option value=\"SE\" >Schweden<\/option><option value=\"CH\" >Schweiz<\/option><option value=\"SN\" >Senegal<\/option><option value=\"RS\" >Serbien<\/option><option value=\"SC\" >Seychellen<\/option><option value=\"SL\" >Sierra Leone<\/option><option value=\"ZW\" >Simbabwe<\/option><option value=\"SG\" >Singapur<\/option><option value=\"SK\" >Slowakei<\/option><option value=\"SI\" >Slowenien<\/option><option value=\"SO\" >Somalia<\/option><option value=\"ES\" >Spanien<\/option><option value=\"LK\" >Sri Lanka<\/option><option value=\"SH\" >St. Helena<\/option><option value=\"KN\" >St. Kitts und Nevis<\/option><option value=\"LC\" >St. Lucia<\/option><option value=\"MF\" >St. Martin (franz\u00f6sischer Teil)<\/option><option value=\"VC\" >St. Vincent und die Grenadinen<\/option><option value=\"ZA\" >S\u00fcdafrika<\/option><option value=\"SD\" >Sudan<\/option><option value=\"GS\" >S\u00fcdgeorgien \/ Sandwich-Inseln<\/option><option value=\"KR\" >S\u00fcdkorea<\/option><option value=\"SS\" >S\u00fcdsudan<\/option><option value=\"SR\" >Suriname<\/option><option value=\"SJ\" >Svalbard und Jan Mayen<\/option><option value=\"SY\" >Syrien<\/option><option value=\"TJ\" >Tadschikistan<\/option><option value=\"TW\" >Taiwan<\/option><option value=\"TZ\" >Tansania<\/option><option value=\"TH\" >Thailand<\/option><option value=\"TG\" >Togo<\/option><option value=\"TK\" >Tokelau<\/option><option value=\"TO\" >Tonga<\/option><option value=\"TT\" >Trinidad und Tobago<\/option><option value=\"TD\" >Tschad<\/option><option value=\"CZ\" >Tschechien<\/option><option value=\"TN\" >Tunesien<\/option><option value=\"TR\" >T\u00fcrkei<\/option><option value=\"TM\" >Turkmenistan<\/option><option value=\"TC\" >Turks- und Caicosinseln<\/option><option value=\"TV\" >Tuvalu<\/option><option value=\"UG\" >Uganda<\/option><option value=\"UA\" >Ukraine<\/option><option value=\"HU\" >Ungarn<\/option><option value=\"UM\" >United States (US) Minor Outlying Islands<\/option><option value=\"UY\" >Uruguay<\/option><option value=\"UZ\" >Usbekistan<\/option><option value=\"VU\" >Vanuatu<\/option><option value=\"VA\" >Vatikanstadt<\/option><option value=\"VE\" >Venezuela<\/option><option value=\"AE\" >Vereinigte Arabische Emirate<\/option><option value=\"US\" >Vereinigte Staaten von Amerika (USA)<\/option><option value=\"GB\" >Vereinigtes K\u00f6nigreich<\/option><option value=\"VN\" >Vietnam<\/option><option value=\"WF\" >Wallis und Futuna<\/option><option value=\"CX\" >Weihnachtsinsel<\/option><option value=\"BY\" >Wei\u00dfrussland<\/option><option value=\"EH\" >Westsahara<\/option><option value=\"CF\" >Zentralafrikanische Republik<\/option><option value=\"CY\" >Zypern<\/option><\/select><noscript><button type=\"submit\" name=\"woocommerce_checkout_update_totals\" value=\"Aktualisiere Land \/ Region\">Aktualisiere Land \/ Region<\/button><\/noscript><\/p>\n<p id=\"billing_address_1_field\" data-priority=\"50\"><label for=\"billing_address_1\">Stra\u00dfe&nbsp;<abbr title=\"erforderlich\">*<\/abbr><\/label><input type=\"text\" name=\"billing_address_1\" id=\"billing_address_1\" placeholder=\"Stra\u00dfenname und Hausnummer\"  value=\"\" autocomplete=\"address-line1\" \/><\/p>\n<p id=\"billing_address_2_field\" data-priority=\"60\"><label for=\"billing_address_2\">Wohnung, Suite, Zimmer usw.&nbsp;(optional)<\/label><input type=\"text\" name=\"billing_address_2\" id=\"billing_address_2\" placeholder=\"Wohnung, Suite, Zimmer usw. (optional)\"  value=\"\" autocomplete=\"address-line2\" \/><\/p>\n<p id=\"billing_postcode_field\" data-priority=\"65\"><label for=\"billing_postcode\">Postleitzahl&nbsp;<abbr title=\"erforderlich\">*<\/abbr><\/label><input type=\"text\" name=\"billing_postcode\" id=\"billing_postcode\" placeholder=\"\"  value=\"\" autocomplete=\"postal-code\" \/><\/p>\n<p id=\"billing_city_field\" data-priority=\"70\"><label for=\"billing_city\">Ort \/ Stadt&nbsp;<abbr title=\"erforderlich\">*<\/abbr><\/label><input type=\"text\" name=\"billing_city\" id=\"billing_city\" placeholder=\"\"  value=\"\" autocomplete=\"address-level2\" \/><\/p>\n<p id=\"billing_state_field\" data-priority=\"80\"><label for=\"billing_state\">Bundesland \/ Landkreis&nbsp;(optional)<\/label><select name=\"billing_state\" id=\"billing_state\" autocomplete=\"address-level1\" data-placeholder=\"W\u00e4hle eine Option&hellip;\"  data-input-classes=\"\" data-label=\"Bundesland \/ Landkreis\"><option value=\"\">W\u00e4hle eine Option&hellip;<\/option><option value=\"DE-BW\" >Baden-W\u00fcrttemberg<\/option><option value=\"DE-BY\" >Bayern<\/option><option value=\"DE-BE\" >Berlin<\/option><option value=\"DE-BB\" >Brandenburg<\/option><option value=\"DE-HB\" >Bremen<\/option><option value=\"DE-HH\" >Hamburg<\/option><option value=\"DE-HE\" >Hessen<\/option><option value=\"DE-MV\" >Mecklenburg-Vorpommern<\/option><option value=\"DE-NI\" >Niedersachsen<\/option><option value=\"DE-NW\" >Nordrhein-Westfalen<\/option><option value=\"DE-RP\" >Rheinland-Pfalz<\/option><option value=\"DE-SL\" >Saarland<\/option><option value=\"DE-SN\"  selected='selected'>Sachsen<\/option><option value=\"DE-ST\" >Sachsen-Anhalt<\/option><option value=\"DE-SH\" >Schleswig-Holstein<\/option><option value=\"DE-TH\" >Th\u00fcringen<\/option><\/select><\/p>\n<p id=\"billing_phone_field\" data-priority=\"100\"><label for=\"billing_phone\">Phone&nbsp;<abbr title=\"erforderlich\">*<\/abbr><\/label><input type=\"tel\" name=\"billing_phone\" id=\"billing_phone\" placeholder=\"Phone\"  value=\"\" autocomplete=\"tel\" \/><\/p>\n<p id=\"billing_email_field\" data-priority=\"110\"><label for=\"billing_email\">Email Address&nbsp;<abbr title=\"erforderlich\">*<\/abbr><\/label><input type=\"email\" name=\"billing_email\" id=\"billing_email\" placeholder=\"Email Address\"  value=\"eric@code-pixies.de\" autocomplete=\"email username\" \/><\/p>\n<h3><\/h3>\n<p id=\"order_comments_field\" data-priority=\"\"><label for=\"order_comments\">Zus\u00e4tzliche Informationen&nbsp;(optional)<\/label><textarea name=\"order_comments\" id=\"order_comments\" placeholder=\"Informationen bez\u00fcglich deiner Bestellung\"  rows=\"2\" cols=\"5\"><\/textarea><\/p>\n<p><input type=\"hidden\" name=\"owner_data_ticket_type_id_post_meta[40][]\" value=\"40\"\/>\n<\/p>\n<p><input type=\"hidden\" name=\"owner_data_ticket_type_id_post_meta[40][]\" value=\"40\"\/>\n<\/p>\n<p><input type=\"hidden\" name=\"owner_data_ticket_type_id_post_meta[40][]\" value=\"40\"\/>\n<\/p>\n<\/p>\n<p><input type=\"hidden\" name=\"owner_data_ticket_type_id_post_meta[114][]\" value=\"114\"\/>\n<\/p>\n<\/p>\n<p>\t\t\t\t\t<!--close column-1--><br \/>\n\t\t\t\t\t<!--open column-2--><br \/>\n\t\t\t\t\t\t\t<!--open column-inner--><br \/>\n\t\t\t\t\t\t\t\t<!--open order_review--><\/p>\n<h3 id=\"order_review_heading\">Deine Bestellung<\/h3>\n<table>\n<thead>\n<tr>\n<th>Produkt<\/th>\n<th>Zwischensumme<\/th>\n<\/tr>\n<\/thead>\n<tbody>\n<tr>\n<td>\n\t\t\t\t\t\tPK III Sitzplatz<\/p>\n<p style=\"font-size: 0.8em\">WINCENT WEISS &#8211; VIELLEICHT IRGENDWANN TOUR 2022 \u2013 31.05.2023 (MI), 20:00 UHR @ 31. Mai 2023<\/p>\n<p>&nbsp;\t\t\t\t\t\t <strong>&times;&nbsp;3<\/strong>\t\t\t\t\t\t\t\t\t\t\t<\/td>\n<td>\n\t\t\t\t\t\t<bdi>196,35&nbsp;&euro;<\/bdi>\t\t\t\t\t<\/td>\n<\/tr>\n<tr>\n<td>\n\t\t\t\t\t\tPK I Sitzplatz<\/p>\n<p style=\"font-size: 0.8em\">HERBERT GR\u00d6NEMEYER \u2013 03.06.2023 (SA), 20:00 UHR @ 21. M\u00e4rz 2023<\/p>\n<p>&nbsp;\t\t\t\t\t\t <strong>&times;&nbsp;1<\/strong>\t\t\t\t\t\t\t\t\t\t\t<\/td>\n<td>\n\t\t\t\t\t\t<bdi>99,50&nbsp;&euro;<\/bdi>\t\t\t\t\t<\/td>\n<\/tr>\n<\/tbody>\n<tfoot>\n<tr>\n<th>Zwischensumme<\/th>\n<td><bdi>295,85&nbsp;&euro;<\/bdi><\/td>\n<\/tr>\n<tr>\n<th>Gesamtsumme<\/th>\n<td><strong><bdi>295,85&nbsp;&euro;<\/bdi><\/strong> <\/td>\n<\/tr>\n<\/tfoot>\n<\/table>\n<p>\t\t\t\t\t\t\t\t\t<!--close wc_order_review--><br \/>\n\t\t\t\t\t\t\t\t<!--close order_review--><\/p>\n<p>Sie haben einen Gutschein? <a href=\"#\">Klicken Sie hier, um einen Gutscheincode einzugeben<\/a><\/p>\n<p>\t\t\t\t<label>Wenn Sie einen Gutscheincode haben, geben Sie ihn bitte unten ein.<\/label><br \/>\n\t\t\t\t\t\t\t<input type=\"text\" name=\"coupon_code\" placeholder=\"Gutscheincode\" id=\"coupon_code\" value=\"\" \/><br \/>\n\t\t\t\t\t\t\t<button name=\"apply_coupon\" type=\"submit\">anwenden<\/button><br \/>\n\t\t\t\t\t\t\t\t<!--reopen wc_order_review-2--><\/p>\n<ul>\n<li>Entschuldigung, aber es gibt anscheinend keine verf\u00fcgbaren Zahlungsmethoden f\u00fcr dein\/e Bundesland\/Region. Bitte kontaktiere uns, falls du Hilfe ben\u00f6tigst oder andere Vereinbarungen treffen m\u00f6chtest.<\/li>\n<\/ul>\n<p>\t\t<noscript><br \/>\n\t\t\tDa dein Browser kein JavaScript unterst\u00fctzt oder dieses deaktiviert ist, klicke bitte auf jeden Fall auf den Button <em>Gesamtbetrag aktualisieren<\/em>, bevor du deine Bestellung abschlie\u00dft. Anderenfalls k\u00f6nnte dir ein h\u00f6herer Betrag in Rechnung gestellt werden, als derzeit oben angezeigt wird.\t\t\t<br \/><button type=\"submit\" name=\"woocommerce_checkout_update_totals\" value=\"Gesamtbetrag aktualisieren\">Gesamtbetrag aktualisieren<\/button><br \/>\n\t\t<\/noscript><\/p>\n<p>Wir verwenden deine personenbezogenen Daten, um deine Bestellung durchf\u00fchren zu k\u00f6nnen, eine m\u00f6glichst gute Benutzererfahrung auf dieser Website zu erm\u00f6glichen und f\u00fcr weitere Zwecke, die in unserer <a href=\"https:\/\/arena-ticket.com\/?page_id=3\" target=\"_blank\" rel=\"noopener\">Datenschutzerkl\u00e4rung<\/a> beschrieben sind.<\/p>\n<p>\t\t<button type=\"submit\" name=\"woocommerce_checkout_place_order\" id=\"place_order\" value=\"Kostenpflichtig bestellen\" data-value=\"Kostenpflichtig bestellen\">Kostenpflichtig bestellen<\/button><br \/>\n\t\t<input type=\"hidden\" id=\"woocommerce-process-checkout-nonce\" name=\"woocommerce-process-checkout-nonce\" value=\"d650847c66\" \/><input type=\"hidden\" name=\"_wp_http_referer\" value=\"\/wp-admin\/admin-ajax.php\" \/><br \/>\n\t\t\t\t\t\t\t\t\t\t\t<!--close wc_order_review-2--><br \/>\n\t\t\t\t\t\t<!--close column-inner--><br \/>\n\t\t\t\t\t<!--close column-2--><br \/>\n\t\t\t\t<!--close container--><br \/>\n<\/form>\n","protected":false},"excerpt":{"rendered":"<p>Kasse Rechnungsdaten Vorname&nbsp;* Nachname&nbsp;* Company Name&nbsp;(optional) Land \/ Region&nbsp;*Land\/Region ausw\u00e4hlen\u00a0\u2026Afghanistan\u00c4gypten\u00c5landAlbanienAlgerienAmerikanisch-SamoaAmerikanische JungferninselnAndorraAngolaAnguillaAntarktikaAntigua und Barbuda\u00c4quatorialguineaArgentinienArmenienArubaAserbaidschan\u00c4thiopienAustralienBahamasBahrainBangladeschBarbadosBelauBelgienBelizeBeninBermudaBhutanBolivienBonaire, Saint Eustatius and SabaBosnien und HerzegowinaBotswanaBouvetinselBrasilienBritische JungferninselnBritisches Territorium im Indischen OzeanBruneiBulgarienBurkina FasoBurundiChileChinaCookinselnCosta RicaCura&Ccedil;aoD\u00e4nemarkDeutschlandDominicaDominikanische RepublikDschibutiEcuadorEl SalvadorElfenbeink\u00fcsteEritreaEstlandEswatiniFalklandinselnF\u00e4r\u00f6erFidschiFinnlandFrankreichFranz\u00f6sisch-GuayanaFranz\u00f6sisch-PolynesienFranz\u00f6sische S\u00fcd- und AntarktisgebieteGabunGambiaGeorgienGhanaGibraltarGrenadaGriechenlandGr\u00f6nlandGuadeloupeGuamGuatemalaGuernseyGuineaGuinea-BissauGuyanaHaitiHeard und McDonaldinselnHondurasHongkongIndienIndonesienIrakIranIrlandIslandIsle of ManIsraelItalienJamaikaJapanJemenJerseyJordanienKaimaninselnKambodschaKamerunKanadaKap VerdeKasachstanKatarKeniaKirgisistanKiribatiKokosinseln (Keelinginseln)KolumbienKomorenKongo-BrazzavilleKongo-KinshasaKroatienKubaKuwaitLaosLesothoLettlandLibanonLiberiaLibyenLiechtensteinLitauenLuxemburgMacaoMadagaskarMalawiMalaysiaMaledivenMaliMaltaMarokkoMarshallinselnMartiniqueMauretanienMauritiusMayotteMexikoMikronesienMoldawienMonacoMongoleiMontenegroMontserratMosambikMyanmarNamibiaNauruNepalNeukaledonienNeuseelandNicaraguaNiederlandeNigerNigeriaNiueNordkoreaN\u00f6rdliche MarianenNordmazedonienNorfolkinselNorwegenOman\u00d6sterreichOsttimorPakistanPal\u00e4stinensische AutonomiegebietePanamaPapua-NeuguineaParaguayPeruPhilippinenPitcairninselnPolenPortugalPuerto RicoR\u00e9unionRuandaRum\u00e4nienRusslandS&atilde;o Tom&eacute; and Pr&iacute;ncipeSaint Barth&eacute;lemySaint Martin (Dutch part)Saint-Pierre und MiquelonSalomonenSambiaSamoaSan MarinoSaudi-ArabienSchwedenSchweizSenegalSerbienSeychellenSierra LeoneSimbabweSingapurSlowakeiSlowenienSomaliaSpanienSri LankaSt. HelenaSt. Kitts und [&hellip;]<\/p>\n","protected":false},"author":1,"featured_media":0,"parent":0,"menu_order":0,"comment_status":"closed","ping_status":"closed","template":"","meta":{"_acf_changed":false,"inline_featured_image":false,"footnotes":""},"class_list":["post-4158","page","type-page","status-publish","hentry"],"acf":[],"_links":{"self":[{"href":"https:\/\/arena-ticket.com\/en\/wp-json\/wp\/v2\/pages\/4158","targetHints":{"allow":["GET"]}}],"collection":[{"href":"https:\/\/arena-ticket.com\/en\/wp-json\/wp\/v2\/pages"}],"about":[{"href":"https:\/\/arena-ticket.com\/en\/wp-json\/wp\/v2\/types\/page"}],"author":[{"embeddable":true,"href":"https:\/\/arena-ticket.com\/en\/wp-json\/wp\/v2\/users\/1"}],"replies":[{"embeddable":true,"href":"https:\/\/arena-ticket.com\/en\/wp-json\/wp\/v2\/comments?post=4158"}],"version-history":[{"count":0,"href":"https:\/\/arena-ticket.com\/en\/wp-json\/wp\/v2\/pages\/4158\/revisions"}],"wp:attachment":[{"href":"https:\/\/arena-ticket.com\/en\/wp-json\/wp\/v2\/media?parent=4158"}],"curies":[{"name":"wp","href":"https:\/\/api.w.org\/{rel}","templated":true}]}}