{"id":46828,"date":"2025-08-12T11:23:08","date_gmt":"2025-08-12T09:23:08","guid":{"rendered":"https:\/\/arena-ticket.com\/?page_id=46828"},"modified":"2025-09-08T12:52:27","modified_gmt":"2025-09-08T10:52:27","slug":"barrierefreiheit","status":"publish","type":"page","link":"https:\/\/arena-ticket.com\/en\/barrierefreiheit\/","title":{"rendered":"Accessibility"},"content":{"rendered":"<p><strong>Accessibility<\/strong><\/p>\n\n\n\n<p>Die ZSL Betreibergesellschaft mbH legt gro\u00dfen Wert darauf, dass unsere Website f\u00fcr alle Menschen zug\u00e4nglich ist \u2013 unabh\u00e4ngig von k\u00f6rperlichen oder technischen Einschr\u00e4nkungen. Grundlage unserer Ma\u00dfnahmen sind die Vorgaben der Barrierefreie-Informationstechnik-Verordnung (BITV 2.0) sowie die internationalen Richtlinien der Web Content Accessibility Guidelines (WCAG 2.1), Konformit\u00e4tsstufe AA.<\/p>\n\n\n\n<p>Der \u00fcberwiegende Teil unserer Inhalte wird bereits barrierefrei dargestellt. Navigation, Struktur und Aufbau der Website sind so gestaltet, dass eine einfache Bedienung und uneingeschr\u00e4nkte Informationsaufnahme m\u00f6glich ist \u2013 unabh\u00e4ngig vom verwendeten Endger\u00e4t.<\/p>\n\n\n\n<p>Wir verstehen Barrierefreiheit als fortlaufenden Prozess. Daher arbeiten wir kontinuierlich daran, bestehende H\u00fcrden zu identifizieren und abzubauen, um die Nutzerfreundlichkeit stetig zu verbessern und allen Menschen einen gleichberechtigten Zugang zu unseren Online-Angeboten zu erm\u00f6glichen.<\/p>\n\n\n\n<p><strong>Farbkontraste<\/strong><\/p>\n\n\n\n<p>Einige Elemente des Shops weisen aktuell einen geringeren Farbkontrast auf, als von den Anforderungen der WCAG 2.1, Konformit\u00e4tsstufe AA, vorgesehen. Diese Gestaltung entspricht den verbindlichen Vorgaben unseres Corporate Designs, das bestimmte Farb- und Designelemente festlegt. Anpassungen sind daher derzeit leider nicht m\u00f6glich, ohne gegen die markenspezifischen Designrichtlinien zu versto\u00dfen.<\/p>\n\n\n\n<p>Wir pr\u00fcfen jedoch kontinuierlich, wie sich k\u00fcnftige Designentscheidungen besser mit den Anforderungen der Barrierefreiheit vereinbaren lassen.<\/p>\n\n\n\n<p><strong>Kontakt und Feedback<\/strong><\/p>\n\n\n\n<p>Sollten Sie auf Barrieren sto\u00dfen oder Verbesserungsvorschl\u00e4ge haben, freuen wir uns \u00fcber Ihre R\u00fcckmeldung.<\/p>\n\n\n\n<p>Dar\u00fcber hinaus k\u00f6nnen Sie sich auch direkt an unseren externen Inklusionsbeauftragten Herrn Ronny Noske wenden.<\/p>\n\n\n\n<p><strong>Kontakt und Feedback&nbsp;<\/strong><\/p>\n\n\n\n<p>Sollten Sie auf Barrieren sto\u00dfen oder Verbesserungsvorschl\u00e4ge haben, freuen wir uns \u00fcber Ihre R\u00fcckmeldung.&nbsp;<\/p>\n\n\n\n<p>Bitte kontaktieren Sie uns per:&nbsp;<\/p>\n\n\n\n<p>E-Mail: barrierefreiheit@arena-ticket.com&nbsp;<\/p>\n\n\n\n<p>Postweg:&nbsp;<\/p>\n\n\n\n<p>ZSL Betreibergesellschaft mbH Am Sportforum 2 04105 Leipzig&nbsp;<\/p>\n\n\n\n<p>Stand der Erkl\u00e4rung: Diese Erkl\u00e4rung wurde am 08.09. 2025 erstellt.<\/p>","protected":false},"excerpt":{"rendered":"<p>Barrierefreiheit Die ZSL Betreibergesellschaft mbH legt gro\u00dfen Wert darauf, dass unsere Website f\u00fcr alle Menschen zug\u00e4nglich ist \u2013 unabh\u00e4ngig von k\u00f6rperlichen oder technischen Einschr\u00e4nkungen. Grundlage unserer Ma\u00dfnahmen sind die Vorgaben der Barrierefreie-Informationstechnik-Verordnung (BITV 2.0) sowie die internationalen Richtlinien der Web Content Accessibility Guidelines (WCAG 2.1), Konformit\u00e4tsstufe AA. Der \u00fcberwiegende Teil unserer Inhalte wird bereits barrierefrei [&hellip;]<\/p>\n","protected":false},"author":1,"featured_media":0,"parent":0,"menu_order":0,"comment_status":"closed","ping_status":"closed","template":"","meta":{"_acf_changed":false,"inline_featured_image":false,"footnotes":""},"class_list":["post-46828","page","type-page","status-publish","hentry"],"acf":[],"_links":{"self":[{"href":"https:\/\/arena-ticket.com\/en\/wp-json\/wp\/v2\/pages\/46828","targetHints":{"allow":["GET"]}}],"collection":[{"href":"https:\/\/arena-ticket.com\/en\/wp-json\/wp\/v2\/pages"}],"about":[{"href":"https:\/\/arena-ticket.com\/en\/wp-json\/wp\/v2\/types\/page"}],"author":[{"embeddable":true,"href":"https:\/\/arena-ticket.com\/en\/wp-json\/wp\/v2\/users\/1"}],"replies":[{"embeddable":true,"href":"https:\/\/arena-ticket.com\/en\/wp-json\/wp\/v2\/comments?post=46828"}],"version-history":[{"count":6,"href":"https:\/\/arena-ticket.com\/en\/wp-json\/wp\/v2\/pages\/46828\/revisions"}],"predecessor-version":[{"id":48550,"href":"https:\/\/arena-ticket.com\/en\/wp-json\/wp\/v2\/pages\/46828\/revisions\/48550"}],"wp:attachment":[{"href":"https:\/\/arena-ticket.com\/en\/wp-json\/wp\/v2\/media?parent=46828"}],"curies":[{"name":"wp","href":"https:\/\/api.w.org\/{rel}","templated":true}]}}