{"id":796,"date":"2023-06-22T14:44:29","date_gmt":"2023-06-22T12:44:29","guid":{"rendered":"https:\/\/arena.hostpress.me\/arena2024\/?page_id=796"},"modified":"2025-08-18T16:13:19","modified_gmt":"2025-08-18T14:13:19","slug":"impressum","status":"publish","type":"page","link":"https:\/\/arena-ticket.com\/en\/impressum\/","title":{"rendered":"Legal"},"content":{"rendered":"<div class=\"wp-block-group\"><div class=\"wp-block-group__inner-container is-layout-constrained wp-block-group-is-layout-constrained\">\n<p><strong>ZSL Betreibergesellschaft mbH<\/strong><br>Am Sportforum 2, 04105 Leipzig<\/p>\n\n\n\n<p>Phone: +49 341 2341 100<br>Fax: 0341\/2341101<br>E-mail:&nbsp;<a href=\"mailto:ticket@arena-ticket.com\">ticket@arena-ticket.com<\/a><\/p>\n\n\n\n<p><strong>Managing Director<\/strong><br>Prof. Dr. Michael Koelmel, Philipp Franke, Matthias Koelmel<\/p>\n\n\n\n<p><strong>HRB<\/strong><br>18466 Leipzig District Court<\/p>\n\n\n\n<p><strong>Responsible for content according to \u00a7 6 MDStV<\/strong><br>Philipp Franke, Matthias Koelmel<\/p>\n<\/div><\/div>\n\n\n\n<div class=\"wp-block-group\"><div class=\"wp-block-group__inner-container is-layout-constrained wp-block-group-is-layout-constrained\">\n<h2 class=\"wp-block-heading\">Google Analytics<\/h2>\n\n\n\n<p>This website uses Google Analytics, a web analysis service provided by Google Inc. (&quot;Google&quot;). Google Analytics uses so-called &quot;cookies&quot;, text files that are stored on your computer and which enable analysis of your use of the website.<\/p>\n\n\n\n<p>The information generated by the cookie about your use of this website (including your IP address) is transmitted to a Google server in the USA and stored there. Google will use this information to evaluate your use of the website, to compile reports on website activity for website operators and to provide other services related to website activity and internet usage. Google may also transfer this information to third parties if required by law or if third parties process this data on behalf of Google.<\/p>\n\n\n\n<p>Under no circumstances will Google associate your IP address with other Google data. You can prevent the installation of cookies by setting your browser software accordingly; However, we would like to point out that in this case you may not be able to fully use all of the functions of this website. By using this website, you agree to the processing of the data collected about you by Google in the manner and for the purpose described above.<\/p>\n\n\n\n<p>The collection and storage of data can be objected to at any time with effect for the future. In view of the discussion about the use of analysis tools with full IP addresses, we would like to point out that this website uses Google Analytics with the extension &quot;_anonymizeIp()&quot; and therefore IP addresses are only processed in abbreviated form in order to exclude any direct personal reference.<\/p>\n<\/div><\/div>\n\n\n\n<div class=\"wp-block-group\"><div class=\"wp-block-group__inner-container is-layout-constrained wp-block-group-is-layout-constrained\">\n<h2 class=\"wp-block-heading\">Disclaimer<\/h2>\n\n\n\n<p>Despite careful content control, we assume no liability for the content of external links. The operators are solely responsible for the content of the linked pages.<\/p>\n\n\n\n<p>The European Union has set up an online platform (\u201cOS platform\u201d) for the out-of-court settlement of consumer disputes that you can contact. The platform can be found at https:\/\/webgate.ec.europa.eu\/odr\/main\/?event=main.home.show.<\/p>\n<\/div><\/div>","protected":false},"excerpt":{"rendered":"<p>ZSL Betreibergesellschaft mbHAm Sportforum 2, 04105 Leipzig Tel.: +49 341 2341 100Fax: 0341\/2341101E-Mail:&nbsp;ticket@arena-ticket.com Gesch\u00e4ftsf\u00fchrerProf. Dr. Michael K\u00f6lmel, Philipp Franke, Matthias K\u00f6lmel HRB18466 Amtsgericht Leipzig Inhaltlich Verantwortlicher gem\u00e4\u00df \u00a7 6 MDStVPhilipp Franke, Matthias K\u00f6lmel Google Analytics Diese Website benutzt Google Analytics, einen Webanalysedienst der Google Inc. (\u201eGoogle\") Google Analytics verwendet sog. \u201eCookies\", Textdateien, die auf Ihrem [&hellip;]<\/p>\n","protected":false},"author":1,"featured_media":0,"parent":0,"menu_order":0,"comment_status":"closed","ping_status":"closed","template":"","meta":{"_acf_changed":false,"inline_featured_image":false,"footnotes":""},"class_list":["post-796","page","type-page","status-publish","hentry"],"acf":[],"_links":{"self":[{"href":"https:\/\/arena-ticket.com\/en\/wp-json\/wp\/v2\/pages\/796","targetHints":{"allow":["GET"]}}],"collection":[{"href":"https:\/\/arena-ticket.com\/en\/wp-json\/wp\/v2\/pages"}],"about":[{"href":"https:\/\/arena-ticket.com\/en\/wp-json\/wp\/v2\/types\/page"}],"author":[{"embeddable":true,"href":"https:\/\/arena-ticket.com\/en\/wp-json\/wp\/v2\/users\/1"}],"replies":[{"embeddable":true,"href":"https:\/\/arena-ticket.com\/en\/wp-json\/wp\/v2\/comments?post=796"}],"version-history":[{"count":1,"href":"https:\/\/arena-ticket.com\/en\/wp-json\/wp\/v2\/pages\/796\/revisions"}],"predecessor-version":[{"id":47435,"href":"https:\/\/arena-ticket.com\/en\/wp-json\/wp\/v2\/pages\/796\/revisions\/47435"}],"wp:attachment":[{"href":"https:\/\/arena-ticket.com\/en\/wp-json\/wp\/v2\/media?parent=796"}],"curies":[{"name":"wp","href":"https:\/\/api.w.org\/{rel}","templated":true}]}}