{"id":10869,"date":"2024-05-08T16:45:18","date_gmt":"2024-05-08T14:45:18","guid":{"rendered":"https:\/\/arena-ticket.com\/?p=10869&#038;post_type=product&#038;preview_id=10869"},"modified":"2025-05-26T14:49:34","modified_gmt":"2025-05-26T12:49:34","slug":"ludovico-einaudi-germany-tour-2025-leipzig-quarterback-immobilien-arena-28-02-2025-1900-uhr","status":"publish","type":"product","link":"https:\/\/arena-ticket.com\/en\/product\/ludovico-einaudi-germany-tour-2025-leipzig-quarterback-immobilien-arena-28-02-2025-1900-uhr\/","title":{"rendered":"Ludovico Einaudi - Germany Tour 2025"},"content":{"rendered":"<p>***Das Veranstaltungsticket enth\u00e4lt die Fahrtberechtigung f\u00fcr alle Verkehrsmittel des MDV (Tarifzone 110) 4 Stunden vor + nach der Veranstaltung***<\/p>\n<p>&nbsp;<\/p>\n<p>Der Pianist und Komponist Ludovico Einaudi wurde am 23. November 1955 in Turin<br \/>\ngeboren. Vielleicht war es seine Mutter, eine Amateurpianistin, die ihn zum ersten<br \/>\nMal mit der Musik in Ber\u00fchrung brachte und damit den Grundstein f\u00fcr seine sp\u00e4tere<br \/>\ngl\u00e4nzende Karriere legte. Sein Musikstudium legte er am Konservatorium von Turin<br \/>\nund am Konservatorium von Mailand ab. Aufgrund seiner Begabung erhielt er 1982 ein<br \/>\nStipendium f\u00fcr das Tanglewood Music Festival, wo er erstmals mit dem<br \/>\namerikanischen Minimalismus in Ber\u00fchrung kam. Er ist ein Komponist und K\u00fcnstler,<br \/>\nder sich mittlerweile in vielen Genres zuhause f\u00fchlt. Er komponiert f\u00fcr das Ballett,<br \/>\ndas Kino und das Theater sowie zahlreiche St\u00fccke f\u00fcr Orchester und Ensemble.<br \/>\nMit \u201eLe Onde\u201c [Die Wellen] (1996), seinem ersten Soloalbum, erlangte Ludovico<br \/>\nEinaudi die ungeteilte Aufmerksamkeit der Klavierwelt. Daran kn\u00fcpfte er mit seinen<br \/>\nn\u00e4chsten Ver\u00f6ffentlichungen an, \u201eEden Roc\u201c (1999), \u201eI giorni\u201c (2001) und \u201eDiario Mali\u201c<br \/>\n(2003). Auf seinem n\u00e4chsten Studioalbum \u201eUna mattina\u201c, das 2004 erschien, wird<br \/>\nEinaudis Musik konzentrierter und introspektiver, w\u00e4hrend sie sich auf dem<br \/>\nfolgenden Album \u201eDivenire\u201c ausweitet. Beide Platten, die bereits die Klassikcharts<br \/>\nanf\u00fchrten, schafften erstmals auch den Sprung in die Pop-Charts.<br \/>\nDie Filmmusik, die er 2002 f\u00fcr die Neuverfilmung von \u201eDoktor Schiwago\u201c schrieb,<br \/>\nwurde auf dem New Yorker Filmfestival ausgezeichnet. Es dauerte nicht lange bis<br \/>\nLudovico Einaudi begann, in immer wichtigeren Konzerts\u00e4len aufzutreten. Auch<br \/>\nw\u00e4hrend ausgedehnter Welttourneen h\u00f6rte er nicht auf, neue Musik zu schreiben. Das<br \/>\n2015 erschienene Album \u201eElements\u201c entstand \u201eaus dem Wunsch, neu zu beginnen<br \/>\nund andere Wege zu gehen\u201c. In den folgenden drei Jahren verkaufte die dazugeh\u00f6rige<br \/>\nTournee sowohl die wichtigsten Pop-Arenen der Welt als auch die renommiertesten<br \/>\nklassischen Konzerts\u00e4le aus, darunter auch ein Konzert im Derby Park in Hamburg.<br \/>\nIm Februar und M\u00e4rz 2025 stattet Ludovico Einaudi Deutschland erneut einen Besuch<br \/>\nab, diesmal mit einer gro\u00dffl\u00e4chigen Arena-Tour, die acht Konzerte umfasst. In K\u00f6ln,<br \/>\nHannover, Mannheim, M\u00fcnchen, Stuttgart, Leipzig, Dortmund und Hamburg wird es<br \/>\ndie M\u00f6glichkeit geben, den Kl\u00e4ngen des italienischen Star-Komponisten zu lauschen.<\/p>\n<p>&nbsp;<\/p>\n<p>credit Ludovico Einaudi<\/p>\n","protected":false},"excerpt":{"rendered":"<p>Italian star composer on arena tour through Germany<\/p>","protected":false},"featured_media":10880,"template":"","meta":{"_acf_changed":false,"inline_featured_image":false},"product_brand":[],"product_cat":[31,6741,69,86,35,37,21,22,58],"product_tag":[1007,1060,279,2640,941,1916,3064,1005,942,951,943,2639,3063,84,945,947,1006,973,1024,948],"class_list":{"0":"post-10869","1":"product","2":"type-product","3":"status-publish","4":"has-post-thumbnail","6":"product_cat-events","7":"product_cat-klassik","8":"product_cat-konzert","9":"product_cat-leipzig","10":"product_cat-orte","11":"product_cat-quarterback-immobilien-arena","12":"product_cat-ticket","13":"product_cat-ticketupgrades-zusatzleistungen","14":"product_cat-veranstaltung","15":"product_tag-zusatzleistungen","16":"product_tag-1060","17":"product_tag-arena","18":"product_tag-einaudi","19":"product_tag-events","20":"product_tag-germany","21":"product_tag-germany-tour-2025","22":"product_tag-immobilien","23":"product_tag-konzert","24":"product_tag-kultur","25":"product_tag-leipzig","26":"product_tag-ludovico","27":"product_tag-ludovico-einaudi","28":"product_tag-quarterback","29":"product_tag-quarterback-immobilien-arena","30":"product_tag-ticket","31":"product_tag-ticketupgrades","32":"product_tag-ticketupgrades-zusatzleistungen","33":"product_tag-tour","34":"product_tag-veranstaltung","35":"product_shipping_class-abholung_paketversand","36":"pa_discount-inklusive-begleitperson","37":"pa_discount-kind","38":"pa_discount-normalpreis","39":"pa_discount-vip-sitzplatz","40":"pa_preiskategorie-front-of-stage-stehplatz","41":"pa_preiskategorie-ggv-up","42":"pa_preiskategorie-golden-circle-sitzplatz","43":"pa_preiskategorie-pgv-up","44":"pa_preiskategorie-pk-i","45":"pa_preiskategorie-pk-ii","46":"pa_preiskategorie-pk-iii","47":"pa_preiskategorie-pk-iv","48":"pa_preiskategorie-pk-v","49":"pa_preiskategorie-rollstuhlfahrer","50":"pa_preiskategorie-stehplatz","51":"pa_preiskategorie-vip-package-backstage-club","52":"pa_preiskategorie-vipu-up","54":"first","55":"outofstock","56":"taxable","57":"shipping-taxable","58":"purchasable","59":"product-type-variable"},"group_of_quantity":0,"min_quantity":0,"max_quantity":"","exclude_order_quantity_value_rules":"no","exclude_category_quantity_rules":"no","combine_variations":"no","acf":[],"_links":{"self":[{"href":"https:\/\/arena-ticket.com\/en\/wp-json\/wp\/v2\/product\/10869","targetHints":{"allow":["GET"]}}],"collection":[{"href":"https:\/\/arena-ticket.com\/en\/wp-json\/wp\/v2\/product"}],"about":[{"href":"https:\/\/arena-ticket.com\/en\/wp-json\/wp\/v2\/types\/product"}],"wp:featuredmedia":[{"embeddable":true,"href":"https:\/\/arena-ticket.com\/en\/wp-json\/wp\/v2\/media\/10880"}],"wp:attachment":[{"href":"https:\/\/arena-ticket.com\/en\/wp-json\/wp\/v2\/media?parent=10869"}],"wp:term":[{"taxonomy":"product_brand","embeddable":true,"href":"https:\/\/arena-ticket.com\/en\/wp-json\/wp\/v2\/product_brand?post=10869"},{"taxonomy":"product_cat","embeddable":true,"href":"https:\/\/arena-ticket.com\/en\/wp-json\/wp\/v2\/product_cat?post=10869"},{"taxonomy":"product_tag","embeddable":true,"href":"https:\/\/arena-ticket.com\/en\/wp-json\/wp\/v2\/product_tag?post=10869"}],"curies":[{"name":"wp","href":"https:\/\/api.w.org\/{rel}","templated":true}]}}