{"id":11256,"date":"2024-05-16T19:02:58","date_gmt":"2024-05-16T17:02:58","guid":{"rendered":"https:\/\/arena-ticket.com\/?p=11256&#038;post_type=product&#038;preview_id=11256"},"modified":"2025-01-10T16:24:26","modified_gmt":"2025-01-10T15:24:26","slug":"ennio-schlaraffenland-tour-2024-leipzig-felsenkeller-17-11-2024-2000-uhr","status":"publish","type":"product","link":"https:\/\/arena-ticket.com\/en\/product\/ennio-schlaraffenland-tour-2024-leipzig-felsenkeller-17-11-2024-2000-uhr\/","title":{"rendered":"ENNIO - Schlaraffenland Tour 2024"},"content":{"rendered":"<p>&nbsp;<\/p>\n<p>Ausverkaufte Headline Tour, ein voller Festival Sommer, New Music Award Gewinner, EP Release und und und - ein Highlight jagt das N\u00e4chste. Mit einer explosiven sowie gef\u00fchlvollen Live Show, tiefgr\u00fcndigen Texten und einem unwiderstehlichen Sound in seinen einzigartigen Songs hat ENNIO sich in k\u00fcrzester Zeit zum Shootingstar der Indie Szene entwickelt.<\/p>\n<p>Im Jahr 2021 st\u00fcrmte der junge Musiker mit seiner Deb\u00fctsingle \"Blaulicht\" die Musikwelt. Gleichzeitig macht er seine ersten Auftritte als Support von Provinz, Jeremias und MAJAN. Seine Social-Media-Follower schossen durch die Decke, und K\u00fcnstlergr\u00f6\u00dfen wie Casper, Kummer, Paula Hartmann und Jeremias bekannten sich als Fans. Seine Songs knackten schnell die magische Marke von 10 Millionen Streams und Tracks wie \"Kippe\" und \"Unendlichkeit\" oder \u201cRimini\u201d wurden regelm\u00e4\u00dfige G\u00e4ste in den Playlists von 1Live, N-Joy, BR Puls, Radio Fritz und MDR Sputnik und erobern seitdem immer wieder die deutschen Airplay-Charts. ENNIO beeindruckte nicht nur mit seinen packenden Live-Shows auf Festivals wie dem Superbloom, Deichbrand oder Frequencies, sondern auch mit seiner markanten tiefen Stimme, mitrei\u00dfenden Texten und einzigartig Song-Produktionen.<\/p>\n<p>2022 holte sich ENNIO den \"New Music Award\" als Newcomer des Jahres. P\u00fcnktlich zur ersten eigenen Tour \"Die Erste Tour 2022\", die sofort ausverkauft war, brachte der M\u00fcnchner dann sein Deb\u00fctalbum \"Nirvana\" heraus. Neben Songs wie \"Kippe\" (\u201cEnnio ver\u00f6ffentlichte [...] mit \u201eKippe\u201c eines der sch\u00f6nsten deutschsprachigen Liebeslieder der letzten Jahre.\u201d - Diffus (7.9.23)) und dem Punk-Pop-Song \"Wand\" kr\u00f6nte ENNIO sich mit dem gleichnamigen Song zum \u201cK\u00f6nig der Nachbarschaft\u201d.<\/p>\n<p>Ennio\u2019s Songs fallen auf, brechen aus den g\u00e4ngigen Mustern der deutschen Musikszene aus und zeigen eine enorme Bandbreite musikalischer Vielfalt und Emotionen. Im April 2023 droppte ENNIO sein Tape \"Rimini\", das f\u00fcnf neue Songs beinhaltet, darunter zwei bisher unver\u00f6ffentlichte Tracks und zwei Cover-Songs. Ein Highlight des Tapes war der sommerliche Song \"Rimini\", ein atmosph\u00e4rischer Alternative-Pop-Track \u00fcber die Suche nach dem eigenen Selbst, so wie es DIFFUS beschrieb.<\/p>\n<p>Dieses Jahr (2023) stand ENNIO auf \u00fcber 30 verschiedenen Festivals auf der B\u00fchne, darunter auch als Support f\u00fcr die renommierte Band Kraftklub. Dabei begeisterte er das Publikum mit einer perfekten Mischung aus sentimentalen Liebesliedern und energiegeladenen Songs mit Moshpit-Potenzial, wie radioeins bemerkte. Der absolute H\u00f6hepunkt des Jahres ist zweifellos seine zweite Tour \"Ennio 2023 Live\" im Herbst, die aufgrund der enormen Nachfrage mehrmals in gr\u00f6\u00dfere Venue\u2019s verlegt werden musste und restlos ausverkauft ist. Hier wird Ennio bereits Teile seines kommendes Albums \u201cSchlaraffenland\u201d, welches im Sommer 2024 ver\u00f6ffentlicht wird, vorstellen. Zum Tour Auftakt ver\u00f6ffentlicht der Musiker zudem die erste Single \u201cUtopie\u201d (05.10.23) aus dem kommenden Album und macht Vorfreude auf viele neue Songs, Features, sowie eine gro\u00dfe Tour und ein eigenes Festival in 2024.<\/p>\n","protected":false},"excerpt":{"rendered":"<p>With new music from the album &quot;Schlaraffenland&quot; ENNIO will go on a tour of the same name in 2024!<\/p>","protected":false},"featured_media":11258,"template":"","meta":{"_acf_changed":false,"inline_featured_image":false},"product_brand":[],"product_cat":[31,348,69,86,35,21,58],"product_tag":[1025,1724,1142,1921,941,1476,2699,942,943,1569,944,2701,2906,947,1024,948,2700],"class_list":{"0":"post-11256","1":"product","2":"type-product","3":"status-publish","4":"has-post-thumbnail","6":"product_cat-events","7":"product_cat-felsenkeller","8":"product_cat-konzert","9":"product_cat-leipzig","10":"product_cat-orte","11":"product_cat-ticket","12":"product_cat-veranstaltung","13":"product_tag-1025","14":"product_tag-30th","15":"product_tag-anniversary","16":"product_tag-ennio","17":"product_tag-events","18":"product_tag-felsenkeller","19":"product_tag-hot","20":"product_tag-konzert","21":"product_tag-leipzig","22":"product_tag-music","23":"product_tag-orte","24":"product_tag-schlaraffenland","25":"product_tag-schlaraffenland-tour-2024","26":"product_tag-ticket","27":"product_tag-tour","28":"product_tag-veranstaltung","29":"product_tag-water","30":"product_shipping_class-nur_paketversand","31":"pa_discount-normalpreis","32":"pa_preiskategorie-stehplatz","34":"first","35":"outofstock","36":"taxable","37":"shipping-taxable","38":"purchasable","39":"product-type-variable"},"group_of_quantity":0,"min_quantity":0,"max_quantity":"","exclude_order_quantity_value_rules":"no","exclude_category_quantity_rules":"no","combine_variations":"no","acf":[],"_links":{"self":[{"href":"https:\/\/arena-ticket.com\/en\/wp-json\/wp\/v2\/product\/11256","targetHints":{"allow":["GET"]}}],"collection":[{"href":"https:\/\/arena-ticket.com\/en\/wp-json\/wp\/v2\/product"}],"about":[{"href":"https:\/\/arena-ticket.com\/en\/wp-json\/wp\/v2\/types\/product"}],"wp:featuredmedia":[{"embeddable":true,"href":"https:\/\/arena-ticket.com\/en\/wp-json\/wp\/v2\/media\/11258"}],"wp:attachment":[{"href":"https:\/\/arena-ticket.com\/en\/wp-json\/wp\/v2\/media?parent=11256"}],"wp:term":[{"taxonomy":"product_brand","embeddable":true,"href":"https:\/\/arena-ticket.com\/en\/wp-json\/wp\/v2\/product_brand?post=11256"},{"taxonomy":"product_cat","embeddable":true,"href":"https:\/\/arena-ticket.com\/en\/wp-json\/wp\/v2\/product_cat?post=11256"},{"taxonomy":"product_tag","embeddable":true,"href":"https:\/\/arena-ticket.com\/en\/wp-json\/wp\/v2\/product_tag?post=11256"}],"curies":[{"name":"wp","href":"https:\/\/api.w.org\/{rel}","templated":true}]}}