{"id":11834,"date":"2024-05-31T11:48:05","date_gmt":"2024-05-31T09:48:05","guid":{"rendered":"https:\/\/arena-ticket.com\/?p=11834&#038;post_type=product&#038;preview_id=11834"},"modified":"2025-01-07T11:52:07","modified_gmt":"2025-01-07T10:52:07","slug":"weiber-ein-heisser-maedelsabend-halle-steintor-variete-16-02-2025-1900-uhr","status":"publish","type":"product","link":"https:\/\/arena-ticket.com\/en\/product\/weiber-ein-heisser-maedelsabend-halle-steintor-variete-16-02-2025-1900-uhr\/","title":{"rendered":"WEIBER  - \u201eEin hei\u00dfer M\u00e4delsabend!\u201c"},"content":{"rendered":"<h3 class=\"fusion-responsive-typography-calculated\" data-fontsize=\"26\" data-lineheight=\"42.12px\"><\/h3>\n<p>Three women chattering so wildly that you can hardly understand a word:<br \/>\nB\u00e4rbel, Anke and Claudia! And they&#039;re in a hurry! 20 years after their last performance, they have one hour to get fit for the stage again. Moni from their former dance club is celebrating her 50th birthday and the three of them have to step in, an &quot;emergency&quot;. The planned wellness weekend doesn&#039;t happen. The lavish selection of spirits is conquered and the rest happens automatically - totally chaotic! From &quot;I&#039;m all Pina Colada&quot; with bar shakers to the malicious song &quot;Yeast&quot;, which ruthlessly sums up the nasty truth: &quot;There&#039;s a piece of yeast in every woman.<br \/>\nThe little slut acts as if she were sleeping. But suddenly the time comes, women, be ready, then the yeast will rise. That&#039;s our life story!&quot; But it is not possible to work purposefully on the upcoming performance. The men are to blame, who are not on stage, but are constantly present on the phone as a topic of conversation and gossip. Claudia&#039;s cell phone rings every ten minutes. Her husband S\u00f6ren, clearly a hypochondriac, has hardened lumps on his back. &quot;S\u00f6ren, those are not malignant tumors - that&#039;s your spine.&quot; Claudi has two affairs, apparently with a noble motive: &quot;I&#039;m not doing this for myself, but to take the pressure off S\u00f6ren.&quot; B\u00e4rbel has lost her heart to her boss. But he is interested in a new employee, a twelve-year-old, according to B\u00e4rbel&#039;s estimate.&quot; Women are impressed by their self-irony. Three girls in a party mood who make fun of their own weaknesses in a very endearing way! \u2013 Combined with lots of music, a colorful mix of well-known songs.<\/p>","protected":false},"excerpt":{"rendered":"<p class=\"fusion-responsive-typography-calculated\" data-fontsize=\"26\" data-lineheight=\"42.12px\">The successful musical comedy by Martina Fl\u00fcgge<\/p>\n<p class=\"fusion-responsive-typography-calculated\" data-fontsize=\"26\" data-lineheight=\"42.12px\">What has been selling out venues for months in Bremen, Kiel, L\u00fcbeck and other cities for years is finally going on tour to more than 30 other cities!<\/p>\n<p class=\"fusion-responsive-typography-calculated\" data-fontsize=\"26\" data-lineheight=\"42.12px\">After 20 years they are rocking the stage again!<\/p>","protected":false},"featured_media":11839,"template":"","meta":{"_acf_changed":false,"inline_featured_image":false},"product_brand":[],"product_cat":[31,102,69,35,496,58],"product_tag":[],"class_list":{"0":"post-11834","1":"product","2":"type-product","3":"status-publish","4":"has-post-thumbnail","6":"product_cat-events","7":"product_cat-halle","8":"product_cat-konzert","9":"product_cat-orte","10":"product_cat-steintor-variete","11":"product_cat-veranstaltung","12":"product_shipping_class-nur_paketversand","13":"pa_discount-normalpreis","14":"pa_preiskategorie-pk-i","15":"pa_preiskategorie-pk-ii","16":"pa_preiskategorie-pk-iii","17":"pa_preiskategorie-pk-iv","19":"first","20":"instock","21":"taxable","22":"shipping-taxable","23":"purchasable","24":"product-type-variable","25":"has-default-attributes"},"group_of_quantity":0,"min_quantity":0,"max_quantity":"","exclude_order_quantity_value_rules":"no","exclude_category_quantity_rules":"no","combine_variations":"no","acf":[],"_links":{"self":[{"href":"https:\/\/arena-ticket.com\/en\/wp-json\/wp\/v2\/product\/11834","targetHints":{"allow":["GET"]}}],"collection":[{"href":"https:\/\/arena-ticket.com\/en\/wp-json\/wp\/v2\/product"}],"about":[{"href":"https:\/\/arena-ticket.com\/en\/wp-json\/wp\/v2\/types\/product"}],"wp:featuredmedia":[{"embeddable":true,"href":"https:\/\/arena-ticket.com\/en\/wp-json\/wp\/v2\/media\/11839"}],"wp:attachment":[{"href":"https:\/\/arena-ticket.com\/en\/wp-json\/wp\/v2\/media?parent=11834"}],"wp:term":[{"taxonomy":"product_brand","embeddable":true,"href":"https:\/\/arena-ticket.com\/en\/wp-json\/wp\/v2\/product_brand?post=11834"},{"taxonomy":"product_cat","embeddable":true,"href":"https:\/\/arena-ticket.com\/en\/wp-json\/wp\/v2\/product_cat?post=11834"},{"taxonomy":"product_tag","embeddable":true,"href":"https:\/\/arena-ticket.com\/en\/wp-json\/wp\/v2\/product_tag?post=11834"}],"curies":[{"name":"wp","href":"https:\/\/api.w.org\/{rel}","templated":true}]}}