{"id":12139,"date":"2024-06-05T17:41:26","date_gmt":"2024-06-05T15:41:26","guid":{"rendered":"https:\/\/arena-ticket.com\/?p=12139&#038;post_type=product&#038;preview_id=12139"},"modified":"2025-10-14T16:42:58","modified_gmt":"2025-10-14T14:42:58","slug":"die-herren-wesselsky-heute-schon-gelebt-tour-dresden-reithalle-strasse-e-25-01-2025-2030-uhr","status":"publish","type":"product","link":"https:\/\/arena-ticket.com\/en\/product\/die-herren-wesselsky-heute-schon-gelebt-tour-dresden-reithalle-strasse-e-25-01-2025-2030-uhr\/","title":{"rendered":"Die Herren Wesselsky - Heute schon gelebt? Tour"},"content":{"rendered":"<p>Das Projekt \"Die Herren Wesselsky\" ist leider Geschichte. So sehe ich mich schweren Herzen gezwungen, die - bereits einmal verschobene - Tour 2026 abzusagen. Ich m\u00f6chte mich f\u00fcr die bereits entstandenen und sich nochmals ergebenden Umst\u00e4nde und Unannehmlichkeiten entschuldigen. Es ist uns leider nicht mal ansatzweise gelungen, seit der Tourverlegung von 2025 nach 2026, Tickets zu verkaufen. Gerne h\u00e4tten wir Euch unser \"Gutes von gestern - Wesselskys best of Megaherz 1993-2002\"- Programm, hart aber herzlich um die Ohren gehauen, aber vor fast niemandem zu spielen n\u00fctzt niemandem. Ich sage nochmals Dank an alle Supporter und Ticketbehalter. Ich habe eine Lektion gelernt. Fehler machen Leute und aus den Fehlern werde ich lernen und etwas gutes wird aus dem Schlamassel entstehen. Das ist ein Versprechen. Auf kalt und von ganzem Herzen! Euer Alex<\/p>\n<p>PS: Alle bereits gekauften Tickets k\u00f6nnen an den jeweiligen Vorverkaufsstellen zur\u00fcckgegeben werden!<\/p>\n<p>&nbsp;<\/p>","protected":false},"excerpt":{"rendered":"<p>MHZ songs from \u201cHerzwerk zu Herzwerk\u201c 1993-2001<\/p>","protected":false},"featured_media":51607,"template":"","meta":{"_acf_changed":false,"inline_featured_image":false},"product_brand":[],"product_cat":[87,31,69,35,480,21,58],"product_tag":[2892,940,941,2893,942,944,2905,947,948],"class_list":{"0":"post-12139","1":"product","2":"type-product","3":"status-publish","4":"has-post-thumbnail","6":"product_cat-dresden","7":"product_cat-events","8":"product_cat-konzert","9":"product_cat-orte","10":"product_cat-reithalle-strasse-e","11":"product_cat-ticket","12":"product_cat-veranstaltung","13":"product_tag-die-herren-wesselsky","14":"product_tag-dresden","15":"product_tag-events","16":"product_tag-heute-schon-gelebt-tour","17":"product_tag-konzert","18":"product_tag-orte","19":"product_tag-reithalle-strasse-e","20":"product_tag-ticket","21":"product_tag-veranstaltung","22":"product_shipping_class-nur_paketversand","23":"pa_discount-normalpreis","24":"pa_preiskategorie-stehplatz","26":"first","27":"outofstock","28":"taxable","29":"shipping-taxable","30":"purchasable","31":"product-type-variable"},"group_of_quantity":0,"min_quantity":0,"max_quantity":"","exclude_order_quantity_value_rules":"no","exclude_category_quantity_rules":"no","combine_variations":"no","acf":[],"_links":{"self":[{"href":"https:\/\/arena-ticket.com\/en\/wp-json\/wp\/v2\/product\/12139","targetHints":{"allow":["GET"]}}],"collection":[{"href":"https:\/\/arena-ticket.com\/en\/wp-json\/wp\/v2\/product"}],"about":[{"href":"https:\/\/arena-ticket.com\/en\/wp-json\/wp\/v2\/types\/product"}],"wp:featuredmedia":[{"embeddable":true,"href":"https:\/\/arena-ticket.com\/en\/wp-json\/wp\/v2\/media\/51607"}],"wp:attachment":[{"href":"https:\/\/arena-ticket.com\/en\/wp-json\/wp\/v2\/media?parent=12139"}],"wp:term":[{"taxonomy":"product_brand","embeddable":true,"href":"https:\/\/arena-ticket.com\/en\/wp-json\/wp\/v2\/product_brand?post=12139"},{"taxonomy":"product_cat","embeddable":true,"href":"https:\/\/arena-ticket.com\/en\/wp-json\/wp\/v2\/product_cat?post=12139"},{"taxonomy":"product_tag","embeddable":true,"href":"https:\/\/arena-ticket.com\/en\/wp-json\/wp\/v2\/product_tag?post=12139"}],"curies":[{"name":"wp","href":"https:\/\/api.w.org\/{rel}","templated":true}]}}