{"id":12196,"date":"2024-06-06T11:06:37","date_gmt":"2024-06-06T09:06:37","guid":{"rendered":"https:\/\/arena-ticket.com\/?p=12196&#038;post_type=product&#038;preview_id=12196"},"modified":"2025-01-10T16:21:05","modified_gmt":"2025-01-10T15:21:05","slug":"amigos-das-beste-vom-besten-grimma-ggi-muldentalhalle-28-09-2024-1600-uhr","status":"publish","type":"product","link":"https:\/\/arena-ticket.com\/en\/product\/amigos-das-beste-vom-besten-grimma-ggi-muldentalhalle-28-09-2024-1600-uhr\/","title":{"rendered":"Amigos - Das Beste vom Besten"},"content":{"rendered":"<p><strong>You are far from finished!<\/strong><\/p>\n<p>They are the most successful pop duo in Europe and are storming from chart success to chart success. Their albums have already reached number 1 in the German album charts an incredible 15 times, the last 14 even in a row. And they still haven&#039;t had enough. Their 25th studio album &quot;Atlantis wird leben&quot; will be released in June 2023 and the first single &quot;Pharaoh&quot; already gives an idea of where the journey is going again. It is almost a given that\u00a0<strong>The Amigos,<\/strong>\u00a0Bernd and Karl-Heinz have to present this album together with their well-known hits once again on a big tour of Germany! Together with THOMANN Artist Management and their equally successful daughter\/niece\u00a0<strong>Daniela Alfinito<\/strong>\u00a0In 2024 they will go to the \u201c<strong>The best of the best<\/strong>\u201c-tour and will once again show their fans a very special show.<\/p>\n<p>Two down-to-earth and likeable brothers who have dedicated their lives to music \u2013 Bernd and Karl-Heinz Ulrich are\u00a0<strong>for over 50 years<\/strong>\u00a0the\u00a0<strong>Friends<\/strong>As pop composers and real live musicians, they stand for continuity and honesty in the fast-moving music business, and they stood by German-language music even in times when it was frowned upon by many. Many fans of the &quot;Amigos&quot; grew up with their hits. Many know them from their time as young men or women. The &quot;Amigos&quot; brothers Bernd and Karl-Heinz Ulrich can also remember those wonderful days well. &quot;Back then, we played at weddings and anniversaries every weekend after our regular work.&quot;<\/p>\n<p>Romance and deep feelings are brought to life by the chart-topper\u00a0<strong>Daniela Alfinito<\/strong>\u00a0is very important. Music was practically in her blood, as she is the daughter and niece of Europe&#039;s most successful pop duo, the Amigos. Daniela&#039;s album &quot;Du warst jeder Tr\u00e4ne wert&quot; reached number 1 in the German charts in 2019. She also pushed Udo Lindenberg off the throne, among others. The singer of the year 2021 proved that &quot;Du warst jeder Tr\u00e4ne wert&quot; was no flash in the pan with her albums &quot;Liebes-Tattoo&quot;, &quot;Splitter aus Gl\u00fcck&quot;, &quot;L\u00f6wenmut&quot; and &quot;Frei und grenzenlos&quot;. All four immediately shot to the top of the charts in Germany, Austria and Switzerland.<\/p>","protected":false},"excerpt":{"rendered":"<p>Don\u2019t miss out on this ultimate hit package \u2013 a unique musical treat at its finest.<\/p>","protected":false},"featured_media":12205,"template":"","meta":{"_acf_changed":false,"inline_featured_image":false},"product_brand":[],"product_cat":[31,2800,2799,69,35,58],"product_tag":[3087,3088,941,3080,3079,942,948],"class_list":{"0":"post-12196","1":"product","2":"type-product","3":"status-publish","4":"has-post-thumbnail","6":"product_cat-events","7":"product_cat-ggi-muldentalhalle","8":"product_cat-grimma","9":"product_cat-konzert","10":"product_cat-orte","11":"product_cat-veranstaltung","12":"product_tag-amigos","13":"product_tag-das-beste-vom-besten","14":"product_tag-events","15":"product_tag-ggi-muldentalhalle","16":"product_tag-grimma","17":"product_tag-konzert","18":"product_tag-veranstaltung","19":"product_shipping_class-nur_paketversand","20":"pa_discount-normalpreis","21":"pa_preiskategorie-pk-i","22":"pa_preiskategorie-pk-ii","23":"pa_preiskategorie-pk-iii","25":"first","26":"outofstock","27":"taxable","28":"shipping-taxable","29":"purchasable","30":"product-type-variable"},"group_of_quantity":0,"min_quantity":0,"max_quantity":"","exclude_order_quantity_value_rules":"no","exclude_category_quantity_rules":"no","combine_variations":"no","acf":[],"_links":{"self":[{"href":"https:\/\/arena-ticket.com\/en\/wp-json\/wp\/v2\/product\/12196","targetHints":{"allow":["GET"]}}],"collection":[{"href":"https:\/\/arena-ticket.com\/en\/wp-json\/wp\/v2\/product"}],"about":[{"href":"https:\/\/arena-ticket.com\/en\/wp-json\/wp\/v2\/types\/product"}],"wp:featuredmedia":[{"embeddable":true,"href":"https:\/\/arena-ticket.com\/en\/wp-json\/wp\/v2\/media\/12205"}],"wp:attachment":[{"href":"https:\/\/arena-ticket.com\/en\/wp-json\/wp\/v2\/media?parent=12196"}],"wp:term":[{"taxonomy":"product_brand","embeddable":true,"href":"https:\/\/arena-ticket.com\/en\/wp-json\/wp\/v2\/product_brand?post=12196"},{"taxonomy":"product_cat","embeddable":true,"href":"https:\/\/arena-ticket.com\/en\/wp-json\/wp\/v2\/product_cat?post=12196"},{"taxonomy":"product_tag","embeddable":true,"href":"https:\/\/arena-ticket.com\/en\/wp-json\/wp\/v2\/product_tag?post=12196"}],"curies":[{"name":"wp","href":"https:\/\/api.w.org\/{rel}","templated":true}]}}