{"id":12212,"date":"2024-06-06T11:54:43","date_gmt":"2024-06-06T09:54:43","guid":{"rendered":"https:\/\/arena-ticket.com\/?p=12212&#038;post_type=product&#038;preview_id=12212"},"modified":"2025-05-27T12:42:46","modified_gmt":"2025-05-27T10:42:46","slug":"schubert-straeter-und-koenig-gipfeltreffen-live-borna-volksplatz-borna-27-08-2025-2000-uhr","status":"publish","type":"product","link":"https:\/\/arena-ticket.com\/en\/product\/schubert-straeter-und-koenig-gipfeltreffen-live-borna-volksplatz-borna-27-08-2025-2000-uhr\/","title":{"rendered":"Schubert, Str\u00e4ter und K\u00f6nig - Gipfeltreffen Live!"},"content":{"rendered":"<p>The trio Torsten Str\u00e4ter, Johann K\u00f6nig and Olaf Schubert share their knowledge with the world. They try to answer the big questions of life in order to save the world.<\/p>","protected":false},"excerpt":{"rendered":"<div class=\"event__header\" data-v-331ed750=\"\">Secure your tickets!<\/div>","protected":false},"featured_media":12218,"template":"","meta":{"_acf_changed":false,"inline_featured_image":false},"product_brand":[],"product_cat":[2796,6725,31,95,35,58,2798],"product_tag":[3095,954,941,3093,3092,948,3096],"class_list":{"0":"post-12212","1":"product","2":"type-product","3":"status-publish","4":"has-post-thumbnail","6":"product_cat-borna","7":"product_cat-comedy","8":"product_cat-events","9":"product_cat-humor","10":"product_cat-orte","11":"product_cat-veranstaltung","12":"product_cat-volksplatz-borna","13":"product_tag-borna","14":"product_tag-comedy","15":"product_tag-events","16":"product_tag-gipfeltreffen-live","17":"product_tag-schubert-straeter-und-koenig","18":"product_tag-veranstaltung","19":"product_tag-volksplatz-borna","20":"product_shipping_class-nur_paketversand","21":"pa_discount-normalpreis","22":"pa_preiskategorie-freie-platzwahl","24":"first","25":"outofstock","26":"taxable","27":"shipping-taxable","28":"purchasable","29":"product-type-variable"},"group_of_quantity":0,"min_quantity":0,"max_quantity":"","exclude_order_quantity_value_rules":"no","exclude_category_quantity_rules":"no","combine_variations":"no","acf":[],"_links":{"self":[{"href":"https:\/\/arena-ticket.com\/en\/wp-json\/wp\/v2\/product\/12212","targetHints":{"allow":["GET"]}}],"collection":[{"href":"https:\/\/arena-ticket.com\/en\/wp-json\/wp\/v2\/product"}],"about":[{"href":"https:\/\/arena-ticket.com\/en\/wp-json\/wp\/v2\/types\/product"}],"wp:featuredmedia":[{"embeddable":true,"href":"https:\/\/arena-ticket.com\/en\/wp-json\/wp\/v2\/media\/12218"}],"wp:attachment":[{"href":"https:\/\/arena-ticket.com\/en\/wp-json\/wp\/v2\/media?parent=12212"}],"wp:term":[{"taxonomy":"product_brand","embeddable":true,"href":"https:\/\/arena-ticket.com\/en\/wp-json\/wp\/v2\/product_brand?post=12212"},{"taxonomy":"product_cat","embeddable":true,"href":"https:\/\/arena-ticket.com\/en\/wp-json\/wp\/v2\/product_cat?post=12212"},{"taxonomy":"product_tag","embeddable":true,"href":"https:\/\/arena-ticket.com\/en\/wp-json\/wp\/v2\/product_tag?post=12212"}],"curies":[{"name":"wp","href":"https:\/\/api.w.org\/{rel}","templated":true}]}}