{"id":12371,"date":"2024-06-07T12:52:38","date_gmt":"2024-06-07T10:52:38","guid":{"rendered":"https:\/\/arena-ticket.com\/?p=12371&#038;post_type=product&#038;preview_id=12371"},"modified":"2025-01-10T16:23:55","modified_gmt":"2025-01-10T15:23:55","slug":"waterloo-the-abba-show-a-tribute-to-abba-with-4-swedes-borna-stadtkulturhaus-borna-08-11-2024-1930-uhr","status":"publish","type":"product","link":"https:\/\/arena-ticket.com\/en\/product\/waterloo-the-abba-show-a-tribute-to-abba-with-4-swedes-borna-stadtkulturhaus-borna-08-11-2024-1930-uhr\/","title":{"rendered":"Waterloo - The ABBA Show - A Tribute to ABBA with 4 Swedes"},"content":{"rendered":"<section class=\"c-full c-inner c-narrow \" data-c=\"stageteasertext\" data-qa=\"stageteasertext-component\">\n<div class=\"container\">\n<div class=\"external-content no-margin\">\n<div class=\"u-position-relative js-moretext-wrapper\">\n<div class=\"moretext js-moretext expanded\" data-qa=\"readMoreText\" aria-expanded=\"true\">\n<div class=\"moretext-teaser\">\n<p>Abba Review ist jetzt 4SWEDES<\/p>\n<p>Die Band 4 SWEDES feiert in diesem Jahr ihr 17-j\u00e4hriges Bestehen. Seit ihrer Gr\u00fcndung im Jahr 2006 - noch unter dem Namen Abba Review - hat sich die Band als eine der f\u00fchrenden Abba Tribute-Bands etabliert. Mit ihrem einzigartigen Stil und energiegeladenen Live-Auftritten begeistert 4 SWEDES Fans in ganz Europa. Im Sommer 2023 erfolgte aufgrund von Copyright \u00c4nderungen der Polar Music Sweden die Umbenennung in den neuen Bandnamen 4 SWEDES. Die Band besteht aus sechs Musikern aus Deutschland, Schweden, Jamaika, Polen und England, die eine tiefe Leidenschaft f\u00fcr die Musik von ABBA teilen. Gemeinsam bringen sie die ikonischen Hits der legend\u00e4ren schwedischen Band auf die B\u00fchne und entf\u00fchren das Publikum in eine nostalgische und emotionsgeladene Reise, die zum Tanzen einl\u00e4dt. Was 4 SWEDES besonders macht, sind ihre mitrei\u00dfenden Live-Interpretationen der Songs. Jeder Titel ist sorgf\u00e4ltig choreografiert und bietet nicht nur ein bemerkenswertes H\u00f6rerlebnis, sondern auch eine visuell beeindruckende Performance. Die Kost\u00fcme wurden unter der Leitung von Katia Convents von Let's Dance akribisch gestaltet und perfekt umgesetzt, um den Originalen m\u00f6glichst nah zu kommen. \"Unsere Show ist mehr als nur ein Konzert\", sagt [Isabell Classen a.k.a Ani Frid]. \"Es ist ein intensives Erlebnis f\u00fcr die ganze Familie. Wir laden das Publikum ein, mitzusingen, zu tanzen und einen Abend voller fr\u00f6hlicher Partystimmung zu genie\u00dfen. Unabh\u00e4ngig vom Alter kennt und liebt jeder die Songs, was eine ansteckende und inklusive Atmosph\u00e4re schafft.\" Mit beeindruckender B\u00fchnenpr\u00e4senz und authentischer Interpretation von Hits wie \"Dancing Queen\", \"Mamma Mia\" und \"Waterloo\" erweckt 4 SWEDES die zeitlosen Melodien und Texte zum Leben, um so den Abba Geist zu bewahren. 4 SWEDES hat sich in zahlreichen Konzerten und Festivals in ganz Europa und dar\u00fcber hinaus einen Ruf als eine der f\u00fchrenden Tribute-Bands erarbeitet. \u00dcberall, wo sie auftritt, begeistert die Band ihr Publikum. Bereiten Sie sich auf eine unvergessliche Show vor, die Ihr Herz ber\u00fchren wird. Feiern Sie mit uns die unsterblichen Abba-Songs, die Magie der Musik und erleben Sie einen Abend voller Begeisterung, Tanz und unvergesslicher Erinnerungen.<\/p>\n<p>Lidia Lingstedt \u2013 Vox, Agnetha Isabell Classen \u2013 Vox, Ani-Frid Lukas M\u00fcnten \u2013 Piano Vox Sounddesign, Benny Steve H. Stevens \u2013 Gitarre Vox, Bj\u00f6rn Karol Adler \u2013 Drums, Percussion - Cecil Drackett \u2013 Bass<\/p>\n<p>&nbsp;<\/p>\n<\/div>\n<\/div>\n<\/div>\n<\/div>\n<\/div>\n<\/section>\n<section class=\"c-narrow\" data-c=\"additionalcontent\">\n<div class=\"container js-track-teaser-general\" data-component=\"additionalcontent\" data-teaser-category=\"\" data-teaser-row=\"9\" data-cid=\"additionalcontent_3\">\n<div class=\"row\">\n<div class=\"col-xs-12\"><\/div>\n<\/div>\n<\/div>\n<\/section>\n","protected":false},"excerpt":{"rendered":"<div class=\"event__header\" data-v-331ed750=\"\">4SWEDES bring ABBA\u2019s countless great hits back to life live!<\/div>","protected":false},"featured_media":12374,"template":"","meta":{"_acf_changed":false,"inline_featured_image":false},"product_brand":[],"product_cat":[2796,35,2797],"product_tag":[3129,3095,941,958,3105,948,3128],"class_list":{"0":"post-12371","1":"product","2":"type-product","3":"status-publish","4":"has-post-thumbnail","6":"product_cat-borna","7":"product_cat-orte","8":"product_cat-stadtkulturhaus-borna","9":"product_tag-a-tribute-to-abba-with-4-swedes","10":"product_tag-borna","11":"product_tag-events","12":"product_tag-show","13":"product_tag-stadtkulturhaus-borna","14":"product_tag-veranstaltung","15":"product_tag-waterloo-the-abba-show","16":"product_shipping_class-nur_paketversand","17":"pa_discount-normalpreis","18":"pa_preiskategorie-pk-i","20":"first","21":"outofstock","22":"taxable","23":"shipping-taxable","24":"purchasable","25":"product-type-variable"},"group_of_quantity":0,"min_quantity":0,"max_quantity":"","exclude_order_quantity_value_rules":"no","exclude_category_quantity_rules":"no","combine_variations":"no","acf":[],"_links":{"self":[{"href":"https:\/\/arena-ticket.com\/en\/wp-json\/wp\/v2\/product\/12371","targetHints":{"allow":["GET"]}}],"collection":[{"href":"https:\/\/arena-ticket.com\/en\/wp-json\/wp\/v2\/product"}],"about":[{"href":"https:\/\/arena-ticket.com\/en\/wp-json\/wp\/v2\/types\/product"}],"wp:featuredmedia":[{"embeddable":true,"href":"https:\/\/arena-ticket.com\/en\/wp-json\/wp\/v2\/media\/12374"}],"wp:attachment":[{"href":"https:\/\/arena-ticket.com\/en\/wp-json\/wp\/v2\/media?parent=12371"}],"wp:term":[{"taxonomy":"product_brand","embeddable":true,"href":"https:\/\/arena-ticket.com\/en\/wp-json\/wp\/v2\/product_brand?post=12371"},{"taxonomy":"product_cat","embeddable":true,"href":"https:\/\/arena-ticket.com\/en\/wp-json\/wp\/v2\/product_cat?post=12371"},{"taxonomy":"product_tag","embeddable":true,"href":"https:\/\/arena-ticket.com\/en\/wp-json\/wp\/v2\/product_tag?post=12371"}],"curies":[{"name":"wp","href":"https:\/\/api.w.org\/{rel}","templated":true}]}}