{"id":13970,"date":"2024-06-29T14:44:23","date_gmt":"2024-06-29T12:44:23","guid":{"rendered":"https:\/\/arena-ticket.com\/?p=13970&#038;post_type=product&#038;preview_id=13970"},"modified":"2024-06-29T15:24:38","modified_gmt":"2024-06-29T13:24:38","slug":"johnossi-taeubchenthal-leipzig-01-02-2025-2000-uhr","status":"publish","type":"product","link":"https:\/\/arena-ticket.com\/en\/product\/johnossi-taeubchenthal-leipzig-01-02-2025-2000-uhr\/","title":{"rendered":"Johnossi"},"content":{"rendered":"<p>On May 24th, acclaimed Swedish rock duo Johnossi released their new single \u201cSan Antonio\u201d (Universal Music Sweden). The first music from an upcoming album due out in September. In winter 2025, the band will return to Germany for their first proper tour in many years. The single, with its uplifting verses leading into a pretty epic chorus, is described by the band as follows: &quot;Every street corner in every city has its own story. A close friend of ours witnessed something very dramatic in a major American city. That story, mixed with our own experiences and some imagination, brought the drama in this song to life.&quot; The single was co-written with their long-time keyboardist Mattias Franz\u00e9n and produced by respected Swedish producer M\u00e5ns Lundberg (H\u00e5kan Hellstr\u00f6m, Deportees, etc.). Johnossi is currently in the studio finishing the album and also announces a seven-day German tour in winter 2025. It&#039;s their first proper German tour in many years. There were only a handful of delayed post-Covid dates in June 2022, including the Tempelhof Sounds Festival in Berlin, so it&#039;s time for the duo to bring back their explosive live shows.<\/p>","protected":false},"excerpt":{"rendered":"<p>The Swedish rock duo Johnossi is back. With their new single \u201cSan Antonio\u201d, an autumn album and a German tour.<\/p>","protected":false},"featured_media":13972,"template":"","meta":{"_acf_changed":false,"inline_featured_image":false},"product_brand":[],"product_cat":[31,69,86,35,6745,499,21,58],"product_tag":[941,3410,942,943,944,967,947,948],"class_list":{"0":"post-13970","1":"product","2":"type-product","3":"status-publish","4":"has-post-thumbnail","6":"product_cat-events","7":"product_cat-konzert","8":"product_cat-leipzig","9":"product_cat-orte","10":"product_cat-punk-punkrock","11":"product_cat-taeubchenthal","12":"product_cat-ticket","13":"product_cat-veranstaltung","14":"product_tag-events","15":"product_tag-johnossi","16":"product_tag-konzert","17":"product_tag-leipzig","18":"product_tag-orte","19":"product_tag-taeubchenthal","20":"product_tag-ticket","21":"product_tag-veranstaltung","22":"product_shipping_class-nur_paketversand","23":"pa_discount-normalpreis","24":"pa_preiskategorie-stehplatz","26":"first","27":"instock","28":"taxable","29":"shipping-taxable","30":"purchasable","31":"product-type-variable"},"group_of_quantity":0,"min_quantity":0,"max_quantity":"","exclude_order_quantity_value_rules":"no","exclude_category_quantity_rules":"no","combine_variations":"no","acf":[],"_links":{"self":[{"href":"https:\/\/arena-ticket.com\/en\/wp-json\/wp\/v2\/product\/13970","targetHints":{"allow":["GET"]}}],"collection":[{"href":"https:\/\/arena-ticket.com\/en\/wp-json\/wp\/v2\/product"}],"about":[{"href":"https:\/\/arena-ticket.com\/en\/wp-json\/wp\/v2\/types\/product"}],"wp:featuredmedia":[{"embeddable":true,"href":"https:\/\/arena-ticket.com\/en\/wp-json\/wp\/v2\/media\/13972"}],"wp:attachment":[{"href":"https:\/\/arena-ticket.com\/en\/wp-json\/wp\/v2\/media?parent=13970"}],"wp:term":[{"taxonomy":"product_brand","embeddable":true,"href":"https:\/\/arena-ticket.com\/en\/wp-json\/wp\/v2\/product_brand?post=13970"},{"taxonomy":"product_cat","embeddable":true,"href":"https:\/\/arena-ticket.com\/en\/wp-json\/wp\/v2\/product_cat?post=13970"},{"taxonomy":"product_tag","embeddable":true,"href":"https:\/\/arena-ticket.com\/en\/wp-json\/wp\/v2\/product_tag?post=13970"}],"curies":[{"name":"wp","href":"https:\/\/api.w.org\/{rel}","templated":true}]}}