{"id":13973,"date":"2024-06-29T14:48:58","date_gmt":"2024-06-29T12:48:58","guid":{"rendered":"https:\/\/arena-ticket.com\/?p=13973&#038;post_type=product&#038;preview_id=13973"},"modified":"2025-03-24T11:06:33","modified_gmt":"2025-03-24T10:06:33","slug":"rainald-grebe-die-kapelle-der-versoehnung-special-taeubchenthal-leipzig-22-02-2025-2000-uhr","status":"publish","type":"product","link":"https:\/\/arena-ticket.com\/en\/product\/rainald-grebe-die-kapelle-der-versoehnung-special-taeubchenthal-leipzig-22-02-2025-2000-uhr\/","title":{"rendered":"Rainald Grebe &amp;  - Die Kapelle der Vers\u00f6hnung: \"SPECIAL\""},"content":{"rendered":"<p><strong><em>The event has been cancelled; tickets purchased so far can be returned. <\/em><\/strong><\/p>\n<p>&nbsp;<\/p>\n<p>&nbsp;<\/p>\n<p>&nbsp;<\/p>\n<p>&nbsp;<\/p>\n<p>The Beatles are a legend because they split up young after a brief high, the Stones because they carry on forever acting like copies of their copies, the Bl\u00e4ckF\u00f6\u00f6ss and the H\u00f6hner have replaced all their founding members with younger ones and the name continues to rock. And we, the Chapel of Reconciliation, how do we want to grow old? With dignity, without dignity, in an oxygen tent, cut up, in one piece? How do we see ourselves? As the \u00c4rzte, the Toten Hosen, the Flippers? What is a band? A life partnership, a GmbH, a Rubik&#039;s Cube, a bath additive, alcohol poisoning, a cup of tea?<\/p>","protected":false},"excerpt":{"rendered":"<p>A proliferation, a walk around the 7 corners, a colorful bouquet of Dada and rock&#039;n&#039;roll: Curtain up. Controls up. Lights on: the Chapel of Reconciliation is THE BAND.<\/p>","protected":false},"featured_media":13975,"template":"","meta":{"_acf_changed":false,"inline_featured_image":false},"product_brand":[],"product_cat":[31,69,86,35,6746,499,21,58],"product_tag":[3443,941,942,943,944,3442,967,947,948],"class_list":{"0":"post-13973","1":"product","2":"type-product","3":"status-publish","4":"has-post-thumbnail","6":"product_cat-events","7":"product_cat-konzert","8":"product_cat-leipzig","9":"product_cat-orte","10":"product_cat-singer-songwriter","11":"product_cat-taeubchenthal","12":"product_cat-ticket","13":"product_cat-veranstaltung","14":"product_tag-die-kapelle-der-versoehnung-special","15":"product_tag-events","16":"product_tag-konzert","17":"product_tag-leipzig","18":"product_tag-orte","19":"product_tag-rainald-grebe","20":"product_tag-taeubchenthal","21":"product_tag-ticket","22":"product_tag-veranstaltung","23":"product_shipping_class-nur_paketversand","24":"pa_discount-normalpreis","25":"pa_preiskategorie-stehplatz","27":"first","28":"outofstock","29":"taxable","30":"shipping-taxable","31":"purchasable","32":"product-type-variable"},"group_of_quantity":0,"min_quantity":0,"max_quantity":"","exclude_order_quantity_value_rules":"no","exclude_category_quantity_rules":"no","combine_variations":"no","acf":[],"_links":{"self":[{"href":"https:\/\/arena-ticket.com\/en\/wp-json\/wp\/v2\/product\/13973","targetHints":{"allow":["GET"]}}],"collection":[{"href":"https:\/\/arena-ticket.com\/en\/wp-json\/wp\/v2\/product"}],"about":[{"href":"https:\/\/arena-ticket.com\/en\/wp-json\/wp\/v2\/types\/product"}],"wp:featuredmedia":[{"embeddable":true,"href":"https:\/\/arena-ticket.com\/en\/wp-json\/wp\/v2\/media\/13975"}],"wp:attachment":[{"href":"https:\/\/arena-ticket.com\/en\/wp-json\/wp\/v2\/media?parent=13973"}],"wp:term":[{"taxonomy":"product_brand","embeddable":true,"href":"https:\/\/arena-ticket.com\/en\/wp-json\/wp\/v2\/product_brand?post=13973"},{"taxonomy":"product_cat","embeddable":true,"href":"https:\/\/arena-ticket.com\/en\/wp-json\/wp\/v2\/product_cat?post=13973"},{"taxonomy":"product_tag","embeddable":true,"href":"https:\/\/arena-ticket.com\/en\/wp-json\/wp\/v2\/product_tag?post=13973"}],"curies":[{"name":"wp","href":"https:\/\/api.w.org\/{rel}","templated":true}]}}