{"id":14261,"date":"2024-07-04T17:25:52","date_gmt":"2024-07-04T15:25:52","guid":{"rendered":"https:\/\/arena-ticket.com\/?p=14261&#038;post_type=product&#038;preview_id=14261"},"modified":"2025-06-04T13:17:50","modified_gmt":"2025-06-04T11:17:50","slug":"okan-seese-lieber-taub-als-gar-kein-vogel-leipzig-leipziger-central-kabarett-16-02-2025-1900-uhr","status":"publish","type":"product","link":"https:\/\/arena-ticket.com\/en\/product\/okan-seese-lieber-taub-als-gar-kein-vogel-leipzig-leipziger-central-kabarett-16-02-2025-1900-uhr\/","title":{"rendered":"Okan Seese - Neues Programm \"Tomaten auf den Ohren\""},"content":{"rendered":"<div class=\"event-detail-description\">\n<div class=\"event-detail-description\">\n<p><em>Liebe Fans von Okan Seese,<\/em><em>leider k\u00f6nnen die f\u00fcr den 15.02.2025 in Berlin und f\u00fcr den 16.02.2025 in Leipzig geplanten Shows mit Okan Seese nicht stattfinden und m\u00fcssen wie folgt verlegt werden:<\/em><\/p>\n<ol start=\"7\">\n<li><em> Oktober 2025 \u2013 Leipzig, Blauer Salon 20:00h<\/em><\/li>\n<\/ol>\n<p><em>verlegt vom 16.02.2025 19:00 h<\/em><\/p>\n<p><em>\u00a0<\/em><em>Zum neuen Terminen wird Okan sein neues Programm \u201eTomaten auf den Ohren\u201c spielen. Bereits gekaufte Tickets behalten ihre G\u00fcltigkeit.<\/em><\/p>\n<p><em>Vielen Dank f\u00fcr Ihr Verst\u00e4ndnis.<\/em><\/p>\n<p><em>\u00a0<\/em><\/p>\n<p>&nbsp;<\/p>\n<p>Okan Seese is deaf, gay and half Turkish. And he is Germany&#039;s only deaf comedian who also performs for hearing audiences. In his solo show &quot;Better deaf than no bird at all&quot;, expectations are turned on their head: an interpreter, who is paid per laugh rather than per hour, translates the signs for the audience. And Okan only pays for laughs that he can hear. They ask themselves whether deaf people can relate to music? How they hear their alarm clock? Or whether they are even allowed to drive a car? How do deaf people actually use the phone?! Can they call the emergency number? And does moaning during sex turn them on? With great self-irony and from a perspective that is unusual for the hearing person... sorry: Okan tells of his everyday life. He skilfully plays with stereotypes, only to break them again the next moment. His humor is surprising and honest and his facial expressions are lovable.<\/p>\n<\/div>\n<div class=\"event-detail-description2\"><\/div>\n<div class=\"event-detail-termine\"><\/div>\n<\/div>\n<div class=\"event-detail-termine\">\n<h2><\/h2>\n<\/div>","protected":false},"excerpt":{"rendered":"<p>Okan takes us into a fascinating world with a strong community, a rich culture and its own expressive language - secure your ticket for the guest performance at Leipzig&#039;s Central Kabarett!<\/p>","protected":false},"featured_media":42271,"template":"","meta":{"_acf_changed":false,"inline_featured_image":false},"product_brand":[],"product_cat":[379,31,95,6726,86,35,21,58],"product_tag":[965,954,941,943,3491,5770,3490,958,947,948],"class_list":{"0":"post-14261","1":"product","2":"type-product","3":"status-publish","4":"has-post-thumbnail","6":"product_cat-central-kabarett","7":"product_cat-events","8":"product_cat-humor","9":"product_cat-kabarett","10":"product_cat-leipzig","11":"product_cat-orte","12":"product_cat-ticket","13":"product_cat-veranstaltung","14":"product_tag-central-kabarett","15":"product_tag-comedy","16":"product_tag-events","17":"product_tag-leipzig","18":"product_tag-lieber-taub-als-gar-kein-vogel","19":"product_tag-neues-programm-tomaten-auf-den-ohren","20":"product_tag-okan-seese","21":"product_tag-show","22":"product_tag-ticket","23":"product_tag-veranstaltung","24":"product_shipping_class-nur_paketversand","25":"pa_discount-normalpreis","26":"pa_preiskategorie-freie-platzwahl","28":"first","29":"instock","30":"taxable","31":"shipping-taxable","32":"purchasable","33":"product-type-variable"},"group_of_quantity":0,"min_quantity":0,"max_quantity":"","exclude_order_quantity_value_rules":"no","exclude_category_quantity_rules":"no","combine_variations":"no","acf":[],"_links":{"self":[{"href":"https:\/\/arena-ticket.com\/en\/wp-json\/wp\/v2\/product\/14261","targetHints":{"allow":["GET"]}}],"collection":[{"href":"https:\/\/arena-ticket.com\/en\/wp-json\/wp\/v2\/product"}],"about":[{"href":"https:\/\/arena-ticket.com\/en\/wp-json\/wp\/v2\/types\/product"}],"wp:featuredmedia":[{"embeddable":true,"href":"https:\/\/arena-ticket.com\/en\/wp-json\/wp\/v2\/media\/42271"}],"wp:attachment":[{"href":"https:\/\/arena-ticket.com\/en\/wp-json\/wp\/v2\/media?parent=14261"}],"wp:term":[{"taxonomy":"product_brand","embeddable":true,"href":"https:\/\/arena-ticket.com\/en\/wp-json\/wp\/v2\/product_brand?post=14261"},{"taxonomy":"product_cat","embeddable":true,"href":"https:\/\/arena-ticket.com\/en\/wp-json\/wp\/v2\/product_cat?post=14261"},{"taxonomy":"product_tag","embeddable":true,"href":"https:\/\/arena-ticket.com\/en\/wp-json\/wp\/v2\/product_tag?post=14261"}],"curies":[{"name":"wp","href":"https:\/\/api.w.org\/{rel}","templated":true}]}}