{"id":14357,"date":"2024-07-05T18:51:58","date_gmt":"2024-07-05T16:51:58","guid":{"rendered":"https:\/\/arena-ticket.com\/?p=14357&#038;post_type=product&#038;preview_id=14357"},"modified":"2025-08-04T15:07:01","modified_gmt":"2025-08-04T13:07:01","slug":"kabarett-brunch-saechsische-spezialitaeten-leipzig-leipziger-central-kabarett-07-09-2025-1030-uhr","status":"publish","type":"product","link":"https:\/\/arena-ticket.com\/en\/product\/kabarett-brunch-saechsische-spezialitaeten-leipzig-leipziger-central-kabarett-07-09-2025-1030-uhr\/","title":{"rendered":"Kabarett Brunch - S\u00e4chsische Spezialit\u00e4ten"},"content":{"rendered":"<div class=\"event-detail-description\">\n<p>Stroll through Leipzig&#039;s bakeries with the indestructible and legendary &quot;Frau Biedsch&quot; and enjoy some Saxon specialties such as the famous Leipziger Lerchen*, Schdrumbsohln, Leipziger R\u00e4bchen, Schweinsohren and... &quot;\u00c4 G\u00e4ffchn geht immer&quot;.<\/p>\n<p>An enjoyable Sunday brunch with Lene Voigt stories and songs and the original recipe from Leipziger Allerlei, amusingly and charmingly presented by \u201cdr Biedschn\u201d.<br \/>\nMany a rarity is rediscovered.<br \/>\nA culinary journey through Saxony and Leipzig<br \/>\nA Saxon brunch with \u201cFrau Biedsch\u201d is always a pleasure; and with a little luck you\u2019ll even get a little piccol\u00f6chen \u201cgradis\u201d to go with it.<\/p>\n<p>Texts, scenes and songs by Lene Voigt, E. K\u00e4stner and others<br \/>\nPiano: Jan Mareck<\/p>\n<p><em>*The popular Leipzig pastry made from oven-fresh shortcrust pastry with jam and marzipan filling in the shape of a pie. Two strips of dough still symbolically remind us of the crossed strings that used to tie up the filled larks.<\/em><\/p>\n<p>&nbsp;<\/p>\n<\/div>\n<div class=\"event-detail-description2\">\n<h2>The Saxon Brunch<\/h2>\n<p><strong>incl. filter coffee, orange and apple juice, iced tea, table water<\/strong><\/p>\n<h3 class=\"hl3\">Breakfast portion<\/h3>\n<p>various types of cold cuts, meat platter from the Leipzig butcher<br \/>\nVariation of semi-hard cheese and soft cheese<br \/>\nvarious yoghurts<br \/>\nCorn and chocolate flakes, muesli, milk<br \/>\nJam, honey, nougat cream<br \/>\nButter, margarine, spreads<br \/>\nPastry variation, bread<br \/>\nFruit salad, vanilla sauce<\/p>\n<h3 class=\"hl3\"><strong>Soup<\/strong><\/h3>\n<p>Saxon potato soup with sausages<\/p>\n<h3 class=\"hl3\"><strong>Salads<\/strong><\/h3>\n<p>Saxon potato salad, cucumber salad, white cabbage, carrot salad, beetroot, foliage,<br \/>\nTomato-mozzarella plate, pasta salad, corn salad<\/p>\n<h3 class=\"hl3\"><strong>Warm portion<\/strong><\/h3>\n<p>Two kinds of scrambled eggs, fried bacon, sausages, baked beans<br \/>\nLeipziger Allerlei with morels and crayfish<br \/>\nRoast pork with Wernesgr\u00fcner Pils sauce<br \/>\nCrispy chicken drumsticks<br \/>\nCauliflower\/Red cabbage\/Butter beans<br \/>\nPotato gratin\/herb potatoes<br \/>\nVegan pasta pockets with local vegetables<\/p>\n<h3 class=\"hl3\"><strong>dessert<\/strong><\/h3>\n<p>Dresden Eierschecke, cold dog, LPG cake<br \/>\nChocolate pudding, vanilla pudding, wild berry compote<br \/>\nWackelpeter, filled pancakes, vanilla sauce<\/p>\n<p><strong>IN CONCLUSION<br \/>\n<\/strong>Leipzig Lark<\/p>\n<\/div>","protected":false},"excerpt":{"rendered":"<p>Musical cabaret brunch with J\u00fcrgen Fliegel as de Biedsch\u00b4n<\/p>","protected":false},"featured_media":14340,"template":"","meta":{"_acf_changed":false,"inline_featured_image":false},"product_brand":[],"product_cat":[379,31,95,6726,86,35,21,58],"product_tag":[965,954,941,3515,943,3516,958,947,948],"class_list":{"0":"post-14357","1":"product","2":"type-product","3":"status-publish","4":"has-post-thumbnail","6":"product_cat-central-kabarett","7":"product_cat-events","8":"product_cat-humor","9":"product_cat-kabarett","10":"product_cat-leipzig","11":"product_cat-orte","12":"product_cat-ticket","13":"product_cat-veranstaltung","14":"product_tag-central-kabarett","15":"product_tag-comedy","16":"product_tag-events","17":"product_tag-kabarett-brunch","18":"product_tag-leipzig","19":"product_tag-saechsische-spezialitaeten","20":"product_tag-show","21":"product_tag-ticket","22":"product_tag-veranstaltung","23":"product_shipping_class-nur_paketversand","24":"pa_discount-normalpreis","25":"pa_preiskategorie-pk-i","27":"first","28":"instock","29":"taxable","30":"shipping-taxable","31":"purchasable","32":"product-type-variable"},"group_of_quantity":0,"min_quantity":0,"max_quantity":"","exclude_order_quantity_value_rules":"no","exclude_category_quantity_rules":"no","combine_variations":"no","acf":[],"_links":{"self":[{"href":"https:\/\/arena-ticket.com\/en\/wp-json\/wp\/v2\/product\/14357","targetHints":{"allow":["GET"]}}],"collection":[{"href":"https:\/\/arena-ticket.com\/en\/wp-json\/wp\/v2\/product"}],"about":[{"href":"https:\/\/arena-ticket.com\/en\/wp-json\/wp\/v2\/types\/product"}],"wp:featuredmedia":[{"embeddable":true,"href":"https:\/\/arena-ticket.com\/en\/wp-json\/wp\/v2\/media\/14340"}],"wp:attachment":[{"href":"https:\/\/arena-ticket.com\/en\/wp-json\/wp\/v2\/media?parent=14357"}],"wp:term":[{"taxonomy":"product_brand","embeddable":true,"href":"https:\/\/arena-ticket.com\/en\/wp-json\/wp\/v2\/product_brand?post=14357"},{"taxonomy":"product_cat","embeddable":true,"href":"https:\/\/arena-ticket.com\/en\/wp-json\/wp\/v2\/product_cat?post=14357"},{"taxonomy":"product_tag","embeddable":true,"href":"https:\/\/arena-ticket.com\/en\/wp-json\/wp\/v2\/product_tag?post=14357"}],"curies":[{"name":"wp","href":"https:\/\/api.w.org\/{rel}","templated":true}]}}