{"id":14361,"date":"2024-07-05T18:55:32","date_gmt":"2024-07-05T16:55:32","guid":{"rendered":"https:\/\/arena-ticket.com\/?p=14361&#038;post_type=product&#038;preview_id=14361"},"modified":"2025-10-07T13:37:29","modified_gmt":"2025-10-07T11:37:29","slug":"kabarett-brunch-saechsische-spezialitaeten-leipzig-central-kabarett-01-12-2024-05-01-2025-02-02-2025-09-03-2025-06-04-2025-04-05-2025-01-06-2025-06-07-2025-03-08-2025-07-09-2025","status":"publish","type":"product","link":"https:\/\/arena-ticket.com\/en\/product\/kabarett-brunch-saechsische-spezialitaeten-leipzig-central-kabarett-01-12-2024-05-01-2025-02-02-2025-09-03-2025-06-04-2025-04-05-2025-01-06-2025-06-07-2025-03-08-2025-07-09-2025\/","title":{"rendered":"Cabaret Brunch - Saxon Specialties"},"content":{"rendered":"<p>Stroll through Leipzig&#039;s bakeries with the indestructible and legendary &quot;Frau Biedsch&quot; and enjoy some Saxon specialties such as the famous Leipziger Lerchen*, Schdrumbsohln, Leipziger R\u00e4bchen, Schweinsohren and... &quot;\u00c4 G\u00e4ffchn geht immer&quot;.<\/p>\n<p>An enjoyable Sunday brunch with Lene Voigt stories and songs and the original recipe from Leipziger Allerlei, amusingly and charmingly presented by \u201cdr Biedschn\u201d.<br \/>\nMany a rarity is rediscovered.<br \/>\nA culinary journey through Saxony and Leipzig<br \/>\nA Saxon brunch with \u201cFrau Biedsch\u201d is always a pleasure; and with a little luck you\u2019ll even get a little piccol\u00f6chen \u201cgradis\u201d to go with it.<\/p>\n<p>Texts, scenes and songs by Lene Voigt, E. K\u00e4stner and others<br \/>\nPiano: Jan Mareck<\/p>\n<p><em>*The popular Leipzig pastry made from oven-fresh shortcrust pastry with jam and marzipan filling in the shape of a pie. Two strips of dough still symbolically remind us of the crossed strings that used to tie up the filled larks.<\/em><\/p>\n<p>&nbsp;<\/p>","protected":false},"excerpt":{"rendered":"<p>Get your tickets now!<\/p>\n<p>06.07.2025 \/ 03.08.2025 \/ 07.09.2025 \/ 16.11.2025<\/p>","protected":false},"featured_media":49320,"template":"","meta":{"_acf_changed":false,"inline_featured_image":false},"product_brand":[],"product_cat":[379,31,95,6726,86,35,58],"product_tag":[965,954,941,956,3020,3515,942,951,943,3397,944,3516,958,948],"class_list":{"0":"post-14361","1":"product","2":"type-product","3":"status-publish","4":"has-post-thumbnail","6":"product_cat-central-kabarett","7":"product_cat-events","8":"product_cat-humor","9":"product_cat-kabarett","10":"product_cat-leipzig","11":"product_cat-orte","12":"product_cat-veranstaltung","13":"product_tag-central-kabarett","14":"product_tag-comedy","15":"product_tag-events","16":"product_tag-gewandhaus","17":"product_tag-gewandhaus-mendelssohn-saal","18":"product_tag-kabarett-brunch","19":"product_tag-konzert","20":"product_tag-kultur","21":"product_tag-leipzig","22":"product_tag-mendelssohn-saal","23":"product_tag-orte","24":"product_tag-saechsische-spezialitaeten","25":"product_tag-show","26":"product_tag-veranstaltung","27":"product_shipping_class-nur_paketversand","29":"first","30":"instock","31":"taxable","32":"shipping-taxable","33":"product-type-grouped"},"group_of_quantity":0,"min_quantity":0,"max_quantity":"","exclude_order_quantity_value_rules":"no","exclude_category_quantity_rules":"no","combine_variations":"no","acf":[],"_links":{"self":[{"href":"https:\/\/arena-ticket.com\/en\/wp-json\/wp\/v2\/product\/14361","targetHints":{"allow":["GET"]}}],"collection":[{"href":"https:\/\/arena-ticket.com\/en\/wp-json\/wp\/v2\/product"}],"about":[{"href":"https:\/\/arena-ticket.com\/en\/wp-json\/wp\/v2\/types\/product"}],"wp:featuredmedia":[{"embeddable":true,"href":"https:\/\/arena-ticket.com\/en\/wp-json\/wp\/v2\/media\/49320"}],"wp:attachment":[{"href":"https:\/\/arena-ticket.com\/en\/wp-json\/wp\/v2\/media?parent=14361"}],"wp:term":[{"taxonomy":"product_brand","embeddable":true,"href":"https:\/\/arena-ticket.com\/en\/wp-json\/wp\/v2\/product_brand?post=14361"},{"taxonomy":"product_cat","embeddable":true,"href":"https:\/\/arena-ticket.com\/en\/wp-json\/wp\/v2\/product_cat?post=14361"},{"taxonomy":"product_tag","embeddable":true,"href":"https:\/\/arena-ticket.com\/en\/wp-json\/wp\/v2\/product_tag?post=14361"}],"curies":[{"name":"wp","href":"https:\/\/api.w.org\/{rel}","templated":true}]}}