{"id":14482,"date":"2024-07-09T11:00:21","date_gmt":"2024-07-09T09:00:21","guid":{"rendered":"https:\/\/arena-ticket.com\/?p=14482&#038;post_type=product&#038;preview_id=14482"},"modified":"2025-01-10T16:18:43","modified_gmt":"2025-01-10T15:18:43","slug":"sinfonia-leipzig-rusalka-mini-oper-leipzig-arena-am-panometer-30-08-2024-1930-uhr","status":"publish","type":"product","link":"https:\/\/arena-ticket.com\/en\/product\/sinfonia-leipzig-rusalka-mini-oper-leipzig-arena-am-panometer-30-08-2024-1930-uhr\/","title":{"rendered":"Sinfonia Leipzig \u2013 Rusalka - Mini-Oper"},"content":{"rendered":"<header class=\"event__header\">\n<div id=\"event__toggle--heinz-strunk-zauberberg-2\" class=\"button-reset event__toggle js-event__toggle\" role=\"tab\" aria-expanded=\"true\" aria-controls=\"event__content--heinz-strunk-zauberberg-2\">\n<h2 class=\"event__title\"><\/h2>\n<\/div>\n<\/header>\n<div id=\"event__content--heinz-strunk-zauberberg-2\" class=\"event__content js-event__content\" role=\"tabpanel\" aria-hidden=\"false\" aria-labelledby=\"event__toggle--heinz-strunk-zauberberg-2\">\n<div class=\"event__info\">\n<p>&nbsp;<\/p>\n<\/div>\n<div class=\"event__description\">\n<div class=\"x11i5rnm xat24cr x1mh8g0r x1vvkbs xtlvy1s custom-cursor-default-hover\">Come and experience an exciting interpretation of Anton\u00edn Dvo\u0159\u00e1k&#039;s opera &quot;Rusalka&quot; as a captivating mini-opera conducted by Tsai-Ju Lee. A unique artistic experience awaits you on August 30th in the Arena at the Panometer.<\/div>\n<div class=\"x11i5rnm xat24cr x1mh8g0r x1vvkbs xtlvy1s custom-cursor-default-hover\">Immerse yourself in the fairytale world of Rusalka, presented by a talented ensemble led by Tsai-Ju Lee. This mini-opera offers a modern and intimate approach to Dvo\u0159\u00e1k&#039;s masterpiece that impresses both visually and acoustically.<\/div>\n<div class=\"x11i5rnm xat24cr x1mh8g0r x1vvkbs xtlvy1s custom-cursor-default-hover\">With only 12 musicians and 4 vocal soloists, our performance emphasizes the emotional depth of the story. In addition to the musical performance, you can also expect discussions and drinks before, during and after the performance.<\/div>\n<div class=\"x11i5rnm xat24cr x1mh8g0r x1vvkbs xtlvy1s custom-cursor-default-hover\"><\/div>\n<div class=\"x11i5rnm xat24cr x1mh8g0r x1vvkbs xtlvy1s\">Experience the fascinating fusion of classic and innovation as Rusalka is brought to the stage in a contemporary form. This performance promises not only a cultural enrichment but also a thrilling experience that will delight opera lovers and new audiences alike.<\/div>\n<div class=\"x11i5rnm xat24cr x1mh8g0r x1vvkbs xtlvy1s custom-cursor-default-hover\"><\/div>\n<div><\/div>\n<div>\n<div class=\"xdj266r x11i5rnm xat24cr x1mh8g0r x1vvkbs custom-cursor-default-hover\">Sinfonia Leipzig<\/div>\n<div class=\"xdj266r x11i5rnm xat24cr x1mh8g0r x1vvkbs custom-cursor-default-hover\">\n<div class=\"xdj266r x11i5rnm xat24cr x1mh8g0r x1vvkbs custom-cursor-default-hover\">Julie Wyma \u2013 Rusalka<\/div>\n<div class=\"xdj266r x11i5rnm xat24cr x1mh8g0r x1vvkbs custom-cursor-default-hover\">Nicole Piccolomini \u2013 Jezibaba<\/div>\n<div class=\"xdj266r x11i5rnm xat24cr x1mh8g0r x1vvkbs custom-cursor-default-hover\">Vernon Kirk \u2013 The Prince<\/div>\n<div class=\"xdj266r x11i5rnm xat24cr x1mh8g0r x1vvkbs custom-cursor-default-hover\">Ralf Lukas \u2013 Vodnik<\/div>\n<\/div>\n<div class=\"xdj266r x11i5rnm xat24cr x1mh8g0r x1vvkbs custom-cursor-default-hover\">Tsai-Ju Lee \u2013 Director<\/div>\n<\/div>\n<\/div>\n<\/div>","protected":false},"excerpt":{"rendered":"<p>Be there when the timeless beauty of \u201cRusalka\u201d shines in new splendor. Get your tickets now and let this mini-opera take you into a world full of magic and music.<\/p>","protected":false},"featured_media":14561,"template":"","meta":{"_acf_changed":false,"inline_featured_image":false},"product_brand":[],"product_cat":[362,31,6741,69,922,86,6770,35,21,58],"product_tag":[3544,941,942,951,968,943,3543,944,3542,947,948],"class_list":{"0":"post-14482","1":"product","2":"type-product","3":"status-publish","4":"has-post-thumbnail","6":"product_cat-arena-am-panometer","7":"product_cat-events","8":"product_cat-klassik","9":"product_cat-konzert","10":"product_cat-kultur","11":"product_cat-leipzig","12":"product_cat-oper-operette","13":"product_cat-orte","14":"product_cat-ticket","15":"product_cat-veranstaltung","16":"product_tag-arena-am-panometer","17":"product_tag-events","18":"product_tag-konzert","19":"product_tag-kultur","20":"product_tag-kupfersaal","21":"product_tag-leipzig","22":"product_tag-mini-oper","23":"product_tag-orte","24":"product_tag-sinfonia-leipzig-rusalka","25":"product_tag-ticket","26":"product_tag-veranstaltung","27":"product_shipping_class-nur_paketversand","28":"pa_discount-wahlpreis-1","29":"pa_discount-wahlpreis-2","30":"pa_discount-wahlpreis-3","31":"pa_preiskategorie-freie-platzwahl","33":"first","34":"instock","35":"taxable","36":"shipping-taxable","37":"purchasable","38":"product-type-variable"},"group_of_quantity":0,"min_quantity":0,"max_quantity":"","exclude_order_quantity_value_rules":"no","exclude_category_quantity_rules":"no","combine_variations":"no","acf":[],"_links":{"self":[{"href":"https:\/\/arena-ticket.com\/en\/wp-json\/wp\/v2\/product\/14482","targetHints":{"allow":["GET"]}}],"collection":[{"href":"https:\/\/arena-ticket.com\/en\/wp-json\/wp\/v2\/product"}],"about":[{"href":"https:\/\/arena-ticket.com\/en\/wp-json\/wp\/v2\/types\/product"}],"wp:featuredmedia":[{"embeddable":true,"href":"https:\/\/arena-ticket.com\/en\/wp-json\/wp\/v2\/media\/14561"}],"wp:attachment":[{"href":"https:\/\/arena-ticket.com\/en\/wp-json\/wp\/v2\/media?parent=14482"}],"wp:term":[{"taxonomy":"product_brand","embeddable":true,"href":"https:\/\/arena-ticket.com\/en\/wp-json\/wp\/v2\/product_brand?post=14482"},{"taxonomy":"product_cat","embeddable":true,"href":"https:\/\/arena-ticket.com\/en\/wp-json\/wp\/v2\/product_cat?post=14482"},{"taxonomy":"product_tag","embeddable":true,"href":"https:\/\/arena-ticket.com\/en\/wp-json\/wp\/v2\/product_tag?post=14482"}],"curies":[{"name":"wp","href":"https:\/\/api.w.org\/{rel}","templated":true}]}}