{"id":14913,"date":"2024-07-16T16:01:29","date_gmt":"2024-07-16T14:01:29","guid":{"rendered":"https:\/\/arena-ticket.com\/?p=14913&#038;post_type=product&#038;preview_id=14913"},"modified":"2025-01-10T16:18:54","modified_gmt":"2025-01-10T15:18:54","slug":"desiree-nick-best-of-leipzig-kupfersaal-07-09-2024-2000-uhr","status":"publish","type":"product","link":"https:\/\/arena-ticket.com\/en\/product\/desiree-nick-best-of-leipzig-kupfersaal-07-09-2024-2000-uhr\/","title":{"rendered":"Desir\u00e9e Nick  - Best of"},"content":{"rendered":"<p>D\u00e9sir\u00e9e Nick - celebrated satirist, bestselling author and brilliant actress - is one of the &quot;finest and meanest that German stages have to offer&quot; (FAZ). If you want to experience the Queen of Satire live, you shouldn&#039;t miss the current reading tour for her BEST OF PROGRAM 2024! As a big city lady, the native Berliner with heart and soul turns every reading into a happening! Meet &amp; Greet included, cheeky and elegant, but above all hilariously funny, the Golden Gossip Girl presents episodes from the showcase of life - straight forward, eloquent and always truthful! Since \u201cIs there life after forty?\u201d and consistently followed by \u201cIs there life after fifty?\u201d, \u201cEva go home\u201d and \u201cWhat our mothers didn\u2019t tell us\u201d, \u201cThe paint stays on!\u201d and \u201cOld white woman\u201d (2023, as a reply to \u201cOld white men\u201d), La Nick has been shedding light on generational conflict, trash phenomena, anti-aging problems, dissecting wisdom, wit and warts and standing up for the sensibilities of the baby boomer generation with a strong voice like no other. How a woman can keep her inner fire and why the best decades of life lie ahead of us from the age of 50+, it\u2019s all a question of the right attitude, aura and attitude. Even when it comes to encounters with the male world, and especially La Nick\u2019s infamous perspective on the loose sluts, are illuminated in a smug, charming and caustic, cheeky and loving way. And if we&#039;re talking about equality, then La Nick should also demand it in the face of stigmatization. For 30 years now, the entertainment icon has been comfortably straddling the gap between reality and high culture, nonchalantly combining social phenomena with biting satire as an author and moving from trash TV to stage drama in a culturally unique way.<\/p>","protected":false},"excerpt":{"rendered":"<p>D\u00c9SIR\u00c9E NICK, THE NATION&#039;S SHARPEST TONGUE, THE GRAND DAME OF ENTERTAINMENT CULTURE READS FROM HER BESTSELLERS.<\/p>","protected":false},"featured_media":14917,"template":"","meta":{"_acf_changed":false,"inline_featured_image":false},"product_brand":[],"product_cat":[6725,31,95,430,86,35,21,58],"product_tag":[3049,954,3623,941,951,968,943,944,947,948],"class_list":{"0":"post-14913","1":"product","2":"type-product","3":"status-publish","4":"has-post-thumbnail","6":"product_cat-comedy","7":"product_cat-events","8":"product_cat-humor","9":"product_cat-kupfersaal","10":"product_cat-leipzig","11":"product_cat-orte","12":"product_cat-ticket","13":"product_cat-veranstaltung","14":"product_tag-best-of","15":"product_tag-comedy","16":"product_tag-desiree-nick","17":"product_tag-events","18":"product_tag-kultur","19":"product_tag-kupfersaal","20":"product_tag-leipzig","21":"product_tag-orte","22":"product_tag-ticket","23":"product_tag-veranstaltung","24":"product_shipping_class-nur_paketversand","25":"pa_discount-ermaessigt","26":"pa_discount-normalpreis","27":"pa_preiskategorie-freie-platzwahl","29":"first","30":"instock","31":"taxable","32":"shipping-taxable","33":"purchasable","34":"product-type-variable"},"group_of_quantity":0,"min_quantity":0,"max_quantity":"","exclude_order_quantity_value_rules":"no","exclude_category_quantity_rules":"no","combine_variations":"no","acf":[],"_links":{"self":[{"href":"https:\/\/arena-ticket.com\/en\/wp-json\/wp\/v2\/product\/14913","targetHints":{"allow":["GET"]}}],"collection":[{"href":"https:\/\/arena-ticket.com\/en\/wp-json\/wp\/v2\/product"}],"about":[{"href":"https:\/\/arena-ticket.com\/en\/wp-json\/wp\/v2\/types\/product"}],"wp:featuredmedia":[{"embeddable":true,"href":"https:\/\/arena-ticket.com\/en\/wp-json\/wp\/v2\/media\/14917"}],"wp:attachment":[{"href":"https:\/\/arena-ticket.com\/en\/wp-json\/wp\/v2\/media?parent=14913"}],"wp:term":[{"taxonomy":"product_brand","embeddable":true,"href":"https:\/\/arena-ticket.com\/en\/wp-json\/wp\/v2\/product_brand?post=14913"},{"taxonomy":"product_cat","embeddable":true,"href":"https:\/\/arena-ticket.com\/en\/wp-json\/wp\/v2\/product_cat?post=14913"},{"taxonomy":"product_tag","embeddable":true,"href":"https:\/\/arena-ticket.com\/en\/wp-json\/wp\/v2\/product_tag?post=14913"}],"curies":[{"name":"wp","href":"https:\/\/api.w.org\/{rel}","templated":true}]}}