{"id":17345,"date":"2024-08-30T14:20:46","date_gmt":"2024-08-30T12:20:46","guid":{"rendered":"https:\/\/arena-ticket.com\/?p=17345&#038;post_type=product&#038;preview_id=17345"},"modified":"2025-10-06T22:15:56","modified_gmt":"2025-10-06T20:15:56","slug":"mike-kilian-mike-verstaerkung-halle-konzerthalle-ulrichskirche-18-10-2025-1930-uhr","status":"publish","type":"product","link":"https:\/\/arena-ticket.com\/en\/product\/mike-kilian-mike-verstaerkung-halle-konzerthalle-ulrichskirche-18-10-2025-1930-uhr\/","title":{"rendered":"Mike Kilian  - Mike &amp; Verst\u00e4rkung"},"content":{"rendered":"<p>&nbsp;<\/p>\n<p><strong>Die Veranstaltung wurde vom 18.10.25 auf 21.02.26 verlegt.\u00a0Karten behalten ihre G\u00fcltigkeit oder k\u00f6nnen zur\u00fcckgegeben werden.<\/strong><\/p>\n<p>&nbsp;<\/p>\n<p><em>biography<\/em><\/p>\n<p>&nbsp;<\/p>\n<p class=\"p5 f23\">He wrote songs for Edo Zanki and &quot;DIE PRINZEN&quot;, toured with Sabrina Setlur as a backup and was the head of the &quot;WAGNERAMA&quot; project, which was successfully released in over 10 countries. His greatest successes in this country are as lead singer, lyricist and composer of the group &quot;ROCKHAUS&quot;. He is also successful in classical music, as the project &quot;A CHILD IS BORN&quot; by GF H\u00e4ndel proves. The fact that he inherited some of his talent from his father (Siegfried Kilian - an actor at the Berliner Ensemble) could be seen in Hamburg at the musical &quot;Yesterday&quot;.<\/p>\n<p class=\"p5 f23\">He also lent his voice to a firefly in the popular radio play series \u201cMonika H\u00e4usschen\u201d.<\/p>\n<p class=\"p5 f23\">Since 2002 he has released 6 solo CDs and tours the country acoustically.<\/p>","protected":false},"excerpt":{"rendered":"<p class=\"stage-headline\" data-qa=\"event-headline\">Mike Kilian - Mike &amp; Verst\u00e4rkung kommt zu einem Konzert in die hallesche Konzerthalle Ulrichskirche - sichern Sie sich Ihre Tickets!<\/p>\n<p>&nbsp;<\/p>\n<p>&nbsp;<\/p>","protected":false},"featured_media":13138,"template":"","meta":{"_acf_changed":false,"inline_featured_image":false},"product_brand":[],"product_cat":[31,102,69,423,35,6746,21,58],"product_tag":[941,999,942,2997,3860,3859,947,948],"class_list":{"0":"post-17345","1":"product","2":"type-product","3":"status-publish","4":"has-post-thumbnail","6":"product_cat-events","7":"product_cat-halle","8":"product_cat-konzert","9":"product_cat-konzerthalle-ulrichskirche","10":"product_cat-orte","11":"product_cat-singer-songwriter","12":"product_cat-ticket","13":"product_cat-veranstaltung","14":"product_tag-events","15":"product_tag-halle","16":"product_tag-konzert","17":"product_tag-konzerthalle-ulrichskirche","18":"product_tag-mike-verstaerkung","19":"product_tag-mike-kilian","20":"product_tag-ticket","21":"product_tag-veranstaltung","22":"product_shipping_class-nur_paketversand","23":"pa_discount-normalpreis","24":"pa_preiskategorie-pk-i","25":"pa_preiskategorie-pk-ii","27":"first","28":"instock","29":"taxable","30":"shipping-taxable","31":"purchasable","32":"product-type-variable"},"group_of_quantity":0,"min_quantity":0,"max_quantity":"","exclude_order_quantity_value_rules":"no","exclude_category_quantity_rules":"no","combine_variations":"no","acf":[],"_links":{"self":[{"href":"https:\/\/arena-ticket.com\/en\/wp-json\/wp\/v2\/product\/17345","targetHints":{"allow":["GET"]}}],"collection":[{"href":"https:\/\/arena-ticket.com\/en\/wp-json\/wp\/v2\/product"}],"about":[{"href":"https:\/\/arena-ticket.com\/en\/wp-json\/wp\/v2\/types\/product"}],"wp:featuredmedia":[{"embeddable":true,"href":"https:\/\/arena-ticket.com\/en\/wp-json\/wp\/v2\/media\/13138"}],"wp:attachment":[{"href":"https:\/\/arena-ticket.com\/en\/wp-json\/wp\/v2\/media?parent=17345"}],"wp:term":[{"taxonomy":"product_brand","embeddable":true,"href":"https:\/\/arena-ticket.com\/en\/wp-json\/wp\/v2\/product_brand?post=17345"},{"taxonomy":"product_cat","embeddable":true,"href":"https:\/\/arena-ticket.com\/en\/wp-json\/wp\/v2\/product_cat?post=17345"},{"taxonomy":"product_tag","embeddable":true,"href":"https:\/\/arena-ticket.com\/en\/wp-json\/wp\/v2\/product_tag?post=17345"}],"curies":[{"name":"wp","href":"https:\/\/api.w.org\/{rel}","templated":true}]}}