{"id":17349,"date":"2024-08-30T15:22:00","date_gmt":"2024-08-30T13:22:00","guid":{"rendered":"https:\/\/arena-ticket.com\/?p=17349&#038;post_type=product&#038;preview_id=17349"},"modified":"2025-06-05T14:53:47","modified_gmt":"2025-06-05T12:53:47","slug":"soehne-mannheims-piano-steintor-variete-halle-11-10-2025-2000-uhr","status":"publish","type":"product","link":"https:\/\/arena-ticket.com\/en\/product\/soehne-mannheims-piano-steintor-variete-halle-11-10-2025-2000-uhr\/","title":{"rendered":"S\u00f6hne Mannheims - Piano"},"content":{"rendered":"<p>For 29 years, S\u00d6HNE MANNHEIMS have been one of the best-known and most successful German bands. After 18 gold and 8 platinum albums, after touring clubs and halls, they can now be seen live again: with the new album KOMPASS and new projects such as S\u00d6HNE MANNHEIMS PIANO. A grand piano, a great pianist and great voices! Sometimes that&#039;s all it takes to bring timeless S\u00f6hne hits such as &quot;Und wenn ein Lied&quot; or &quot;Das hat die Welt noch nicht gesehen&quot; to the stage in an intense way. At the concert on the island of Wilhelmstein, an evening full of goosebumps can be expected - with all the big S\u00f6hne hits and songs from the new S\u00f6hne album KOMPASS, musically led by the classically trained S\u00f6hne Mannheims pianist Florian Sitzmann (also Andr\u00e9 Heller, Joris, Mine, among others), who significantly shapes the S\u00f6hne sound with his sensitive and virtuoso piano playing. Fascinating piano lines combined with excellent polyphonic singing - that is the magical blend that makes a S\u00d6HNE MANNHEIMS PIANO concert unique. Also present are the long-time S\u00f6hne Mannheims singer and producer Michael Klimas, the vocalists Dominic Sanz and Karim Amun with their impressive soul voices, the S\u00f6hne songwriter and singer Giuseppe &quot;Gastone&quot; Porrello with his distinctive raspy voice and the eloquent S\u00f6hne rapper Metaphysics. This special concert format is not to be missed.<\/p>","protected":false},"excerpt":{"rendered":"<p>The S\u00d6HNE play only with piano and all voices. A rare event in a beautiful location with all the hits from the past and songs from the current album.<\/p>","protected":false},"featured_media":21040,"template":"","meta":{"_acf_changed":false,"inline_featured_image":false},"product_brand":[],"product_cat":[31,102,69,35,6733,496,58],"product_tag":[941,999,942,951,2494,3861,2788,948],"class_list":{"0":"post-17349","1":"product","2":"type-product","3":"status-publish","4":"has-post-thumbnail","6":"product_cat-events","7":"product_cat-halle","8":"product_cat-konzert","9":"product_cat-orte","10":"product_cat-pop","11":"product_cat-steintor-variete","12":"product_cat-veranstaltung","13":"product_tag-events","14":"product_tag-halle","15":"product_tag-konzert","16":"product_tag-kultur","17":"product_tag-piano","18":"product_tag-soehne-mannheims","19":"product_tag-steintor-variete","20":"product_tag-veranstaltung","21":"product_shipping_class-nur_paketversand","22":"pa_discount-normalpreis","23":"pa_preiskategorie-pk-i","24":"pa_preiskategorie-pk-ii","25":"pa_preiskategorie-pk-iii","26":"pa_preiskategorie-pk-iv","28":"first","29":"instock","30":"taxable","31":"shipping-taxable","32":"purchasable","33":"product-type-variable"},"group_of_quantity":0,"min_quantity":0,"max_quantity":"","exclude_order_quantity_value_rules":"no","exclude_category_quantity_rules":"no","combine_variations":"no","acf":[],"_links":{"self":[{"href":"https:\/\/arena-ticket.com\/en\/wp-json\/wp\/v2\/product\/17349","targetHints":{"allow":["GET"]}}],"collection":[{"href":"https:\/\/arena-ticket.com\/en\/wp-json\/wp\/v2\/product"}],"about":[{"href":"https:\/\/arena-ticket.com\/en\/wp-json\/wp\/v2\/types\/product"}],"wp:featuredmedia":[{"embeddable":true,"href":"https:\/\/arena-ticket.com\/en\/wp-json\/wp\/v2\/media\/21040"}],"wp:attachment":[{"href":"https:\/\/arena-ticket.com\/en\/wp-json\/wp\/v2\/media?parent=17349"}],"wp:term":[{"taxonomy":"product_brand","embeddable":true,"href":"https:\/\/arena-ticket.com\/en\/wp-json\/wp\/v2\/product_brand?post=17349"},{"taxonomy":"product_cat","embeddable":true,"href":"https:\/\/arena-ticket.com\/en\/wp-json\/wp\/v2\/product_cat?post=17349"},{"taxonomy":"product_tag","embeddable":true,"href":"https:\/\/arena-ticket.com\/en\/wp-json\/wp\/v2\/product_tag?post=17349"}],"curies":[{"name":"wp","href":"https:\/\/api.w.org\/{rel}","templated":true}]}}