{"id":18889,"date":"2024-09-21T14:22:33","date_gmt":"2024-09-21T12:22:33","guid":{"rendered":"https:\/\/arena-ticket.com\/?p=18889&#038;post_type=product&#038;preview_id=18889"},"modified":"2025-03-03T15:21:11","modified_gmt":"2025-03-03T14:21:11","slug":"thomas-nicolai-huehm-wie-druehm-lesung-leipzig-academixer-keller-19-10-2024-1500-uhr","status":"publish","type":"product","link":"https:\/\/arena-ticket.com\/en\/product\/thomas-nicolai-huehm-wie-druehm-lesung-leipzig-academixer-keller-19-10-2024-1500-uhr\/","title":{"rendered":"Thomas Nicolai - H\u00dcHM WIE DR\u00dcHM Reading"},"content":{"rendered":"<p>Oarschwerbleede, Asterix off s\u00e4ggs\u00b4sch. Findschrischdischgudd! Four years after his first Saxon prank &quot;Sgladschdglei&quot;, comedian Thomas Nicolai is upping the ante. This time he has taken on &quot;Der gro\u00dfe Graben&quot;. That&#039;s going to be a Geigl!<\/p>","protected":false},"excerpt":{"rendered":"<p>Four years after his first Saxon prank &quot;Sgladschdglei&quot;, comedian Thomas Nicolai goes one step further.<\/p>","protected":false},"featured_media":18893,"template":"","meta":{"_acf_changed":false,"inline_featured_image":false},"product_brand":[],"product_cat":[351,6725,31,95,86,35,21,58],"product_tag":[3304,954,941,4003,943,958,4002,947,948],"class_list":{"0":"post-18889","1":"product","2":"type-product","3":"status-publish","4":"has-post-thumbnail","6":"product_cat-academixer-keller","7":"product_cat-comedy","8":"product_cat-events","9":"product_cat-humor","10":"product_cat-leipzig","11":"product_cat-orte","12":"product_cat-ticket","13":"product_cat-veranstaltung","14":"product_tag-academixer-keller","15":"product_tag-comedy","16":"product_tag-events","17":"product_tag-huehm-wie-druehm-lesung","18":"product_tag-leipzig","19":"product_tag-show","20":"product_tag-thomas-nicolai","21":"product_tag-ticket","22":"product_tag-veranstaltung","23":"product_shipping_class-nur_paketversand","24":"pa_discount-normalpreis","25":"pa_preiskategorie-pk-i","27":"first","28":"outofstock","29":"taxable","30":"shipping-taxable","31":"purchasable","32":"product-type-variable"},"group_of_quantity":0,"min_quantity":0,"max_quantity":"","exclude_order_quantity_value_rules":"no","exclude_category_quantity_rules":"no","combine_variations":"no","acf":[],"_links":{"self":[{"href":"https:\/\/arena-ticket.com\/en\/wp-json\/wp\/v2\/product\/18889","targetHints":{"allow":["GET"]}}],"collection":[{"href":"https:\/\/arena-ticket.com\/en\/wp-json\/wp\/v2\/product"}],"about":[{"href":"https:\/\/arena-ticket.com\/en\/wp-json\/wp\/v2\/types\/product"}],"wp:featuredmedia":[{"embeddable":true,"href":"https:\/\/arena-ticket.com\/en\/wp-json\/wp\/v2\/media\/18893"}],"wp:attachment":[{"href":"https:\/\/arena-ticket.com\/en\/wp-json\/wp\/v2\/media?parent=18889"}],"wp:term":[{"taxonomy":"product_brand","embeddable":true,"href":"https:\/\/arena-ticket.com\/en\/wp-json\/wp\/v2\/product_brand?post=18889"},{"taxonomy":"product_cat","embeddable":true,"href":"https:\/\/arena-ticket.com\/en\/wp-json\/wp\/v2\/product_cat?post=18889"},{"taxonomy":"product_tag","embeddable":true,"href":"https:\/\/arena-ticket.com\/en\/wp-json\/wp\/v2\/product_tag?post=18889"}],"curies":[{"name":"wp","href":"https:\/\/api.w.org\/{rel}","templated":true}]}}