{"id":20133,"date":"2024-10-08T10:05:54","date_gmt":"2024-10-08T08:05:54","guid":{"rendered":"https:\/\/arena-ticket.com\/?p=20133&#038;post_type=product&#038;preview_id=20133"},"modified":"2025-11-12T08:20:11","modified_gmt":"2025-11-12T07:20:11","slug":"kerstin-ott-fuer-immer-fuer-euch-tour-2025-leipzig-quarterback-immobilien-arena-12-11-2025-2000-uhr","status":"publish","type":"product","link":"https:\/\/arena-ticket.com\/en\/product\/kerstin-ott-fuer-immer-fuer-euch-tour-2025-leipzig-quarterback-immobilien-arena-12-11-2025-2000-uhr\/","title":{"rendered":"Kerstin Ott - F\u00fcr Immer F\u00fcr Euch"},"content":{"rendered":"<p style=\"text-align: justify\"><span style=\"font-size: 10.0pt;font-family: 'Arial',sans-serif;color: #555555\">For eight years, Kerstin Ott has enriched the German music scene with her unique voice and her feeling for touching stories. Her new album &quot;F\u00fcr immer f\u00fcr dich&quot; reflects this versatility and promises a multifaceted live show: The title song &quot;F\u00fcr immer f\u00fcr dich&quot; combines Kerstin&#039;s soulful, acoustic side with danceable club beats for the first time. Songs like &quot;Alte Liebe rostet nie&quot; and &quot;Bye Bye&quot; take up the nostalgic sound of Kerstin&#039;s youth. Thoughtful tones can be found in songs like &quot;Das letzte Hemd hat keine Taschen&quot; and &quot;Und ich lieg wach&quot;. Kerstin Ott stands for authenticity and down-to-earthness. Her lyrics make you think and address topics that move many people. The artist not only shares her music on stage, but also her thoughts and experiences: She gives personal insights into her lifestyle, such as quitting smoking and switching to a vegan diet. She shows her reflections on social issues and how to deal with other people and encourages people to pursue their own dreams and tackle changes.<\/span><\/p>\n<p style=\"text-align: justify\"><span style=\"font-size: 10.0pt;font-family: 'Arial',sans-serif;color: #555555\">With almost 1.5 million records sold, gold and platinum awards for all her albums and successful tours through the largest venues in Austria, Switzerland and Germany, Kerstin Ott has sung her way into the hearts of her fans. The &quot;Forever for you&quot; tour promises to continue this success story. Kerstin Ott will present her new album live in large venues in 26 cities and offer a varied program of new songs and popular classics. The evening will be rounded off by a high-quality stage show that will showcase Kerstin&#039;s music to its full potential.<\/span><\/p>\n<p style=\"text-align: justify\"><span style=\"font-size: 10.0pt;font-family: 'Arial',sans-serif;color: #555555\">Kerstin Ott&#039;s &quot;Forever for you&quot; tour promises to be more than just an ordinary concert. It is an invitation to laugh, dance, reflect and celebrate life in all its facets together. Fans can look forward to unforgettable evenings where Kerstin Ott will once again prove why she is one of the most popular and successful artists in Germany.<\/span><\/p>","protected":false},"excerpt":{"rendered":"<p>Get your tickets here!<\/p>","protected":false},"featured_media":52368,"template":"","meta":{"_acf_changed":false,"inline_featured_image":false},"product_brand":[],"product_cat":[31,69,86,35,37,6734,21,22,58],"product_tag":[941,4086,4085,942,943,945,947,973,948],"class_list":{"0":"post-20133","1":"product","2":"type-product","3":"status-publish","4":"has-post-thumbnail","6":"product_cat-events","7":"product_cat-konzert","8":"product_cat-leipzig","9":"product_cat-orte","10":"product_cat-quarterback-immobilien-arena","11":"product_cat-schlager","12":"product_cat-ticket","13":"product_cat-ticketupgrades-zusatzleistungen","14":"product_cat-veranstaltung","15":"product_tag-events","16":"product_tag-fuer-immer-fuer-euch","17":"product_tag-kerstin-ott","18":"product_tag-konzert","19":"product_tag-leipzig","20":"product_tag-quarterback-immobilien-arena","21":"product_tag-ticket","22":"product_tag-ticketupgrades-zusatzleistungen","23":"product_tag-veranstaltung","24":"product_shipping_class-abholung_paketversand","25":"pa_discount-inklusive-begleitperson","26":"pa_discount-kind","27":"pa_discount-normalpreis","28":"pa_discount-vip-sitzplatz","29":"pa_preiskategorie-ggv-up","30":"pa_preiskategorie-pgv-up","31":"pa_preiskategorie-pk-i","32":"pa_preiskategorie-pk-ii","33":"pa_preiskategorie-pk-iii","34":"pa_preiskategorie-pk-iv","35":"pa_preiskategorie-pk-v","36":"pa_preiskategorie-rollstuhlfahrer","37":"pa_preiskategorie-stehplatz","38":"pa_preiskategorie-vip-package-backstage-club","39":"pa_preiskategorie-vipu-up","41":"first","42":"instock","43":"taxable","44":"shipping-taxable","45":"purchasable","46":"product-type-variable"},"group_of_quantity":0,"min_quantity":0,"max_quantity":"","exclude_order_quantity_value_rules":"no","exclude_category_quantity_rules":"no","combine_variations":"no","acf":[],"_links":{"self":[{"href":"https:\/\/arena-ticket.com\/en\/wp-json\/wp\/v2\/product\/20133","targetHints":{"allow":["GET"]}}],"collection":[{"href":"https:\/\/arena-ticket.com\/en\/wp-json\/wp\/v2\/product"}],"about":[{"href":"https:\/\/arena-ticket.com\/en\/wp-json\/wp\/v2\/types\/product"}],"wp:featuredmedia":[{"embeddable":true,"href":"https:\/\/arena-ticket.com\/en\/wp-json\/wp\/v2\/media\/52368"}],"wp:attachment":[{"href":"https:\/\/arena-ticket.com\/en\/wp-json\/wp\/v2\/media?parent=20133"}],"wp:term":[{"taxonomy":"product_brand","embeddable":true,"href":"https:\/\/arena-ticket.com\/en\/wp-json\/wp\/v2\/product_brand?post=20133"},{"taxonomy":"product_cat","embeddable":true,"href":"https:\/\/arena-ticket.com\/en\/wp-json\/wp\/v2\/product_cat?post=20133"},{"taxonomy":"product_tag","embeddable":true,"href":"https:\/\/arena-ticket.com\/en\/wp-json\/wp\/v2\/product_tag?post=20133"}],"curies":[{"name":"wp","href":"https:\/\/api.w.org\/{rel}","templated":true}]}}