{"id":20613,"date":"2024-10-14T12:21:37","date_gmt":"2024-10-14T10:21:37","guid":{"rendered":"https:\/\/arena-ticket.com\/?p=20613&#038;post_type=product&#038;preview_id=20613"},"modified":"2026-04-02T08:31:35","modified_gmt":"2026-04-02T06:31:35","slug":"schiller-euphoria-tour-2026-leipzig-quarterback-immobilien-arena-09-05-2026-2000-uhr","status":"publish","type":"product","link":"https:\/\/arena-ticket.com\/en\/product\/schiller-euphoria-tour-2026-leipzig-quarterback-immobilien-arena-09-05-2026-2000-uhr\/","title":{"rendered":"Schiller - Euphoria Tour"},"content":{"rendered":"<p>After acclaimed open air concerts and thrilling club shows, electronic romantic SCHILLER will finally return to Germany&#039;s most beautiful arenas in May 2026.<\/p>\n<p><strong>The &quot;EUPHORIA&quot; tour will take us into an immersive show experience with rich surround sound and a lighting concept that is precisely coordinated with the music. With a line-up of top international musicians, Christopher von Deylen alias SCHILLER will create euphoric soundscapes and prove once again how multifaceted and energetic electronic live music is.<\/strong><br \/>\nThe &quot;EUPHORIA&quot; tour takes us on a journey through SCHILLER&#039;s spectacular sound cosmos and delights with epic classics as well as brand new works from the album of the same name (release: autumn 2025). Whether you&#039;re a loyal fan or a new discoverer: the intense fusion of electronic soundscapes, hypnotic beats and acoustic instruments promises pure emotion. Enveloped by atmospheric light poetry and SCHILLER&#039;s award-winning surround sound, the audience floats in a sea of sound and euphoria. SCHILLER: &quot;After atmospheric concerts under the starry sky, I&#039;m looking forward to unforgettable energy moments with a fantastic audience in the largest arenas in Germany. The journey continues.&quot;<\/p>\n<p>Zw\u00f6lf Top-10 Alben, darunter zehn Nummer-1-Platzierungen und zahlreiche Gold- und Platinauszeichnungen, weit \u00fcber sieben Millionen verkaufter Tontr\u00e4ger: SCHILLER\u2019s einzigartige Kompositionen erreichen Menschen auf der ganzen Welt. Umjubelte Auftritte, wie beispielsweise erst k\u00fcrzlich in London, der Ukraine oder in Mazedonien beweisen, dass SCHILLER\u2019s Musik Menschen aus der ganzen Welt verbindet.<\/p>\n<p>In May 2026 we will finally be back in the most beautiful arenas in Germany. We are looking forward to: \u201cEUPHORIA\u201d in fascinating surround sound.<\/p>","protected":false},"excerpt":{"rendered":"<p>For the first time as a surround sound experience!<\/p>","protected":false},"featured_media":50383,"template":"","meta":{"_acf_changed":false,"inline_featured_image":false},"product_brand":[],"product_cat":[6747,31,69,86,35,37,21,22,58],"product_tag":[2457,4114,941,942,943,944,945,1600,947,973,948],"class_list":{"0":"post-20613","1":"product","2":"type-product","3":"status-publish","4":"has-post-thumbnail","6":"product_cat-electronic","7":"product_cat-events","8":"product_cat-konzert","9":"product_cat-leipzig","10":"product_cat-orte","11":"product_cat-quarterback-immobilien-arena","12":"product_cat-ticket","13":"product_cat-ticketupgrades-zusatzleistungen","14":"product_cat-veranstaltung","15":"product_tag-electronic","16":"product_tag-euphoria-tour","17":"product_tag-events","18":"product_tag-konzert","19":"product_tag-leipzig","20":"product_tag-orte","21":"product_tag-quarterback-immobilien-arena","22":"product_tag-schiller","23":"product_tag-ticket","24":"product_tag-ticketupgrades-zusatzleistungen","25":"product_tag-veranstaltung","26":"product_shipping_class-abholung_paketversand","27":"pa_discount-inklusive-begleitperson","28":"pa_discount-kind","29":"pa_discount-normalpreis","30":"pa_preiskategorie-ggv-up","31":"pa_preiskategorie-pgv-up","32":"pa_preiskategorie-pk-i","33":"pa_preiskategorie-pk-ii","34":"pa_preiskategorie-pk-iii","35":"pa_preiskategorie-pk-iv","36":"pa_preiskategorie-pk-v","37":"pa_preiskategorie-rollstuhlfahrer","38":"pa_preiskategorie-stehplatz","40":"first","41":"instock","42":"taxable","43":"shipping-taxable","44":"purchasable","45":"product-type-variable"},"group_of_quantity":0,"min_quantity":0,"max_quantity":6,"exclude_order_quantity_value_rules":"no","exclude_category_quantity_rules":"no","combine_variations":"no","acf":[],"_links":{"self":[{"href":"https:\/\/arena-ticket.com\/en\/wp-json\/wp\/v2\/product\/20613","targetHints":{"allow":["GET"]}}],"collection":[{"href":"https:\/\/arena-ticket.com\/en\/wp-json\/wp\/v2\/product"}],"about":[{"href":"https:\/\/arena-ticket.com\/en\/wp-json\/wp\/v2\/types\/product"}],"wp:featuredmedia":[{"embeddable":true,"href":"https:\/\/arena-ticket.com\/en\/wp-json\/wp\/v2\/media\/50383"}],"wp:attachment":[{"href":"https:\/\/arena-ticket.com\/en\/wp-json\/wp\/v2\/media?parent=20613"}],"wp:term":[{"taxonomy":"product_brand","embeddable":true,"href":"https:\/\/arena-ticket.com\/en\/wp-json\/wp\/v2\/product_brand?post=20613"},{"taxonomy":"product_cat","embeddable":true,"href":"https:\/\/arena-ticket.com\/en\/wp-json\/wp\/v2\/product_cat?post=20613"},{"taxonomy":"product_tag","embeddable":true,"href":"https:\/\/arena-ticket.com\/en\/wp-json\/wp\/v2\/product_tag?post=20613"}],"curies":[{"name":"wp","href":"https:\/\/api.w.org\/{rel}","templated":true}]}}