{"id":21667,"date":"2024-10-28T13:28:21","date_gmt":"2024-10-28T12:28:21","guid":{"rendered":"https:\/\/arena-ticket.com\/?post_type=product&#038;p=21667"},"modified":"2025-11-04T10:38:57","modified_gmt":"2025-11-04T09:38:57","slug":"lets-dance-die-live-tour-2025-leipzig-quarterback-immobilien-arena-04-11-2025-2000-uhr","status":"publish","type":"product","link":"https:\/\/arena-ticket.com\/en\/product\/lets-dance-die-live-tour-2025-leipzig-quarterback-immobilien-arena-04-11-2025-2000-uhr\/","title":{"rendered":"LET&#039;S DANCE - The Live Tour 2025"},"content":{"rendered":"<p>***The event ticket includes travel authorization for all MDV means of transport (tariff zone 110) 4 hours before + after the event***<\/p>\n<p>&nbsp;<\/p>\n<p>Morgen startet die beliebte Tanzshow \"Let\u2019s Dance \u2013 Die Live-Tour 2024\" vor einer ausverkauften Arena. 5.500 Besucher erleben den Tourauftakt in der WT Energiesysteme Arena und d\u00fcrfen sich auf ein unvergleichliches Show-Erlebnis freuen. Mehr als 170.000 Fans werden bei der Live-Tour 2024 dabei sein, Grund genug 2025 in die sechste Runde zu gehen. \u201eLet\u2019s Dance \u2013 Die Live Tour\u201c reist auch 2025 quer durch Deutschland und die Schweiz. Auf Grund der hohen Nachfrage, diesmal sogar mit zwei Terminen in Z\u00fcrich und als neue Station ist Erfurt neu im Tourplan. Nat\u00fcrlich sind die charismatischen Juroren Motsi Mabuse, Joachim Llambi und Jorge Gonz\u00e1lez sowie Moderator Daniel Hartwich erneut mit von der Partie, zusammen mit zahlreichen beliebten Profis und spannenden neuen Prominenten. Tickets f\u00fcr die Tour 2025 gibt es \u00a0ab Freitag, den 01.11.2024 um 10:00 Uhr an allen bekannten Vorverkaufsstellen.<\/p>\n<p>Since 2006, &quot;Let&#039;s Dance&quot; has been delighting TV audiences as a German adaptation of the BBC format &quot;Strictly Come Dancing&quot;. In 2025, we can look forward to the 18th TV season, in which prominent personalities will once again take on the exciting dance competition. The LIVE show will seamlessly follow on from this success. We can look back on over 4 tours in mostly sold-out halls. Our impressive show production will again include complex technology with 17 trucks next year, which will transport 680 tons of equipment smoothly from city to city to ensure the unique ballroom atmosphere in the event halls. More than 140 people work on this big show, in the front but also primarily in the background. 5 nightliners are available for this. Fans can look forward to great lighting, imaginative costumes and meticulously worked out choreographies, which of course are the heart of the tour.<br \/>\nThe fascination of &quot;Let&#039;s Dance&quot; will once again captivate all generations in 2025. Shining eyes look at the 250m\u00b2 dance floor when the most beautiful dances of the last season are performed. Whether you&#039;re a dance-loving fan, a hobby dancer or two left feet, everyone is excited when the celebrity candidates and their professional partners fight for the favor of the jury and the audience. The upcoming TV season in spring 2025 will once again give us numerous goosebumps moments with new pairings and new emotional songs. Between cheers, tears and breathtaking choreographies, viewers experience the whole range of emotions - that&#039;s the recipe for success of &quot;Let&#039;s Dance&quot;.<\/p>\n<p>The 2025 live tour brings that special &quot;Let&#039;s Dance&quot; feeling directly to the fans in the first to the last row. The unique atmosphere and the applause of the spectators give participants and audiences alike goosebumps in the large arenas. The iconic jury consisting of Motsi Mabuse, Joachim Llambi and Jorge Gonz\u00e1lez, as well as presenter Daniel Hartwich, accompany the couples through spirited rumbas, flowing waltzes, intimate tangos, lively jives and our ever-popular audience disco fox. The crowning glory at the end is that the audience will help decide which dance couple will win the coveted trophy that evening. We are looking forward to many beautiful couple dances, high-quality group performances and the occasional smile from presenter Daniel Hartwich.<\/p>","protected":false},"excerpt":{"rendered":"<p>The original \u2013 exciting. Up close. Live.<\/p>","protected":false},"featured_media":49584,"template":"","meta":{"_acf_changed":false,"inline_featured_image":false},"product_brand":[],"product_cat":[86,35,37,21,22],"product_tag":[4190,941,943,2758,945,958,947,973,948],"class_list":{"0":"post-21667","1":"product","2":"type-product","3":"status-publish","4":"has-post-thumbnail","6":"product_cat-leipzig","7":"product_cat-orte","8":"product_cat-quarterback-immobilien-arena","9":"product_cat-ticket","10":"product_cat-ticketupgrades-zusatzleistungen","11":"product_tag-die-live-tour-2025","12":"product_tag-events","13":"product_tag-leipzig","14":"product_tag-lets-dance","15":"product_tag-quarterback-immobilien-arena","16":"product_tag-show","17":"product_tag-ticket","18":"product_tag-ticketupgrades-zusatzleistungen","19":"product_tag-veranstaltung","20":"product_shipping_class-abholung_paketversand","21":"pa_discount-lzig-eds","22":"pa_discount-lzig-ees","23":"pa_discount-gangplatz","24":"pa_discount-inklusive-begleitperson","25":"pa_discount-kind","26":"pa_discount-normalpreis","27":"pa_discount-vip-sitzplatz","28":"pa_preiskategorie-ggv-up","29":"pa_preiskategorie-livezig-up","30":"pa_preiskategorie-pgv-up","31":"pa_preiskategorie-pk-i","32":"pa_preiskategorie-pk-ii","33":"pa_preiskategorie-pk-iii","34":"pa_preiskategorie-pk-iv","35":"pa_preiskategorie-pk-v","36":"pa_preiskategorie-rollstuhlfahrer","37":"pa_preiskategorie-vip-package-backstage-club","38":"pa_preiskategorie-vipu-up","40":"first","41":"instock","42":"taxable","43":"shipping-taxable","44":"purchasable","45":"product-type-variable"},"group_of_quantity":0,"min_quantity":0,"max_quantity":"","exclude_order_quantity_value_rules":"no","exclude_category_quantity_rules":"no","combine_variations":"no","acf":[],"_links":{"self":[{"href":"https:\/\/arena-ticket.com\/en\/wp-json\/wp\/v2\/product\/21667","targetHints":{"allow":["GET"]}}],"collection":[{"href":"https:\/\/arena-ticket.com\/en\/wp-json\/wp\/v2\/product"}],"about":[{"href":"https:\/\/arena-ticket.com\/en\/wp-json\/wp\/v2\/types\/product"}],"wp:featuredmedia":[{"embeddable":true,"href":"https:\/\/arena-ticket.com\/en\/wp-json\/wp\/v2\/media\/49584"}],"wp:attachment":[{"href":"https:\/\/arena-ticket.com\/en\/wp-json\/wp\/v2\/media?parent=21667"}],"wp:term":[{"taxonomy":"product_brand","embeddable":true,"href":"https:\/\/arena-ticket.com\/en\/wp-json\/wp\/v2\/product_brand?post=21667"},{"taxonomy":"product_cat","embeddable":true,"href":"https:\/\/arena-ticket.com\/en\/wp-json\/wp\/v2\/product_cat?post=21667"},{"taxonomy":"product_tag","embeddable":true,"href":"https:\/\/arena-ticket.com\/en\/wp-json\/wp\/v2\/product_tag?post=21667"}],"curies":[{"name":"wp","href":"https:\/\/api.w.org\/{rel}","templated":true}]}}