{"id":22181,"date":"2024-11-05T14:11:19","date_gmt":"2024-11-05T13:11:19","guid":{"rendered":"https:\/\/arena-ticket.com\/?p=22181&#038;post_type=product&#038;preview_id=22181"},"modified":"2026-04-15T19:40:55","modified_gmt":"2026-04-15T17:40:55","slug":"dj-bobo-quarterback-immobilien-arena-leipzig-02-05-2026-20-00-uhr","status":"publish","type":"product","link":"https:\/\/arena-ticket.com\/en\/product\/dj-bobo-quarterback-immobilien-arena-leipzig-02-05-2026-20-00-uhr\/","title":{"rendered":"DJ Bobo - 2026"},"content":{"rendered":"<p>Mit \u201eThe Great Adventure\u201c startet DJ BoBo in seine neue Dimension der Live-Unterhaltung.<br \/>\nZwei Jahre Planung voller Herzblut, Kreativit\u00e4t und Vision:<br \/>\nAtemberaubende Kost\u00fcme und ein spektakul\u00e4res B\u00fchnenbild sind das Ergebnis einer langen Reise hinter den Kulissen.<br \/>\nNeue Songs und alle DJ BoBo-Hits, performt von seiner Band, gro\u00dfartigen S\u00e4nger:innen und \u00fcber 20 T\u00e4nzer:innen \/ Artist:innen.<br \/>\nFreu dich auf die ganz gro\u00dfe Show !<\/p>\n<p>(c) Michael Diehl<\/p>","protected":false},"excerpt":{"rendered":"<p>In 2026 DJ Bobo will return to the QUARTERBACK Immobilien ARENA.<\/p>","protected":false},"featured_media":50875,"template":"","meta":{"_acf_changed":false,"inline_featured_image":false},"product_brand":[],"product_cat":[6738,31,58,69,35,86,37,21,22],"product_tag":[4206,1117,4205,941,942,943,944,945,947,973,948],"class_list":{"0":"post-22181","1":"product","2":"type-product","3":"status-publish","4":"has-post-thumbnail","6":"product_cat-dance","7":"product_cat-events","8":"product_cat-veranstaltung","9":"product_cat-konzert","10":"product_cat-orte","11":"product_cat-leipzig","12":"product_cat-quarterback-immobilien-arena","13":"product_cat-ticket","14":"product_cat-ticketupgrades-zusatzleistungen","15":"product_tag-4206","16":"product_tag-dance","17":"product_tag-dj-bobo","18":"product_tag-events","19":"product_tag-konzert","20":"product_tag-leipzig","21":"product_tag-orte","22":"product_tag-quarterback-immobilien-arena","23":"product_tag-ticket","24":"product_tag-ticketupgrades-zusatzleistungen","25":"product_tag-veranstaltung","26":"product_shipping_class-abholung_paketversand","27":"pa_discount-vip-sitzplatz","28":"pa_discount-normalpreis","29":"pa_discount-ermaessigt","30":"pa_discount-inklusive-begleitperson","31":"pa_discount-lzig-eds","32":"pa_discount-lzig-ees","33":"pa_preiskategorie-early-entry-stehplatz","34":"pa_preiskategorie-front-of-stage-stehplatz","35":"pa_preiskategorie-pk-i","36":"pa_preiskategorie-pk-ii","37":"pa_preiskategorie-pk-iii","38":"pa_preiskategorie-pk-iv","39":"pa_preiskategorie-pk-v","40":"pa_preiskategorie-innenraum-stehplatz","41":"pa_preiskategorie-rollstuhlfahrer","42":"pa_preiskategorie-vip-package-backstage-club","43":"pa_preiskategorie-ggv-up","44":"pa_preiskategorie-pgv-up","45":"pa_preiskategorie-vipu-up","46":"pa_preiskategorie-livezig-up","48":"first","49":"instock","50":"taxable","51":"shipping-taxable","52":"purchasable","53":"product-type-variable"},"group_of_quantity":0,"min_quantity":0,"max_quantity":"","exclude_order_quantity_value_rules":"no","exclude_category_quantity_rules":"no","combine_variations":"no","acf":[],"_links":{"self":[{"href":"https:\/\/arena-ticket.com\/en\/wp-json\/wp\/v2\/product\/22181","targetHints":{"allow":["GET"]}}],"collection":[{"href":"https:\/\/arena-ticket.com\/en\/wp-json\/wp\/v2\/product"}],"about":[{"href":"https:\/\/arena-ticket.com\/en\/wp-json\/wp\/v2\/types\/product"}],"wp:featuredmedia":[{"embeddable":true,"href":"https:\/\/arena-ticket.com\/en\/wp-json\/wp\/v2\/media\/50875"}],"wp:attachment":[{"href":"https:\/\/arena-ticket.com\/en\/wp-json\/wp\/v2\/media?parent=22181"}],"wp:term":[{"taxonomy":"product_brand","embeddable":true,"href":"https:\/\/arena-ticket.com\/en\/wp-json\/wp\/v2\/product_brand?post=22181"},{"taxonomy":"product_cat","embeddable":true,"href":"https:\/\/arena-ticket.com\/en\/wp-json\/wp\/v2\/product_cat?post=22181"},{"taxonomy":"product_tag","embeddable":true,"href":"https:\/\/arena-ticket.com\/en\/wp-json\/wp\/v2\/product_tag?post=22181"}],"curies":[{"name":"wp","href":"https:\/\/api.w.org\/{rel}","templated":true}]}}