{"id":22421,"date":"2024-11-07T08:35:48","date_gmt":"2024-11-07T07:35:48","guid":{"rendered":"https:\/\/arena-ticket.com\/?p=22421&#038;post_type=product&#038;preview_id=22421"},"modified":"2025-09-30T18:17:29","modified_gmt":"2025-09-30T16:17:29","slug":"hoehner-1111-die-live-tour-2025-haus-leipzig-04-10-2025-2000-uhr","status":"publish","type":"product","link":"https:\/\/arena-ticket.com\/en\/product\/hoehner-1111-die-live-tour-2025-haus-leipzig-04-10-2025-2000-uhr\/","title":{"rendered":"H\u00f6hner 11+11  - Die Live-Tour 2025"},"content":{"rendered":"<p>&quot;Princess&quot;, &quot;It&#039;s not like you think&quot;, &quot;Au Revoir&quot;: The H\u00f6hner continue their great musical success story with great hits. With the album &quot;11+11&quot; in 2024, the musicians recorded eleven brand new songs and showed that the H\u00f6hner are more up-to-date than ever. In addition, they took eleven timeless milestones from the band&#039;s history, re-recorded them in a modern way and brought them into the musical present. Because even today, the H\u00f6hner, just like the cathedral city they sing about, are still &quot;e Jef\u00f6hl&quot;! Everyone can be inspired by this on the new live tour &quot;11+11&quot;.<\/p>\n<p>Celebrated for decades for their sound without blinkers, for a musical &quot;feeling&quot; that can be understood everywhere despite the Cologne dialect, for their forays into other cultural contexts - from their own rock and roll circus show to Wacken - the H\u00f6hner are now opening the next chapter live. &quot;Now we want to show where the H\u00f6hner currently stand and, above all, how they sound,&quot; announces singer Patrick L\u00fcck.<\/p>\n<p>Of course, the frontman knows very well what a gift the stylistic freedom that the H\u00f6hner have is: one minute they are singers, then &quot;in the circus they are more of an artist or clown&quot;, musically they move seamlessly between rock, pop, party sounds, hits and folk. &quot;Thanks to this flexibility that we have, we can always surprise the fans without straying too far from our tradition.&quot; It&#039;s no wonder that &quot;11+11&quot; is extremely varied and, precisely for this reason, sounds absolutely consistent - and above all, authentic.<\/p>\n<p>The joy of playing, the sound and the unique energy of this band have always been fed by newcomers and transfers: Since the third singer Henning Krautmacher handed over the baton to Patrick L\u00fcck in 2021, the current six-man chain also consists of Micki Schl\u00e4ger (keyboards, vocals), Jens Streifling (guitar, sax, mandolin), Heiko Braun (drums), Freddi Lubitz (bass, vocals) and Edin \u010coli\u0107 aka Meister Ede (lead guitar). The six of them are continuing the history of the institution founded in 1972 as &quot;Ne H\u00f6hnerhoff&quot;, whose &quot;Viva Colonia&quot; was even covered by Metallica a few years ago.<\/p>\n<div class=\"event-list u-position-relative js-focus js-capacity-control\">\n<div class=\"js-cat-check\">\n<div class=\"event-list-item margin-bottom-s u-shadow standard-gray-shadow\" data-qa=\"event-list-item\">\n<div class=\"event-list-item-wrapper pc-list-item-space clearfix js-product-type\" data-cc-formcount=\"1_1_vip_packages\">\n<div class=\"event-list-content pc-list-item-space no-padding-top\">\n<div class=\"paragraph external-content\">\n<div class=\"u-position-relative js-moretext-wrapper\">\n<div class=\"moretext js-moretext expanded\" data-qa=\"readMoreText\" aria-expanded=\"true\">\n<div class=\"moretext-teaser\"><\/div>\n<\/div>\n<div class=\"link moretext-toggle\" aria-hidden=\"true\"><\/div>\n<\/div>\n<\/div>\n<\/div>\n<\/div>\n<\/div>\n<\/div>\n<\/div>\n<p class=\"paragraph legalhint-text font-size-m line-height-l\">","protected":false},"excerpt":{"rendered":"<p>Secure your tickets!<\/p>","protected":false},"featured_media":50531,"template":"","meta":{"_acf_changed":false,"inline_featured_image":false},"product_brand":[],"product_cat":[31,349,69,86,35,6732,21,58],"product_tag":[4190,941,955,4237,942,943,944,947,948],"class_list":{"0":"post-22421","1":"product","2":"type-product","3":"status-publish","4":"has-post-thumbnail","6":"product_cat-events","7":"product_cat-haus-leipzig","8":"product_cat-konzert","9":"product_cat-leipzig","10":"product_cat-orte","11":"product_cat-rock-hard-rock","12":"product_cat-ticket","13":"product_cat-veranstaltung","14":"product_tag-die-live-tour-2025","15":"product_tag-events","16":"product_tag-haus-leipzig","17":"product_tag-hoehner-1111","18":"product_tag-konzert","19":"product_tag-leipzig","20":"product_tag-orte","21":"product_tag-ticket","22":"product_tag-veranstaltung","23":"product_shipping_class-nur_paketversand","24":"pa_discount-normalpreis","25":"pa_preiskategorie-pk-i","26":"pa_preiskategorie-pk-ii","27":"pa_preiskategorie-pk-iii","29":"first","30":"instock","31":"taxable","32":"shipping-taxable","33":"purchasable","34":"product-type-variable"},"group_of_quantity":0,"min_quantity":0,"max_quantity":"","exclude_order_quantity_value_rules":"no","exclude_category_quantity_rules":"no","combine_variations":"no","acf":[],"_links":{"self":[{"href":"https:\/\/arena-ticket.com\/en\/wp-json\/wp\/v2\/product\/22421","targetHints":{"allow":["GET"]}}],"collection":[{"href":"https:\/\/arena-ticket.com\/en\/wp-json\/wp\/v2\/product"}],"about":[{"href":"https:\/\/arena-ticket.com\/en\/wp-json\/wp\/v2\/types\/product"}],"wp:featuredmedia":[{"embeddable":true,"href":"https:\/\/arena-ticket.com\/en\/wp-json\/wp\/v2\/media\/50531"}],"wp:attachment":[{"href":"https:\/\/arena-ticket.com\/en\/wp-json\/wp\/v2\/media?parent=22421"}],"wp:term":[{"taxonomy":"product_brand","embeddable":true,"href":"https:\/\/arena-ticket.com\/en\/wp-json\/wp\/v2\/product_brand?post=22421"},{"taxonomy":"product_cat","embeddable":true,"href":"https:\/\/arena-ticket.com\/en\/wp-json\/wp\/v2\/product_cat?post=22421"},{"taxonomy":"product_tag","embeddable":true,"href":"https:\/\/arena-ticket.com\/en\/wp-json\/wp\/v2\/product_tag?post=22421"}],"curies":[{"name":"wp","href":"https:\/\/api.w.org\/{rel}","templated":true}]}}