{"id":22484,"date":"2024-11-07T17:55:14","date_gmt":"2024-11-07T16:55:14","guid":{"rendered":"https:\/\/arena-ticket.com\/?p=22484&#038;post_type=product&#038;preview_id=22484"},"modified":"2026-03-11T11:48:52","modified_gmt":"2026-03-11T10:48:52","slug":"ein-abend-mit-henry-huebchen-leipzig-kupfersaal-26-01-2025-1800-uhr","status":"publish","type":"product","link":"https:\/\/arena-ticket.com\/en\/product\/ein-abend-mit-henry-huebchen-leipzig-kupfersaal-26-01-2025-1800-uhr\/","title":{"rendered":"EIN ABEND MIT HENRY H\u00dcBCHEN - Der KULTURTALK mit Robert Rauh"},"content":{"rendered":"<p>Unfortunately the event has to be postponed from SUN 26.01.25 to SUN 05.10.25 due to filming.<br \/>\nTickets already purchased remain valid and do NOT need to be exchanged.<\/p>\n<p>&nbsp;<\/p>\n<p>He never wanted to be an actor, nor did he want to end up in Hollywood. What Henry H\u00fcbchen did want, however, was to &quot;have fun at work.&quot; And his audience loves him for this joy of acting. The well-known actor Henry H\u00fcbchen talks to presenter Robert Rauh about his eventful career - about theater, film and music. The evening will be accompanied by music from the singer, musician and composer G\u00fcnther Fischer, who has composed numerous film scores for productions with Marlene Dietrich, Armin Mueller-Stahl, Manfred Krug, Robert Mitchum and Tony Curtis, among others. Henry H\u00fcbchen is rarely seen on talk shows, but here he answers questions from the host, presenter and author Robert Rauh, who recently published the two books &quot;Fontane&#039;s Five Castles&quot; and &quot;Fontane&#039;s Women.&quot; The audience can look forward to an extremely amusing and entertaining evening with surprising insights and exciting views from Henry H\u00fcbchen&#039;s eventful life.<\/p>\n<p>Henry H\u00fcbchen was born in Charlottenburg, even if you wouldn&#039;t immediately suspect it, but he grew up in the east of the city. Henry H\u00fcbchen was born in Berlin in 1947 and initially began studying physics before moving to the renowned Ernst Busch acting school.<\/p>\n<p>At the age of 19, he first appeared in front of the camera in the DEFA Indian film &quot;The Sons of the Great Bear&quot;. He became known alongside Armin Mueller-Stahl and Erwin Geschonneck as the young Jew Mischa in Frank Beyer&#039;s masterpiece &quot;Jakob, the Liar&quot;, the only DEFA film to be nominated for an Oscar. From 1974, H\u00fcbchen played under Heiner M\u00fcller and Benno Besson at the Berlin Volksb\u00fchne, where he attracted attention with productions of Tennessee Williams&#039; &quot;A Streetcar Named Desire&quot; together with artistic director Frank Castorf and became the mouthpiece of an entire theater generation.<\/p>\n<p>After the fall of the Berlin Wall, he continued his career, but increasingly turned to film. He impressed as a melancholic detective in the crime series &quot;Polizeiruf 110&quot;, as an alcoholic film star in Andreas Dresen&#039;s &quot;Whisky mit Wodka&quot; and as a crisis-ridden mayor in Leander Hau\u00dfmann&#039;s &quot;Shark Alarm at M\u00fcggelsee&quot;. For his role as unemployed ex-GDR sports reporter Jaeckie Zucker in the hit film &quot;Alles auf Zucker&quot;, he received the German Film Award for Best Actor in 2005. Most recently, H\u00fcbchen played leading roles in the film adaptation of the popular &quot;K\u00e4nguru Chronicles&quot; directed by Dani Levy and in the &quot;Stasi Comedy&quot; by Leander Hau\u00dfmann. Henry H\u00fcbchen has the rare gift of enhancing every film and is therefore very popular with directors and producers. Hardly any other German actor is as versatile as Henry H\u00fcbchen. But he is never really satisfied: \u201cBasically, I am my own worst critic.\u201d<\/p>\n<p>What is less well known is that H\u00fcbchen appeared as a singer with the bands &quot;The Continentals&quot; and &quot;Klosterbr\u00fcder&quot; in the TV show &quot;Notenbank&quot; and wrote several songs for the band CITY, including the hit &quot;Casablanca&quot;.<\/p>\n<p>In addition, in the early 1980s he was twice East German champion in board sailing, as surfing was called in the East. &quot;I still don&#039;t have a life plan - not even a daily plan,&quot; said the actor in an interview, but he said that this relative lack of planning has &quot;worked out pretty well&quot; for him so far. So there&#039;s a lot to tell!<\/p>","protected":false},"excerpt":{"rendered":"<p>AN EVENING WITH HENRY H\u00dcBCHEN<br \/>\nThe KULTURTALK with Robert Rauh and musical accompaniment by G\u00fcnther Fischer<\/p>","protected":false},"featured_media":22486,"template":"","meta":{"_acf_changed":false,"inline_featured_image":false},"product_brand":[],"product_cat":[31,922,430,86,6764,35,21,58],"product_tag":[4250,4248,941,951,968,943,944,947,948],"class_list":{"0":"post-22484","1":"product","2":"type-product","3":"status-publish","4":"has-post-thumbnail","6":"product_cat-events","7":"product_cat-kultur","8":"product_cat-kupfersaal","9":"product_cat-leipzig","10":"product_cat-lesung","11":"product_cat-orte","12":"product_cat-ticket","13":"product_cat-veranstaltung","14":"product_tag-der-kulturtalk-mit-robert-rauh","15":"product_tag-ein-abend-mit-henry-huebchen","16":"product_tag-events","17":"product_tag-kultur","18":"product_tag-kupfersaal","19":"product_tag-leipzig","20":"product_tag-orte","21":"product_tag-ticket","22":"product_tag-veranstaltung","23":"product_shipping_class-nur_paketversand","24":"pa_discount-ermaessigt","25":"pa_discount-normalpreis","26":"pa_preiskategorie-freie-platzwahl","28":"first","29":"instock","30":"taxable","31":"shipping-taxable","32":"purchasable","33":"product-type-variable"},"group_of_quantity":0,"min_quantity":0,"max_quantity":"","exclude_order_quantity_value_rules":"no","exclude_category_quantity_rules":"no","combine_variations":"no","acf":[],"_links":{"self":[{"href":"https:\/\/arena-ticket.com\/en\/wp-json\/wp\/v2\/product\/22484","targetHints":{"allow":["GET"]}}],"collection":[{"href":"https:\/\/arena-ticket.com\/en\/wp-json\/wp\/v2\/product"}],"about":[{"href":"https:\/\/arena-ticket.com\/en\/wp-json\/wp\/v2\/types\/product"}],"wp:featuredmedia":[{"embeddable":true,"href":"https:\/\/arena-ticket.com\/en\/wp-json\/wp\/v2\/media\/22486"}],"wp:attachment":[{"href":"https:\/\/arena-ticket.com\/en\/wp-json\/wp\/v2\/media?parent=22484"}],"wp:term":[{"taxonomy":"product_brand","embeddable":true,"href":"https:\/\/arena-ticket.com\/en\/wp-json\/wp\/v2\/product_brand?post=22484"},{"taxonomy":"product_cat","embeddable":true,"href":"https:\/\/arena-ticket.com\/en\/wp-json\/wp\/v2\/product_cat?post=22484"},{"taxonomy":"product_tag","embeddable":true,"href":"https:\/\/arena-ticket.com\/en\/wp-json\/wp\/v2\/product_tag?post=22484"}],"curies":[{"name":"wp","href":"https:\/\/api.w.org\/{rel}","templated":true}]}}