{"id":22532,"date":"2024-11-08T09:49:20","date_gmt":"2024-11-08T08:49:20","guid":{"rendered":"https:\/\/arena-ticket.com\/?p=22532&#038;post_type=product&#038;preview_id=22532"},"modified":"2025-10-07T19:38:01","modified_gmt":"2025-10-07T17:38:01","slug":"ayliva-die-ayliva-tour-2025-leipzig-07-10-2025-quarterback-immobilien-arena","status":"publish","type":"product","link":"https:\/\/arena-ticket.com\/en\/product\/ayliva-die-ayliva-tour-2025-leipzig-07-10-2025-quarterback-immobilien-arena\/","title":{"rendered":"Ayliva - the Ayliva Tour 2025"},"content":{"rendered":"<p>***The event ticket includes travel authorization for all MDV means of transport (tariff zone 110) 4 hours before + after the event***<\/p>\n<p>&nbsp;<\/p>\n<p>Ayliva will return to the QUARTERBACK Immobilien ARENA in 2025.<\/p>\n<p>\u00a9LanPhilippLe<\/p>\n<p>F\u00fcr diese Veranstaltung werden ausschlie\u00dflich personalisierte Tickets verkauft. Zudem k\u00f6nnen maximal 6 Tickets erworben werden.<\/p>\n<p>Children under 6 years of age are only permitted to enter with a parent or guardian and wearing earmuffs.<\/p>\n<p>Children\/young people between 6 and 14 years of age may only attend the concerts if accompanied by a legal guardian who also has a ticket.<br \/>\nBetween the ages of 14 and 16, legal guardians can also transfer the care of the child\/young person to a person who can prove they are an adult. This requires that a fully completed parental consent form is available.<\/p>","protected":false},"excerpt":{"rendered":"<p>Ayliva will return to the QUARTERBACK Immobilien ARENA in 2025.<\/p>","protected":false},"featured_media":49238,"template":"","meta":{"_acf_changed":false,"inline_featured_image":false},"product_brand":[],"product_cat":[31,69,86,35,6733,37,21,22,58],"product_tag":[1304,4254,941,942,943,944,945,947,973,948],"class_list":{"0":"post-22532","1":"product","2":"type-product","3":"status-publish","4":"has-post-thumbnail","6":"product_cat-events","7":"product_cat-konzert","8":"product_cat-leipzig","9":"product_cat-orte","10":"product_cat-pop","11":"product_cat-quarterback-immobilien-arena","12":"product_cat-ticket","13":"product_cat-ticketupgrades-zusatzleistungen","14":"product_cat-veranstaltung","15":"product_tag-ayliva","16":"product_tag-die-ayliva-tour-2025","17":"product_tag-events","18":"product_tag-konzert","19":"product_tag-leipzig","20":"product_tag-orte","21":"product_tag-quarterback-immobilien-arena","22":"product_tag-ticket","23":"product_tag-ticketupgrades-zusatzleistungen","24":"product_tag-veranstaltung","25":"product_shipping_class-abholung_paketversand","26":"pa_discount-lzig-eds","27":"pa_discount-lzig-ees","28":"pa_discount-inklusive-begleitperson","29":"pa_discount-kind","30":"pa_discount-normalpreis","31":"pa_discount-vip-sitzplatz","32":"pa_discount-lzig-sds","33":"pa_discount-lzig-ses","34":"pa_preiskategorie-ggv-up","35":"pa_preiskategorie-livezig-up","36":"pa_preiskategorie-pgv-up","37":"pa_preiskategorie-pk-i","38":"pa_preiskategorie-pk-ii","39":"pa_preiskategorie-pk-iii","40":"pa_preiskategorie-rollstuhlfahrer","41":"pa_preiskategorie-stehplatz","42":"pa_preiskategorie-vip-package-backstage-club","43":"pa_preiskategorie-vipu-up","45":"first","46":"instock","47":"taxable","48":"shipping-taxable","49":"purchasable","50":"product-type-variable"},"group_of_quantity":0,"min_quantity":0,"max_quantity":"","exclude_order_quantity_value_rules":"no","exclude_category_quantity_rules":"no","combine_variations":"no","acf":[],"_links":{"self":[{"href":"https:\/\/arena-ticket.com\/en\/wp-json\/wp\/v2\/product\/22532","targetHints":{"allow":["GET"]}}],"collection":[{"href":"https:\/\/arena-ticket.com\/en\/wp-json\/wp\/v2\/product"}],"about":[{"href":"https:\/\/arena-ticket.com\/en\/wp-json\/wp\/v2\/types\/product"}],"wp:featuredmedia":[{"embeddable":true,"href":"https:\/\/arena-ticket.com\/en\/wp-json\/wp\/v2\/media\/49238"}],"wp:attachment":[{"href":"https:\/\/arena-ticket.com\/en\/wp-json\/wp\/v2\/media?parent=22532"}],"wp:term":[{"taxonomy":"product_brand","embeddable":true,"href":"https:\/\/arena-ticket.com\/en\/wp-json\/wp\/v2\/product_brand?post=22532"},{"taxonomy":"product_cat","embeddable":true,"href":"https:\/\/arena-ticket.com\/en\/wp-json\/wp\/v2\/product_cat?post=22532"},{"taxonomy":"product_tag","embeddable":true,"href":"https:\/\/arena-ticket.com\/en\/wp-json\/wp\/v2\/product_tag?post=22532"}],"curies":[{"name":"wp","href":"https:\/\/api.w.org\/{rel}","templated":true}]}}