{"id":22578,"date":"2024-11-11T09:26:49","date_gmt":"2024-11-11T08:26:49","guid":{"rendered":"https:\/\/arena-ticket.com\/?post_type=product&#038;p=22578"},"modified":"2025-09-16T08:41:39","modified_gmt":"2025-09-16T06:41:39","slug":"ayliva-die-ayliva-tour-2025-leipzig-quarterback-immoblien-arena","status":"publish","type":"product","link":"https:\/\/arena-ticket.com\/en\/product\/ayliva-die-ayliva-tour-2025-leipzig-quarterback-immoblien-arena\/","title":{"rendered":"Ayliva - the Ayliva Tour 2025"},"content":{"rendered":"<p>Ayliva will return to the QUARTERBACK Immobilien ARENA in 2025.<\/p>\n<p>\u00a9LanPhilippLe<\/p>\n<p>F\u00fcr diese Veranstaltung werden ausschlie\u00dflich personalisierte Tickets verkauft. Zudem k\u00f6nnen maximal 6 Tickets erworben werden.<\/p>\n<p>Children under 6 years of age are only permitted to enter with a parent or guardian and wearing earmuffs.<\/p>\n<p>Children\/young people between 6 and 14 years of age may only attend the concerts if accompanied by a legal guardian who also has a ticket.<br \/>\nBetween the ages of 14 and 16, legal guardians can also transfer the care of the child\/young person to a person who can prove they are an adult. This requires that a fully completed parental consent form is available.<\/p>","protected":false},"excerpt":{"rendered":"<p>Ayliva will be coming to the QUARTERBACK Immoblien ARENA for 2 shows in 2025.<\/p>","protected":false},"featured_media":22743,"template":"","meta":{"_acf_changed":false,"inline_featured_image":false},"product_brand":[],"product_cat":[86,35,37,15],"product_tag":[1304,4254,943,944,945,976],"class_list":{"0":"post-22578","1":"product","2":"type-product","3":"status-publish","4":"has-post-thumbnail","6":"product_cat-leipzig","7":"product_cat-orte","8":"product_cat-quarterback-immobilien-arena","9":"product_cat-unkategorisiert","10":"product_tag-ayliva","11":"product_tag-die-ayliva-tour-2025","12":"product_tag-leipzig","13":"product_tag-orte","14":"product_tag-quarterback-immobilien-arena","15":"product_tag-unkategorisiert","16":"product_shipping_class-nur_paketversand","18":"first","19":"instock","20":"taxable","21":"shipping-taxable","22":"product-type-grouped"},"group_of_quantity":0,"min_quantity":0,"max_quantity":"","exclude_order_quantity_value_rules":"no","exclude_category_quantity_rules":"no","combine_variations":"no","acf":[],"_links":{"self":[{"href":"https:\/\/arena-ticket.com\/en\/wp-json\/wp\/v2\/product\/22578","targetHints":{"allow":["GET"]}}],"collection":[{"href":"https:\/\/arena-ticket.com\/en\/wp-json\/wp\/v2\/product"}],"about":[{"href":"https:\/\/arena-ticket.com\/en\/wp-json\/wp\/v2\/types\/product"}],"wp:featuredmedia":[{"embeddable":true,"href":"https:\/\/arena-ticket.com\/en\/wp-json\/wp\/v2\/media\/22743"}],"wp:attachment":[{"href":"https:\/\/arena-ticket.com\/en\/wp-json\/wp\/v2\/media?parent=22578"}],"wp:term":[{"taxonomy":"product_brand","embeddable":true,"href":"https:\/\/arena-ticket.com\/en\/wp-json\/wp\/v2\/product_brand?post=22578"},{"taxonomy":"product_cat","embeddable":true,"href":"https:\/\/arena-ticket.com\/en\/wp-json\/wp\/v2\/product_cat?post=22578"},{"taxonomy":"product_tag","embeddable":true,"href":"https:\/\/arena-ticket.com\/en\/wp-json\/wp\/v2\/product_tag?post=22578"}],"curies":[{"name":"wp","href":"https:\/\/api.w.org\/{rel}","templated":true}]}}