{"id":23217,"date":"2024-11-14T15:20:53","date_gmt":"2024-11-14T14:20:53","guid":{"rendered":"https:\/\/arena-ticket.com\/?p=23217&#038;post_type=product&#038;preview_id=23217"},"modified":"2025-05-06T11:47:00","modified_gmt":"2025-05-06T09:47:00","slug":"tom-pauls-ilse-baehnert-jagt-dr-nu-haus-leipzig-26-05-2025-1930-uhr","status":"publish","type":"product","link":"https:\/\/arena-ticket.com\/en\/product\/tom-pauls-ilse-baehnert-jagt-dr-nu-haus-leipzig-26-05-2025-1930-uhr\/","title":{"rendered":"Tom Pauls  - Ilse B\u00e4hnert jagt Dr. Nu"},"content":{"rendered":"<p>lse B\u00e4hnert chases Dr. Nu<br \/>\nCrime concert with a twist!<\/p>\n<p>Saxony&#039;s most clever widow, Ilse B\u00e4hnert, investigates a piquant murder case! And she sings her way through the hit crime film music of the past decades.<\/p>\n<p>In addition to Ilse B\u00e4hnert, the cast includes: Inspector Manfred Strietzel, Chief Inspector Johannes B\u00fccklich-B\u00f6mmler, confectioner Gr\u00e4nzel and the mysterious Russian Malakoff. Tom Pauls gives all five characters an unmistakable face - and of course an unmistakable voice.<\/p>\n<p>The tricky case: Ilse B\u00e4hnert&#039;s favorite baker is found dead in his bakery. Valuable old cake recipes are missing. The police seem to be in the dark. So the sprightly pensioner takes the initiative herself and soon proves to be Saxony&#039;s worthy answer to Miss Marple. The story for the crime concert is based on the novel &quot;Ilse B\u00e4hnert jagt Doktor Nu&quot; by Tom Pauls and Mario S\u00fc\u00dfenguth.<\/p>\n<p>Occupation:<br \/>\nWith the most famous crime melodies in cinema and television history (including the Miss Marple theme, James Bond theme, The Pink Panther, Olsen Gang theme, &quot;Yes, my gentlemen&quot;), the audience can look forward to an exciting and cheerful crime concert with a twist.<\/p>","protected":false},"excerpt":{"rendered":"<p>Get your tickets now!<\/p>","protected":false},"featured_media":23220,"template":"","meta":{"_acf_changed":false,"inline_featured_image":false},"product_brand":[],"product_cat":[6725,31,349,95,86,35,21,58],"product_tag":[954,941,955,4304,951,943,944,958,947,4303,948],"class_list":{"0":"post-23217","1":"product","2":"type-product","3":"status-publish","4":"has-post-thumbnail","6":"product_cat-comedy","7":"product_cat-events","8":"product_cat-haus-leipzig","9":"product_cat-humor","10":"product_cat-leipzig","11":"product_cat-orte","12":"product_cat-ticket","13":"product_cat-veranstaltung","14":"product_tag-comedy","15":"product_tag-events","16":"product_tag-haus-leipzig","17":"product_tag-ilse-baehnert-jagt-dr-nu","18":"product_tag-kultur","19":"product_tag-leipzig","20":"product_tag-orte","21":"product_tag-show","22":"product_tag-ticket","23":"product_tag-tom-pauls","24":"product_tag-veranstaltung","25":"product_shipping_class-nur_paketversand","26":"pa_discount-normalpreis","27":"pa_preiskategorie-pk-i","28":"pa_preiskategorie-pk-ii","30":"first","31":"outofstock","32":"taxable","33":"shipping-taxable","34":"purchasable","35":"product-type-variable"},"group_of_quantity":0,"min_quantity":0,"max_quantity":"","exclude_order_quantity_value_rules":"no","exclude_category_quantity_rules":"no","combine_variations":"no","acf":[],"_links":{"self":[{"href":"https:\/\/arena-ticket.com\/en\/wp-json\/wp\/v2\/product\/23217","targetHints":{"allow":["GET"]}}],"collection":[{"href":"https:\/\/arena-ticket.com\/en\/wp-json\/wp\/v2\/product"}],"about":[{"href":"https:\/\/arena-ticket.com\/en\/wp-json\/wp\/v2\/types\/product"}],"wp:featuredmedia":[{"embeddable":true,"href":"https:\/\/arena-ticket.com\/en\/wp-json\/wp\/v2\/media\/23220"}],"wp:attachment":[{"href":"https:\/\/arena-ticket.com\/en\/wp-json\/wp\/v2\/media?parent=23217"}],"wp:term":[{"taxonomy":"product_brand","embeddable":true,"href":"https:\/\/arena-ticket.com\/en\/wp-json\/wp\/v2\/product_brand?post=23217"},{"taxonomy":"product_cat","embeddable":true,"href":"https:\/\/arena-ticket.com\/en\/wp-json\/wp\/v2\/product_cat?post=23217"},{"taxonomy":"product_tag","embeddable":true,"href":"https:\/\/arena-ticket.com\/en\/wp-json\/wp\/v2\/product_tag?post=23217"}],"curies":[{"name":"wp","href":"https:\/\/api.w.org\/{rel}","templated":true}]}}