{"id":23763,"date":"2024-11-21T08:13:56","date_gmt":"2024-11-21T07:13:56","guid":{"rendered":"https:\/\/arena-ticket.com\/?p=23763&#038;post_type=product&#038;preview_id=23763"},"modified":"2026-03-07T19:18:29","modified_gmt":"2026-03-07T18:18:29","slug":"ben-zucker-drinnen-2026-quarterback-immobilien-arena-leipzig-07-03-2026-19-30-uhr","status":"publish","type":"product","link":"https:\/\/arena-ticket.com\/en\/product\/ben-zucker-drinnen-2026-quarterback-immobilien-arena-leipzig-07-03-2026-19-30-uhr\/","title":{"rendered":"Ben Zucker - K\u00e4mpferherz Arena Tour"},"content":{"rendered":"<p><strong>Ben Zucker, einer der beliebtesten Pop-Schlagerk\u00fcnstler Deutschlands, wird nach seinen 16 Open Air Terminen in diesem Sommer, im Fr\u00fchjahr 2026 mit einer einzigartigen neuen K\u00e4mpferherz-Arena-Produktion und seiner kraftvollen Live-Band durch 18 Arenen in ganz Deutschland ziehen. Die Tour ist die gr\u00f6\u00dfte seiner bisherigen Karriere und verspricht, das Live-Erlebnis der bekannten und neuen Ben Zucker Hits auf ein v\u00f6llig neues Level zu heben. <\/strong><\/p>","protected":false},"excerpt":{"rendered":"<p>Ben Zucker, one of Germany&#039;s most popular pop artists, will return to the QUARTERBACK Immobilien ARENA in 2026.<\/p>","protected":false},"featured_media":49257,"template":"","meta":{"_acf_changed":false,"inline_featured_image":false},"product_brand":[],"product_cat":[31,69,86,35,37,6734,21,22,58],"product_tag":[3189,941,5968,942,943,944,945,2568,947,973,948],"class_list":{"0":"post-23763","1":"product","2":"type-product","3":"status-publish","4":"has-post-thumbnail","6":"product_cat-events","7":"product_cat-konzert","8":"product_cat-leipzig","9":"product_cat-orte","10":"product_cat-quarterback-immobilien-arena","11":"product_cat-schlager","12":"product_cat-ticket","13":"product_cat-ticketupgrades-zusatzleistungen","14":"product_cat-veranstaltung","15":"product_tag-ben-zucker","16":"product_tag-events","17":"product_tag-kaempferherz-arena-tour","18":"product_tag-konzert","19":"product_tag-leipzig","20":"product_tag-orte","21":"product_tag-quarterback-immobilien-arena","22":"product_tag-schlager","23":"product_tag-ticket","24":"product_tag-ticketupgrades-zusatzleistungen","25":"product_tag-veranstaltung","26":"product_shipping_class-abholung_paketversand","27":"pa_discount-ermaessigt","28":"pa_discount-inklusive-begleitperson","29":"pa_discount-kind","30":"pa_discount-normalpreis","31":"pa_discount-schwerbeschaedigt","32":"pa_discount-vip-sitzplatz","33":"pa_preiskategorie-front-of-stage-stehplatz","34":"pa_preiskategorie-ggv-up","35":"pa_preiskategorie-innenraum-stehplatz","36":"pa_preiskategorie-pgv-up","37":"pa_preiskategorie-pk-i","38":"pa_preiskategorie-pk-ii","39":"pa_preiskategorie-pk-iii","40":"pa_preiskategorie-pk-iv","41":"pa_preiskategorie-pk-v","42":"pa_preiskategorie-rollstuhlfahrer","43":"pa_preiskategorie-vip-package-backstage-club","44":"pa_preiskategorie-vipu-up","46":"first","47":"instock","48":"taxable","49":"shipping-taxable","50":"purchasable","51":"product-type-variable","52":"has-default-attributes"},"group_of_quantity":0,"min_quantity":0,"max_quantity":"","exclude_order_quantity_value_rules":"no","exclude_category_quantity_rules":"no","combine_variations":"no","acf":[],"_links":{"self":[{"href":"https:\/\/arena-ticket.com\/en\/wp-json\/wp\/v2\/product\/23763","targetHints":{"allow":["GET"]}}],"collection":[{"href":"https:\/\/arena-ticket.com\/en\/wp-json\/wp\/v2\/product"}],"about":[{"href":"https:\/\/arena-ticket.com\/en\/wp-json\/wp\/v2\/types\/product"}],"wp:featuredmedia":[{"embeddable":true,"href":"https:\/\/arena-ticket.com\/en\/wp-json\/wp\/v2\/media\/49257"}],"wp:attachment":[{"href":"https:\/\/arena-ticket.com\/en\/wp-json\/wp\/v2\/media?parent=23763"}],"wp:term":[{"taxonomy":"product_brand","embeddable":true,"href":"https:\/\/arena-ticket.com\/en\/wp-json\/wp\/v2\/product_brand?post=23763"},{"taxonomy":"product_cat","embeddable":true,"href":"https:\/\/arena-ticket.com\/en\/wp-json\/wp\/v2\/product_cat?post=23763"},{"taxonomy":"product_tag","embeddable":true,"href":"https:\/\/arena-ticket.com\/en\/wp-json\/wp\/v2\/product_tag?post=23763"}],"curies":[{"name":"wp","href":"https:\/\/api.w.org\/{rel}","templated":true}]}}