{"id":26751,"date":"2024-12-19T11:26:17","date_gmt":"2024-12-19T10:26:17","guid":{"rendered":"https:\/\/arena-ticket.com\/?p=26751&#038;post_type=product&#038;preview_id=26751"},"modified":"2025-12-18T17:32:59","modified_gmt":"2025-12-18T16:32:59","slug":"holiday-on-ice-new-show-2025-leipzig-quarterback-immobilien-arena-18-12-2025-1900-uhr","status":"publish","type":"product","link":"https:\/\/arena-ticket.com\/en\/product\/holiday-on-ice-new-show-2025-leipzig-quarterback-immobilien-arena-18-12-2025-1900-uhr\/","title":{"rendered":"Holiday On Ice - Cinema Of Dreams"},"content":{"rendered":"<p><strong>Ab November 2025 geht HOLIDAY ON ICE mit der neuen Show CINEMA OF DREAMS auf gro\u00dfe Deutschlandtour: In 21 St\u00e4dten begeistern 37 internationale Eiskunstl\u00e4ufer:innen mit einer cineastischen Geschichte \u00fcber Freundschaft, Mut und gro\u00dfe Tr\u00e4ume \u2013 Vorhang auf f\u00fcr ein filmreifes Spektakel auf dem Eis! <\/strong><\/p>\n<p>Mit CINEMA OF DREAMS schreibt HOLIDAY ON ICE das n\u00e4chste Kapitel der erfolgreichsten Eisshow der Welt. Inspiriert von gro\u00dfen Hollywood Blockbustern erz\u00e4hlt die neue Show eine mitrei\u00dfende Geschichte \u00fcber Freundschaft, Fantasie und den Mut, zu tr\u00e4umen. Atemberaubender Eiskunstlauf, opulente Kulissen und ein Soundtrack voller Emotionen verschmelzen dabei zu einem unvergesslichen Live-Erlebnis. Vom 19. November 2025 bis zum 26. April 2026 begeistert CINEMA OF DREAMS das Publikum in 21 deutschen St\u00e4dten mit ganz gro\u00dfem Kino auf dem Eis.<\/p>\n<p>Die spektakul\u00e4re Show entf\u00fchrt die Zuschauer:innen in die Welt des Films: Im Mittelpunkt stehen drei Freunde, die ein verlassenes Lichtspielhaus wieder zum Leben erwecken und dort nun ihre eigenen Filme produzieren. CINEMA OF DREAMS erz\u00e4hlt von der Magie des Kinos als Ort, der Tr\u00e4ume erz\u00e4hlt, vom Balanceakt zwischen k\u00fcnstlerischem Erfolg und pers\u00f6nlicher Verbundenheit. Szene f\u00fcr Szene entfaltet sich so eine facettenreiche Kinowelt: Die Zuschauer:innen erleben diverse Filmgenres statt auf der Leinwand live auf dem Eis \u2013 von Retro \u00fcber Glamour bis hin zu schillernder Science-Fiction.<\/p>\n<p>Die fesselnd inszenierte Geschichte wirkt durch Bewegung, atemberaubende Kulissen und kunstvolle Kost\u00fcme wie ein Blockbuster, der mit der perfekten Mischung aus Action, Gef\u00fchlen und Effekten \u00fcberrascht. Und weil erst der Soundtrack einen Film unvergesslich macht, spielen auch bei CINEMA OF DREAMS kraftvolle Beats und cineastische Klangwelten die Hauptrolle: Pop- und Rock-Songs und gef\u00fchlvolle Balladen tragen durch die Show und sorgen f\u00fcr G\u00e4nsehautmomente.<\/p>\n<p>Im Zentrum der Show steht nat\u00fcrlich das, was HOLIDAY ON ICE seit Jahrzehnten einzigartig macht: Eiskunstlauf auf h\u00f6chstem Niveau. 37 internationale Spitzenathletinnen und -athleten bringen technische Pr\u00e4zision, t\u00e4nzerische Ausdruckskraft und akrobatische H\u00f6chstleistungen aufs Eis. Auch in dieser Saison werden in ausgew\u00e4hlten St\u00e4dten die Auftritte exklusiver Gaststars besondere Akzente setzen.<\/p>","protected":false},"excerpt":{"rendered":"<p>Holiday On Ice will return to the QUARTERBACK Immobilien ARENA in 2025!<\/p>","protected":false},"featured_media":50716,"template":"","meta":{"_acf_changed":false,"inline_featured_image":false},"product_brand":[],"product_cat":[86,35,37,21,22],"product_tag":[5923,941,2887,943,944,945,958,947,973,948],"class_list":{"0":"post-26751","1":"product","2":"type-product","3":"status-publish","4":"has-post-thumbnail","6":"product_cat-leipzig","7":"product_cat-orte","8":"product_cat-quarterback-immobilien-arena","9":"product_cat-ticket","10":"product_cat-ticketupgrades-zusatzleistungen","11":"product_tag-cinema-of-dreams","12":"product_tag-events","13":"product_tag-holiday-on-ice","14":"product_tag-leipzig","15":"product_tag-orte","16":"product_tag-quarterback-immobilien-arena","17":"product_tag-show","18":"product_tag-ticket","19":"product_tag-ticketupgrades-zusatzleistungen","20":"product_tag-veranstaltung","21":"product_shipping_class-abholung_paketversand","22":"pa_discount-begleitperson-schwerbeschaedigte","23":"pa_discount-inklusive-begleitperson","24":"pa_discount-kind","25":"pa_discount-normalpreis","26":"pa_discount-rentner","27":"pa_discount-schueler-student-auszubildende-personen-im-bfd","28":"pa_discount-schwerbeschaedigt","29":"pa_preiskategorie-ggv-up","30":"pa_preiskategorie-pgv-up","31":"pa_preiskategorie-pk-i","32":"pa_preiskategorie-pk-ii","33":"pa_preiskategorie-pk-iii","34":"pa_preiskategorie-pk-iv","35":"pa_preiskategorie-rollstuhlfahrer","37":"first","38":"instock","39":"taxable","40":"shipping-taxable","41":"purchasable","42":"product-type-variable"},"group_of_quantity":0,"min_quantity":0,"max_quantity":"","exclude_order_quantity_value_rules":"no","exclude_category_quantity_rules":"no","combine_variations":"no","acf":[],"_links":{"self":[{"href":"https:\/\/arena-ticket.com\/en\/wp-json\/wp\/v2\/product\/26751","targetHints":{"allow":["GET"]}}],"collection":[{"href":"https:\/\/arena-ticket.com\/en\/wp-json\/wp\/v2\/product"}],"about":[{"href":"https:\/\/arena-ticket.com\/en\/wp-json\/wp\/v2\/types\/product"}],"wp:featuredmedia":[{"embeddable":true,"href":"https:\/\/arena-ticket.com\/en\/wp-json\/wp\/v2\/media\/50716"}],"wp:attachment":[{"href":"https:\/\/arena-ticket.com\/en\/wp-json\/wp\/v2\/media?parent=26751"}],"wp:term":[{"taxonomy":"product_brand","embeddable":true,"href":"https:\/\/arena-ticket.com\/en\/wp-json\/wp\/v2\/product_brand?post=26751"},{"taxonomy":"product_cat","embeddable":true,"href":"https:\/\/arena-ticket.com\/en\/wp-json\/wp\/v2\/product_cat?post=26751"},{"taxonomy":"product_tag","embeddable":true,"href":"https:\/\/arena-ticket.com\/en\/wp-json\/wp\/v2\/product_tag?post=26751"}],"curies":[{"name":"wp","href":"https:\/\/api.w.org\/{rel}","templated":true}]}}