{"id":28155,"date":"2025-01-06T16:55:24","date_gmt":"2025-01-06T15:55:24","guid":{"rendered":"https:\/\/arena-ticket.com\/?p=28155&#038;post_type=product&#038;preview_id=28155"},"modified":"2025-12-08T10:10:31","modified_gmt":"2025-12-08T09:10:31","slug":"starlights-live-kult-tour-2025-die-groesste-orgelshow-deutschlands-leipzig-peterskirche-27-12-2025-1600-uhr","status":"publish","type":"product","link":"https:\/\/arena-ticket.com\/en\/product\/starlights-live-kult-tour-2025-die-groesste-orgelshow-deutschlands-leipzig-peterskirche-27-12-2025-1600-uhr\/","title":{"rendered":"Starlights Live - Kult-Tour 2025 - The biggest organ show in Germany"},"content":{"rendered":"<section class=\"c-full c-inner c-narrow\" data-c=\"stageteasertext\" data-qa=\"stageteasertext-component\">\n<div class=\"container\">\n<div class=\"external-content no-margin\">\n<div class=\"u-position-relative js-moretext-wrapper\">\n<div class=\"moretext js-moretext expanded\" data-qa=\"readMoreText\" aria-expanded=\"true\">\n<div class=\"moretext-teaser\">\n<p><em>JuniorTicket up to 15 years of age<\/em><br \/>\n<em>Family Ticket: 2 adults plus max. 2 children up to 15 years<\/em><\/p>\n<p>&nbsp;<\/p>\n<\/div>\n<div class=\"col-md-6 col-lg-7 col-xl-8\"><\/div>\n<div class=\"moretext-teaser\">\n<div class=\"col-md-6 col-lg-5 col-xl-4\">\n<p>In each show, Wieditz ignites an impressive firework display of musical genres: from pop and rock to classical and famous film and musical melodies \u2013 spiced up with charming and humorous moderation.<\/p>\n<p>Nico Wieditz, who is known for his exceptional simultaneous hearing, can make even unknown melodies sound spontaneous and virtuoso by interpreting and improvising musical requests on the church organ at lightning speed. With the battle cry &quot;I&#039;m into organs - you&#039;re a piper&quot;, Wieditz embodies an artistic philosophy that represents a playful mixture of seriousness and provocation.<\/p>\n<p>A trademark of his concerts: He opens with classical music and then ironically dismisses it to captivate the audience with his modern style.<\/p>\n<p>The \u201corgan rebel\u201d is known for his unique charm and humorous provocation. He animates the audience, interacts openly and surprises with hits like \u201cLambada\u201d, accompanied by the tongue-in-cheek remark that you can also dance in a church.<\/p>\n<p>His repertoire ranges from the Beatles and Rolling Stones to Gr\u00f6nemeyer and Led Zeppelin. It also includes \u201cEternity\u201d, a homage to the Pet Shop Boys.<\/p>\n<p>Nico Wieditz has been at home on international stages for over 30 years and is a master at combining the tradition of the organ with a modern sound. His show lets the organ shine in many facets - from epic film classics such as &quot;Once Upon a Time in the West&quot; and &quot;Braveheart&quot; to nostalgic TV melodies such as &quot;Captain Future&quot;.<\/p>\n<p>The audience experiences a rousing music program full of genre diversity and charm. Even with Depeche Mode&#039;s &quot;Stripped&quot;, Wieditz gives the performance a touch of &quot;nostalgia&quot;.<\/p>\n<p>Thanks to his technical know-how, he succeeds in getting the audience to sing, clap and dance. In a furious finale, Wieditz combines the Luther song &quot;Eine feste Burg ist unser Gott&quot; with &quot;God Is a DJ&quot; by Faithless. The amplified organ makes the church shake and whether it&#039;s an organ show, organ orchestra show or Christmas show, Wieditz whips the audience into euphoric enthusiasm.<\/p>\n<div class=\"leaflet-container leaflet-touch leaflet-fade-anim leaflet-grab leaflet-touch-drag leaflet-touch-zoom\">\n<div class=\"leaflet-pane leaflet-map-pane\">\n<div class=\"leaflet-pane leaflet-tile-pane\">\n<div class=\"leaflet-layer\">\n<div class=\"leaflet-tile-container leaflet-zoom-animated\"><\/div>\n<\/div>\n<\/div>\n<div class=\"leaflet-pane leaflet-overlay-pane\"><\/div>\n<div class=\"leaflet-pane leaflet-shadow-pane\"><\/div>\n<div class=\"leaflet-pane leaflet-popup-pane\">\n<div class=\"leaflet-popup leaflet-zoom-animated\">\n<div class=\"leaflet-popup-content-wrapper\">\n<div class=\"leaflet-popup-content\"><\/div>\n<\/div>\n<div class=\"leaflet-popup-tip-container\"><\/div>\n<\/div>\n<\/div>\n<\/div>\n<div class=\"leaflet-control-container\">\n<div class=\"leaflet-top leaflet-left\">\n<div class=\"leaflet-control-zoom leaflet-bar leaflet-control\"><\/div>\n<\/div>\n<div class=\"leaflet-bottom leaflet-left\"><\/div>\n<div class=\"leaflet-bottom leaflet-right\"><\/div>\n<\/div>\n<\/div>\n<\/div>\n<\/div>\n<\/div>\n<\/div>\n<\/div>\n<\/div>\n<\/section>","protected":false},"excerpt":{"rendered":"<p>Starlights LIVE\u00ae pr\u00e4sentiert gemeinsam mit Vita Cola und Bose Deutschland die gr\u00f6\u00dfte Orgel-Show Deutschlands: Nico Wieditz, ein passionierter Kirchenmusik-Fan und zugleich Revolution\u00e4r der Szene, f\u00fchrt das Publikum durch ein Erlebnis, das alle Altersgruppen f\u00fcr die faszinierende Welt der Orgelmusik begeistern soll.<br \/>\nSecure your tickets!<\/p>","protected":false},"featured_media":56282,"template":"","meta":{"_acf_changed":false,"inline_featured_image":false},"product_brand":[],"product_cat":[31,69,86,35,476,6749,21,58],"product_tag":[941,942,4458,943,964,3988,947,948],"class_list":{"0":"post-28155","1":"product","2":"type-product","3":"status-publish","4":"has-post-thumbnail","6":"product_cat-events","7":"product_cat-konzert","8":"product_cat-leipzig","9":"product_cat-orte","10":"product_cat-peterskirche","11":"product_cat-sonstiges_konzert","12":"product_cat-ticket","13":"product_cat-veranstaltung","14":"product_tag-events","15":"product_tag-konzert","16":"product_tag-kult-tour-2025-die-groesste-orgelshow-deutschlands","17":"product_tag-leipzig","18":"product_tag-peterskirche","19":"product_tag-starlights-live","20":"product_tag-ticket","21":"product_tag-veranstaltung","22":"product_shipping_class-nur_paketversand","23":"pa_discount-familienticket","24":"pa_discount-jugendliche","25":"pa_discount-normalpreis","26":"pa_preiskategorie-freie-platzwahl","28":"first","29":"outofstock","30":"taxable","31":"shipping-taxable","32":"purchasable","33":"product-type-variable"},"group_of_quantity":0,"min_quantity":0,"max_quantity":"","exclude_order_quantity_value_rules":"no","exclude_category_quantity_rules":"no","combine_variations":"no","acf":[],"_links":{"self":[{"href":"https:\/\/arena-ticket.com\/en\/wp-json\/wp\/v2\/product\/28155","targetHints":{"allow":["GET"]}}],"collection":[{"href":"https:\/\/arena-ticket.com\/en\/wp-json\/wp\/v2\/product"}],"about":[{"href":"https:\/\/arena-ticket.com\/en\/wp-json\/wp\/v2\/types\/product"}],"wp:featuredmedia":[{"embeddable":true,"href":"https:\/\/arena-ticket.com\/en\/wp-json\/wp\/v2\/media\/56282"}],"wp:attachment":[{"href":"https:\/\/arena-ticket.com\/en\/wp-json\/wp\/v2\/media?parent=28155"}],"wp:term":[{"taxonomy":"product_brand","embeddable":true,"href":"https:\/\/arena-ticket.com\/en\/wp-json\/wp\/v2\/product_brand?post=28155"},{"taxonomy":"product_cat","embeddable":true,"href":"https:\/\/arena-ticket.com\/en\/wp-json\/wp\/v2\/product_cat?post=28155"},{"taxonomy":"product_tag","embeddable":true,"href":"https:\/\/arena-ticket.com\/en\/wp-json\/wp\/v2\/product_tag?post=28155"}],"curies":[{"name":"wp","href":"https:\/\/api.w.org\/{rel}","templated":true}]}}