{"id":31150,"date":"2025-02-08T14:34:21","date_gmt":"2025-02-08T13:34:21","guid":{"rendered":"https:\/\/arena-ticket.com\/?p=31150&#038;post_type=product&#038;preview_id=31150"},"modified":"2025-10-28T13:39:04","modified_gmt":"2025-10-28T12:39:04","slug":"passion-die-neue-dinnershow-silvestershow-leipzig-historisches-stadtbad-31-12-2025-1900-uhr","status":"publish","type":"product","link":"https:\/\/arena-ticket.com\/en\/product\/passion-die-neue-dinnershow-silvestershow-leipzig-historisches-stadtbad-31-12-2025-1900-uhr\/","title":{"rendered":"PASSION - The new dinner show - New Year&#039;s Eve show"},"content":{"rendered":"<h3>Leipzig&#039;s big 4-course dinner show in the Stadtbad Leipzig.<\/h3>\n<p>Look forward to impressive acrobatics, captivating performances, tear-jerking comedy and lots of good music. Between the program highlights, you can enjoy a delicious 4-course meal that leaves nothing to be desired, because in addition to the obligatory Christmas menu, we also offer a vegan option.<\/p>\n<p>The dinner show promises a three-and-a-half hour program with the best entertainment for all age groups.<\/p>\n<p>Of course, the location of this dinner show is also unique:<br \/>\nAn atmospheric lighting concept immerses the historic city baths in an incomparable ambience.<br \/>\nIn a stimulating atmosphere\u00a0<strong>PASSION<\/strong>\u00a0a perfect evening \u2013\u00a0<em>whether for the\u00a0<a href=\"https:\/\/www.dinnershow-leipzig.de\/show.html\/51_passion-2024-die-neue-dinnershow-in-leipzig#firmenfeier\" target=\"_blank\" rel=\"noopener nofollow\">company party<\/a><\/em>, with family or with good friends.<\/p>\n<p>Was Dich erwartet<br \/>\nIm historischen Stadtbad Leipzig erwartet Sie eine unvergessliche Silvesternacht mit beeindruckenden Darbietungen, fesselnder Comedy und jeder Menge guter Musik. Zwischen den Programmhighlights genie\u00dfen Sie ein exquisites 4-G\u00e4nge-Men\u00fc, das sowohl klassische als auch vegane K\u00f6stlichkeiten bietet. Die atemberaubende Lichtinszenierung verwandelt das Stadtbad in eine faszinierende B\u00fchne, die den perfekten Rahmen f\u00fcr diesen besonderen Abend schafft.<\/p>\n<p>Nach dem Showprogramm geht die Feier weiter: Freuen Sie sich auf die exklusive After-Show-Party im Foyer des Stadtbads, wo Sie gemeinsam mit Freunden und Familie das neue Jahr begr\u00fc\u00dfen k\u00f6nnen. Lassen Sie sich von PASSION begeistern und erleben Sie eine Silvesternacht, die Sie so schnell nicht vergessen werden!<br \/>\nHave you already been a PASSION guest in previous years? - No problem, a completely new show awaits you with new actors, new entertainment and of course a new 4-course menu (including a vegan option).<\/p>\n<p>&nbsp;<\/p>\n<p>Beginn 31.12.2025 19:00<br \/>\nEnde 01.01.2026 02:00<\/p>","protected":false},"excerpt":{"rendered":"<p>Im historischen Stadtbad Leipzig erwartet Sie eine unvergessliche Silvesternacht. Zwischen den Programmhighlights genie\u00dfen Sie ein exquisites 4-G\u00e4nge-Men\u00fc. <\/p>\n<p>Nach dem Showprogramm freuen Sie sich auf die exklusive After-Show-Party im Foyer des Stadtbads, wo Sie das neue Jahr begr\u00fc\u00dfen k\u00f6nnen. Lassen Sie sich von PASSION begeistern und erleben Sie eine Silvesternacht, die Sie so schnell nicht vergessen werden! <\/p>","protected":false},"featured_media":53192,"template":"","meta":{"_acf_changed":false,"inline_featured_image":false},"product_brand":[],"product_cat":[31,86,64,35,6730,415,21,58],"product_tag":[3967,941,3702,951,943,944,3964,958,3966,947,948],"class_list":{"0":"post-31150","1":"product","2":"type-product","3":"status-publish","4":"has-post-thumbnail","6":"product_cat-events","7":"product_cat-leipzig","8":"product_cat-musical-show","9":"product_cat-orte","10":"product_cat-show","11":"product_cat-stadtbad","12":"product_cat-ticket","13":"product_cat-veranstaltung","14":"product_tag-die-neue-dinnershow-silvestershow","15":"product_tag-events","16":"product_tag-historisches-stadtbad","17":"product_tag-kultur","18":"product_tag-leipzig","19":"product_tag-orte","20":"product_tag-passion","21":"product_tag-show","22":"product_tag-stadtbad","23":"product_tag-ticket","24":"product_tag-veranstaltung","25":"product_shipping_class-nur_paketversand","26":"pa_discount-normalpreis","27":"pa_preiskategorie-pk-i","28":"pa_preiskategorie-pk-ii","29":"pa_preiskategorie-pk-iii","30":"pa_preiskategorie-pk-iv","32":"first","33":"instock","34":"taxable","35":"shipping-taxable","36":"purchasable","37":"product-type-variable"},"group_of_quantity":0,"min_quantity":0,"max_quantity":"","exclude_order_quantity_value_rules":"no","exclude_category_quantity_rules":"no","combine_variations":"no","acf":[],"_links":{"self":[{"href":"https:\/\/arena-ticket.com\/en\/wp-json\/wp\/v2\/product\/31150","targetHints":{"allow":["GET"]}}],"collection":[{"href":"https:\/\/arena-ticket.com\/en\/wp-json\/wp\/v2\/product"}],"about":[{"href":"https:\/\/arena-ticket.com\/en\/wp-json\/wp\/v2\/types\/product"}],"wp:featuredmedia":[{"embeddable":true,"href":"https:\/\/arena-ticket.com\/en\/wp-json\/wp\/v2\/media\/53192"}],"wp:attachment":[{"href":"https:\/\/arena-ticket.com\/en\/wp-json\/wp\/v2\/media?parent=31150"}],"wp:term":[{"taxonomy":"product_brand","embeddable":true,"href":"https:\/\/arena-ticket.com\/en\/wp-json\/wp\/v2\/product_brand?post=31150"},{"taxonomy":"product_cat","embeddable":true,"href":"https:\/\/arena-ticket.com\/en\/wp-json\/wp\/v2\/product_cat?post=31150"},{"taxonomy":"product_tag","embeddable":true,"href":"https:\/\/arena-ticket.com\/en\/wp-json\/wp\/v2\/product_tag?post=31150"}],"curies":[{"name":"wp","href":"https:\/\/api.w.org\/{rel}","templated":true}]}}