{"id":31237,"date":"2025-02-10T12:45:21","date_gmt":"2025-02-10T11:45:21","guid":{"rendered":"https:\/\/arena-ticket.com\/?p=31237&#038;post_type=product&#038;preview_id=31237"},"modified":"2025-02-10T12:52:09","modified_gmt":"2025-02-10T11:52:09","slug":"drei-haselnuesse-fuer-aschenbroedel-das-live-hoerspiel-mit-thomas-nicolai-dresden-filmtheater-schauburg-30-05-2025-2000-uhr-kopie","status":"publish","type":"product","link":"https:\/\/arena-ticket.com\/en\/product\/drei-haselnuesse-fuer-aschenbroedel-das-live-hoerspiel-mit-thomas-nicolai-dresden-filmtheater-schauburg-30-05-2025-2000-uhr-kopie\/","title":{"rendered":"Drei Haseln\u00fcsse f\u00fcr Aschenbr\u00f6del \u2013 Das Live-H\u00f6rspiel mit Thomas Nicolai - Das Live-H\u00f6rspiel mit Thomas Nicolai"},"content":{"rendered":"<p>&nbsp;<\/p>\n<p>Thomas Nicolai is known as a comedian, actor \u2013 and speaker.<br \/>\nLike many of us, he grew up with the German-Czech film \u201cThree Hazelnuts for Cinderella\u201d and loves this film to this day.<\/p>\n<p>The original music by Karel Svoboda is interpreted live by his congenial musical partner Robert Neumann.<br \/>\nCelebrate this timeless Christmas classic with us in a new yet familiar way, an experience for the whole family.<\/p>","protected":false},"excerpt":{"rendered":"<p>Es ist eine ebenso einfache wie geniale Idee, die er hatte, die nun f\u00fcr die Weihnachtszeit 2025 erstmalig umgesetzt wird:<br \/>\nThomas Nicolai pr\u00e4sentiert erstmalig die Originaldialoge aus dem Film als Live-H\u00f6rspiel*.<\/p>","protected":false},"featured_media":31239,"template":"","meta":{"_acf_changed":false,"inline_featured_image":false},"product_brand":[],"product_cat":[87,31,401,922,6764,35,21,58],"product_tag":[954,4874,4873,940,941,2783,944,958,947,948],"class_list":{"0":"post-31237","1":"product","2":"type-product","3":"status-publish","4":"has-post-thumbnail","6":"product_cat-dresden","7":"product_cat-events","8":"product_cat-filmtheater-schauburg","9":"product_cat-kultur","10":"product_cat-lesung","11":"product_cat-orte","12":"product_cat-ticket","13":"product_cat-veranstaltung","14":"product_tag-comedy","15":"product_tag-das-live-hoerspiel-mit-thomas-nicolai","16":"product_tag-drei-haselnuesse-fuer-aschenbroedel-das-live-hoerspiel-mit-thomas-nicolai","17":"product_tag-dresden","18":"product_tag-events","19":"product_tag-filmtheater-schauburg","20":"product_tag-orte","21":"product_tag-show","22":"product_tag-ticket","23":"product_tag-veranstaltung","24":"product_shipping_class-nur_paketversand","25":"pa_discount-normalpreis","26":"pa_preiskategorie-freie-platzwahl","28":"first","29":"instock","30":"taxable","31":"shipping-taxable","32":"purchasable","33":"product-type-variable"},"group_of_quantity":0,"min_quantity":0,"max_quantity":"","exclude_order_quantity_value_rules":"no","exclude_category_quantity_rules":"no","combine_variations":"no","acf":[],"_links":{"self":[{"href":"https:\/\/arena-ticket.com\/en\/wp-json\/wp\/v2\/product\/31237","targetHints":{"allow":["GET"]}}],"collection":[{"href":"https:\/\/arena-ticket.com\/en\/wp-json\/wp\/v2\/product"}],"about":[{"href":"https:\/\/arena-ticket.com\/en\/wp-json\/wp\/v2\/types\/product"}],"wp:featuredmedia":[{"embeddable":true,"href":"https:\/\/arena-ticket.com\/en\/wp-json\/wp\/v2\/media\/31239"}],"wp:attachment":[{"href":"https:\/\/arena-ticket.com\/en\/wp-json\/wp\/v2\/media?parent=31237"}],"wp:term":[{"taxonomy":"product_brand","embeddable":true,"href":"https:\/\/arena-ticket.com\/en\/wp-json\/wp\/v2\/product_brand?post=31237"},{"taxonomy":"product_cat","embeddable":true,"href":"https:\/\/arena-ticket.com\/en\/wp-json\/wp\/v2\/product_cat?post=31237"},{"taxonomy":"product_tag","embeddable":true,"href":"https:\/\/arena-ticket.com\/en\/wp-json\/wp\/v2\/product_tag?post=31237"}],"curies":[{"name":"wp","href":"https:\/\/api.w.org\/{rel}","templated":true}]}}