{"id":31263,"date":"2025-02-10T14:25:35","date_gmt":"2025-02-10T13:25:35","guid":{"rendered":"https:\/\/arena-ticket.com\/?p=31263&#038;post_type=product&#038;preview_id=31263"},"modified":"2026-02-03T18:01:48","modified_gmt":"2026-02-03T17:01:48","slug":"takayo-musik-die-seelen-beruehrt-peterskirche-leipzig-18-10-2025-2000-uhr","status":"publish","type":"product","link":"https:\/\/arena-ticket.com\/en\/product\/takayo-musik-die-seelen-beruehrt-peterskirche-leipzig-18-10-2025-2000-uhr\/","title":{"rendered":"TAKAYO - MUSIK DIE SEELEN BER\u00dcHRT!"},"content":{"rendered":"<p>&nbsp;<\/p>\n<p><em>Einlass: ab 18.30 Uhr<\/em><\/p>\n<p>&nbsp;<\/p>\n<p>&nbsp;<\/p>\n<p>Die \"Nacht der erleuchteten Kirche\" verspricht am 24.10.2026 ein unvergessliches Erlebnis in der Peterskirche Leipzig zu werden. Mit einer einzigartigen Mischung aus Geige, Gitarre, Bass und Orgel wird die Leipziger Band Takayo, gemeinsam mit dem renommierten Organisten Dr. Felix Friedrich, die Zuh\u00f6rer mit einem au\u00dfergew\u00f6hnlichen Klangerlebnis verzaubern. Die Musiker von Takayo - Ulrich Herrmann-Schroedter, Kayode Eschrich und Jan Kirsten - sind bekannt f\u00fcr ihre melodische, akustisch gepr\u00e4gte Instrumentalmusik und ihre originellen Cover-Versionen, die sie mit beeindruckender Virtuosit\u00e4t und Stilgef\u00fchl darbieten. Die majest\u00e4tischen Kl\u00e4nge der Orgel, kombiniert mit der beeindruckenden Akustik der Peterskirche, schaffen eine Atmosph\u00e4re, die durch eine spektakul\u00e4re Licht- und Lasershow noch verst\u00e4rkt wird. Diese multimediale Inszenierung wird den Abend zu einem besonderen Highlight im Leipziger Kulturkalender machen. Ein Abend, der die Sinne belebt und die Seele inspiriert.<\/p>","protected":false},"excerpt":{"rendered":"<p>Nacht der erleuchteten Kirche | Takayo \"Musik, die Seelen ber\u00fchrt!\" Special-Guest: Dr. Felix Friedrich - sichern Sie sich Ihre Tickets!<\/p>","protected":false},"featured_media":65553,"template":"","meta":{"_acf_changed":false,"inline_featured_image":false},"product_brand":[],"product_cat":[31,6740,69,86,35,476,21,58],"product_tag":[941,6975,942,943,4884,944,964,4883,947,948],"class_list":{"0":"post-31263","1":"product","2":"type-product","3":"status-publish","4":"has-post-thumbnail","6":"product_cat-events","7":"product_cat-jazz-blues","8":"product_cat-konzert","9":"product_cat-leipzig","10":"product_cat-orte","11":"product_cat-peterskirche","12":"product_cat-ticket","13":"product_cat-veranstaltung","14":"product_tag-events","15":"product_tag-jazz-blues","16":"product_tag-konzert","17":"product_tag-leipzig","18":"product_tag-musik-die-seelen-beruehrt","19":"product_tag-orte","20":"product_tag-peterskirche","21":"product_tag-takayo","22":"product_tag-ticket","23":"product_tag-veranstaltung","24":"product_shipping_class-nur_paketversand","25":"pa_discount-kind","26":"pa_discount-normalpreis","27":"pa_preiskategorie-freie-platzwahl","29":"first","30":"instock","31":"taxable","32":"shipping-taxable","33":"purchasable","34":"product-type-variable"},"group_of_quantity":0,"min_quantity":0,"max_quantity":"","exclude_order_quantity_value_rules":"no","exclude_category_quantity_rules":"no","combine_variations":"no","acf":[],"_links":{"self":[{"href":"https:\/\/arena-ticket.com\/en\/wp-json\/wp\/v2\/product\/31263","targetHints":{"allow":["GET"]}}],"collection":[{"href":"https:\/\/arena-ticket.com\/en\/wp-json\/wp\/v2\/product"}],"about":[{"href":"https:\/\/arena-ticket.com\/en\/wp-json\/wp\/v2\/types\/product"}],"wp:featuredmedia":[{"embeddable":true,"href":"https:\/\/arena-ticket.com\/en\/wp-json\/wp\/v2\/media\/65553"}],"wp:attachment":[{"href":"https:\/\/arena-ticket.com\/en\/wp-json\/wp\/v2\/media?parent=31263"}],"wp:term":[{"taxonomy":"product_brand","embeddable":true,"href":"https:\/\/arena-ticket.com\/en\/wp-json\/wp\/v2\/product_brand?post=31263"},{"taxonomy":"product_cat","embeddable":true,"href":"https:\/\/arena-ticket.com\/en\/wp-json\/wp\/v2\/product_cat?post=31263"},{"taxonomy":"product_tag","embeddable":true,"href":"https:\/\/arena-ticket.com\/en\/wp-json\/wp\/v2\/product_tag?post=31263"}],"curies":[{"name":"wp","href":"https:\/\/api.w.org\/{rel}","templated":true}]}}