{"id":31321,"date":"2025-02-10T17:47:35","date_gmt":"2025-02-10T16:47:35","guid":{"rendered":"https:\/\/arena-ticket.com\/?p=31321&#038;post_type=product&#038;preview_id=31321"},"modified":"2025-10-27T12:19:52","modified_gmt":"2025-10-27T11:19:52","slug":"elena-gruschka-die-horrorshow-selbstueberschaetzte-egofrau-auf-der-buehne-kupfersaal-leipzig-15-11-2025-2000-uhr","status":"publish","type":"product","link":"https:\/\/arena-ticket.com\/en\/product\/elena-gruschka-die-horrorshow-selbstueberschaetzte-egofrau-auf-der-buehne-kupfersaal-leipzig-15-11-2025-2000-uhr\/","title":{"rendered":"Elena Gruschka - Die Horrorshow - Selbst\u00fcbersch\u00e4tzte Egofrau auf der B\u00fchne"},"content":{"rendered":"<p>&nbsp;<\/p>\n<p>&quot;Elena Gruschka live - The horror show: Self-overestimated ego woman on stage&quot; is a journey through Germany that will definitely make you ask yourself: is this still comedy - or is it already group therapy? With a lot of self-irony, a brilliant power of observation and embarrassment, Elena Gruschka proves that humor is the best answer to criticism. Her new show is all about this single sentence: &quot;Self-overestimated ego woman&quot;.<\/p>\n<p>What began as a hate comment online becomes an ironic reckoning with herself, her critics and life itself. In 2025, Elena takes it up a notch: she takes aim at the most absurd facets of overestimating one&#039;s own abilities, embarrassments and ego trips. As with her last tour, this time it&#039;s about silly everyday dramas, dates, dealing with bitter truths and human nature. And - there will be songs again! Original but also awesome covers.<\/p>\n<p>With sharp punchlines and a flair for absurd stories, Elena Gruschka sends her audience on a rollercoaster ride of emotions - somewhere between laughter, amazement and shaking their heads. 2025 will be loud, weird and guaranteed to be mercilessly honest - and yes, maybe a little bit uncomfortable<\/p>","protected":false},"excerpt":{"rendered":"<p>Deutschlands Nr. 1 Promi-Expertin ist wieder als Comedian unterwegs!<br \/>\nMit ihrer unverbl\u00fcmten Art und ihrem Talent f\u00fcr gnadenlos ehrliche Anekdoten geht Elena Gruschka 2025 wieder auf Tour und macht, was sie am besten kann: ihr Leben zum Stand Up. Jetzt schon Tickets sichern!<\/p>","protected":false},"featured_media":52937,"template":"","meta":{"_acf_changed":false,"inline_featured_image":false},"product_brand":[],"product_cat":[6725,31,95,922,430,86,6764,35,21,58],"product_tag":[954,4900,4899,941,951,968,943,944,947,948],"class_list":{"0":"post-31321","1":"product","2":"type-product","3":"status-publish","4":"has-post-thumbnail","6":"product_cat-comedy","7":"product_cat-events","8":"product_cat-humor","9":"product_cat-kultur","10":"product_cat-kupfersaal","11":"product_cat-leipzig","12":"product_cat-lesung","13":"product_cat-orte","14":"product_cat-ticket","15":"product_cat-veranstaltung","16":"product_tag-comedy","17":"product_tag-die-horrorshow-selbstueberschaetzte-egofrau-auf-der-buehne","18":"product_tag-elena-gruschka","19":"product_tag-events","20":"product_tag-kultur","21":"product_tag-kupfersaal","22":"product_tag-leipzig","23":"product_tag-orte","24":"product_tag-ticket","25":"product_tag-veranstaltung","26":"product_shipping_class-nur_paketversand","27":"pa_discount-ermaessigt","28":"pa_discount-normalpreis","29":"pa_discount-rentner","30":"pa_preiskategorie-pk-i","31":"pa_preiskategorie-stehplatz","33":"first","34":"instock","35":"taxable","36":"shipping-taxable","37":"purchasable","38":"product-type-variable"},"group_of_quantity":0,"min_quantity":0,"max_quantity":"","exclude_order_quantity_value_rules":"no","exclude_category_quantity_rules":"no","combine_variations":"no","acf":[],"_links":{"self":[{"href":"https:\/\/arena-ticket.com\/en\/wp-json\/wp\/v2\/product\/31321","targetHints":{"allow":["GET"]}}],"collection":[{"href":"https:\/\/arena-ticket.com\/en\/wp-json\/wp\/v2\/product"}],"about":[{"href":"https:\/\/arena-ticket.com\/en\/wp-json\/wp\/v2\/types\/product"}],"wp:featuredmedia":[{"embeddable":true,"href":"https:\/\/arena-ticket.com\/en\/wp-json\/wp\/v2\/media\/52937"}],"wp:attachment":[{"href":"https:\/\/arena-ticket.com\/en\/wp-json\/wp\/v2\/media?parent=31321"}],"wp:term":[{"taxonomy":"product_brand","embeddable":true,"href":"https:\/\/arena-ticket.com\/en\/wp-json\/wp\/v2\/product_brand?post=31321"},{"taxonomy":"product_cat","embeddable":true,"href":"https:\/\/arena-ticket.com\/en\/wp-json\/wp\/v2\/product_cat?post=31321"},{"taxonomy":"product_tag","embeddable":true,"href":"https:\/\/arena-ticket.com\/en\/wp-json\/wp\/v2\/product_tag?post=31321"}],"curies":[{"name":"wp","href":"https:\/\/api.w.org\/{rel}","templated":true}]}}