{"id":31534,"date":"2025-02-12T12:09:55","date_gmt":"2025-02-12T11:09:55","guid":{"rendered":"https:\/\/arena-ticket.com\/?p=31534&#038;post_type=product&#038;preview_id=31534"},"modified":"2025-09-12T15:28:29","modified_gmt":"2025-09-12T13:28:29","slug":"kilminister-a-tribute-to-motoerhead-leipzig-hellraiser-28-12-2025-1930-uhr","status":"publish","type":"product","link":"https:\/\/arena-ticket.com\/en\/product\/kilminister-a-tribute-to-motoerhead-leipzig-hellraiser-28-12-2025-1930-uhr\/","title":{"rendered":"KILMINISTER  -  A Tribute to Mot\u00f6rhead"},"content":{"rendered":"<p>Let&#039;s rock!<\/p>\n<p>\u201cKilminister\u201d - damn close to the original! The Halle musicians Sven B\u00fcttner, Olaf Mehl and Matthias Schimetzek-Nilius pay homage to the legendary rock band Mot\u00f6rhead.<\/p>\n<p>Since its formation in 1975, the British rock band Mot\u00f6rhead has been one of the most influential music formations in the world. Its leader, bassist Ian &quot;Lemmy&quot; Kilmister, was already a legend during his lifetime. With his death on December 28, 2015, the band history of Mot\u00f6rhead comes to an end.<\/p>\n<p>Three guys from Halle are on a mission to bring the music of Mot\u00f6rhead and the power of Lemmy Rock&#039;n&#039;Roll to the people - and they come damn close to the famous original! Their name: KILMINISTER.<\/p>\n<p>The project was launched in 2010 by Sven &quot;Lemmy&quot; B\u00fcttner, Matthias &quot;Meff&quot; Schimetzek-Nilius and Olaf &quot;Ole&quot; Mehl. The music of Mot\u00f6rhead is of great importance to all three of them. And so together they offer an acoustic delight.<\/p>\n<p>The trio&#039;s repertoire includes 90 minutes of Mot\u00f6rhead songs from across the band&#039;s history. And the amateur project is increasingly becoming a cult show: the number of performances is steadily increasing; the enthusiasm among fans is huge.<\/p>\n<p>A special highlight for KILMINISTER was a concert in 2013 in Berlin&#039;s &quot;White Trash&quot; where Mikkey Dee, drummer of Mot\u00f6rhead, played the drums for the last songs of the concert - a great honor for the band, because Mikkey was very enthusiastic about the &quot;German Version&quot;...<\/p>\n<p>KILMINISTER the MOT\u00d6RHEAD SHOW.<\/p>","protected":false},"excerpt":{"rendered":"<p>Kilminister - verdammt nah am Original! Die halleschen Musiker Sven B\u00fcttner, Olaf Mehl und Matthias Schimetzek-Nilius huldigen der legend\u00e4ren Rockband Mot\u00f6rhead.<\/p>\n<p>Get your tickets here now!<\/p>","protected":false},"featured_media":48906,"template":"","meta":{"_acf_changed":false,"inline_featured_image":false},"product_brand":[],"product_cat":[31,413,69,86,6736,35,21,58],"product_tag":[4946,941,959,4945,942,943,944,947,948],"class_list":{"0":"post-31534","1":"product","2":"type-product","3":"status-publish","4":"has-post-thumbnail","6":"product_cat-events","7":"product_cat-hellraiser","8":"product_cat-konzert","9":"product_cat-leipzig","10":"product_cat-metal-metalcore","11":"product_cat-orte","12":"product_cat-ticket","13":"product_cat-veranstaltung","14":"product_tag-a-tribute-to-motoerhead","15":"product_tag-events","16":"product_tag-hellraiser","17":"product_tag-kilminister","18":"product_tag-konzert","19":"product_tag-leipzig","20":"product_tag-orte","21":"product_tag-ticket","22":"product_tag-veranstaltung","23":"product_shipping_class-nur_paketversand","24":"pa_discount-ermaessigt","25":"pa_discount-normalpreis","26":"pa_preiskategorie-stehplatz","28":"first","29":"instock","30":"taxable","31":"shipping-taxable","32":"purchasable","33":"product-type-variable"},"group_of_quantity":0,"min_quantity":0,"max_quantity":"","exclude_order_quantity_value_rules":"no","exclude_category_quantity_rules":"no","combine_variations":"no","acf":[],"_links":{"self":[{"href":"https:\/\/arena-ticket.com\/en\/wp-json\/wp\/v2\/product\/31534","targetHints":{"allow":["GET"]}}],"collection":[{"href":"https:\/\/arena-ticket.com\/en\/wp-json\/wp\/v2\/product"}],"about":[{"href":"https:\/\/arena-ticket.com\/en\/wp-json\/wp\/v2\/types\/product"}],"wp:featuredmedia":[{"embeddable":true,"href":"https:\/\/arena-ticket.com\/en\/wp-json\/wp\/v2\/media\/48906"}],"wp:attachment":[{"href":"https:\/\/arena-ticket.com\/en\/wp-json\/wp\/v2\/media?parent=31534"}],"wp:term":[{"taxonomy":"product_brand","embeddable":true,"href":"https:\/\/arena-ticket.com\/en\/wp-json\/wp\/v2\/product_brand?post=31534"},{"taxonomy":"product_cat","embeddable":true,"href":"https:\/\/arena-ticket.com\/en\/wp-json\/wp\/v2\/product_cat?post=31534"},{"taxonomy":"product_tag","embeddable":true,"href":"https:\/\/arena-ticket.com\/en\/wp-json\/wp\/v2\/product_tag?post=31534"}],"curies":[{"name":"wp","href":"https:\/\/api.w.org\/{rel}","templated":true}]}}