{"id":32393,"date":"2025-02-14T13:13:01","date_gmt":"2025-02-14T12:13:01","guid":{"rendered":"https:\/\/arena-ticket.com\/?p=32393&#038;post_type=product&#038;preview_id=32393"},"modified":"2026-02-05T09:07:57","modified_gmt":"2026-02-05T08:07:57","slug":"christina-stuermer-gaeste-mtv-unplugged-in-dresden-dresden-konzertplatz-weisser-hirsch-27-06-2025-1900-uhr-kopie","status":"publish","type":"product","link":"https:\/\/arena-ticket.com\/en\/product\/christina-stuermer-gaeste-mtv-unplugged-in-dresden-dresden-konzertplatz-weisser-hirsch-27-06-2025-1900-uhr-kopie\/","title":{"rendered":"VERSENGOLD  - Eingenordet Tour 2026"},"content":{"rendered":"<p>&nbsp;<\/p>\n<div data-v-0d4c50a8=\"\">\n<p>Ungeb\u00e4ndigte Energie, bewegende Texte und eine unvergleichliche Live-Pr\u00e4senz:\u00a0VERSENGOLD gehen 2026 wieder auf Tour \u2013 und bringen ihr neues Programm mit auf die B\u00fchnen Deutschlands, \u00d6sterreichs und der Schweiz. \u00dcber 20 Termine lang hei\u00dft es: Echte Musik, echte Geschichten, echte Emotionen \u2013 live, laut und leidenschaftlich.<\/p>\n<p>&nbsp;<\/p>\n<p>Nach zwei Jahrzehnten auf den Brettern, die die Welt bedeuten, haben sich die sechs Bremer Folkrocker als eine der pr\u00e4gendsten Live-Bands des Landes etabliert. Ihr Publikum ist generations\u00fcbergreifend, ihre Konzerte sind Erlebnisse: voller N\u00e4he, Dynamik und musikalischer Finesse. Mit einem Mix aus akustischer Power, erz\u00e4hlerischer Tiefe und rockigem Punch gelingt es VERSENGOLD immer wieder, einen musikalischen Raum zu schaffen, der zugleich vertraut und \u00fcberraschend ist.<\/p>\n<p>&nbsp;<\/p>\n<p>Mehr als ein Konzert \u2013 ein Ereignis<\/p>\n<p>&nbsp;<\/p>\n<p>Wenn VERSENGOLD die B\u00fchne betreten, trifft ekstatische Energie auf emotionale Tiefe. Die Band verbindet pulsierende Rhythmen mit folkigen Melodien, gesellschaftskritische Inhalte mit augenzwinkerndem Witz \u2013 und l\u00e4dt das Publikum zu mehr ein als nur einem Konzertbesuch: Es entsteht ein gemeinschaftliches Erlebnis, das in Erinnerung bleibt.<\/p>\n<p>&nbsp;<\/p>\n<p>Ob im Circle Pit oder auf Sitzpl\u00e4tzen, ob vor der Festivalb\u00fchne oder im Theatersaal \u2013 \u00fcberall dort, wo VERSENGOLD spielt, wird mitgesungen, geschunkelt, getanzt und gelauscht. Die enge Verbindung zur Fan-Community, gepaart mit einer charismatischen B\u00fchnenpr\u00e4senz, macht jedes Konzert zu einem einmaligen Abend.<\/p>\n<p>&nbsp;<\/p>\n<p>Neues im Gep\u00e4ck \u2013 und die Klassiker mit dabei<\/p>\n<p>&nbsp;<\/p>\n<p>Die Tour steht im Zeichen des kommenden Albums\u00a0\u201eEingenordet\u201c\u00a0(V\u00d6: 16.01.2026), aus dem die Band neue Songs wie die mitrei\u00dfende Single\u00a0\u201eKlabauterfrau\u201c\u00a0sowie das kraftvolle Feature\u00a0\u201eFalscher Leuchtturm\u201c\u00a0mit der Band Madsen erstmals live pr\u00e4sentieren wird.<\/p>\n<p>&nbsp;<\/p>\n<p>Dabei bleibt Raum f\u00fcr all die St\u00fccke, die das Publikum seit Jahren begleitet \u2013 von Mitsing-Hymnen \u00fcber Balladen bis hin zu den Songs, die auf keinem VERSENGOLD-Konzert fehlen d\u00fcrfen.<\/p>\n<\/div>","protected":false},"excerpt":{"rendered":"<p class=\"detail-item__titel\">Sichern Sie sich Ihre Tickets f\u00fcr das Konzert in Dresden!<\/p>","protected":false},"featured_media":49405,"template":"","meta":{"_acf_changed":false,"inline_featured_image":false},"product_brand":[],"product_cat":[87,31,69,4983,35,6732,21,58],"product_tag":[4987,4986,940,6316,941,942,4984,944,6804,947,948,2314],"class_list":{"0":"post-32393","1":"product","2":"type-product","3":"status-publish","4":"has-post-thumbnail","6":"product_cat-dresden","7":"product_cat-events","8":"product_cat-konzert","9":"product_cat-konzertplatz-weisser-hirsch","10":"product_cat-orte","11":"product_cat-rock-hard-rock","12":"product_cat-ticket","13":"product_cat-veranstaltung","14":"product_tag-mtv-unplugged-in-dresden","15":"product_tag-christina-stuermer-gaeste","16":"product_tag-dresden","17":"product_tag-eingenordet-tour-2026","18":"product_tag-events","19":"product_tag-konzert","20":"product_tag-konzertplatz-weisser-hirsch","21":"product_tag-orte","22":"product_tag-rock-hard-rock","23":"product_tag-ticket","24":"product_tag-veranstaltung","25":"product_tag-versengold","26":"product_shipping_class-nur_paketversand","27":"pa_discount-normalpreis","28":"pa_preiskategorie-stehplatz","30":"first","31":"instock","32":"taxable","33":"shipping-taxable","34":"purchasable","35":"product-type-variable"},"group_of_quantity":0,"min_quantity":0,"max_quantity":"","exclude_order_quantity_value_rules":"no","exclude_category_quantity_rules":"no","combine_variations":"no","acf":[],"_links":{"self":[{"href":"https:\/\/arena-ticket.com\/en\/wp-json\/wp\/v2\/product\/32393","targetHints":{"allow":["GET"]}}],"collection":[{"href":"https:\/\/arena-ticket.com\/en\/wp-json\/wp\/v2\/product"}],"about":[{"href":"https:\/\/arena-ticket.com\/en\/wp-json\/wp\/v2\/types\/product"}],"wp:featuredmedia":[{"embeddable":true,"href":"https:\/\/arena-ticket.com\/en\/wp-json\/wp\/v2\/media\/49405"}],"wp:attachment":[{"href":"https:\/\/arena-ticket.com\/en\/wp-json\/wp\/v2\/media?parent=32393"}],"wp:term":[{"taxonomy":"product_brand","embeddable":true,"href":"https:\/\/arena-ticket.com\/en\/wp-json\/wp\/v2\/product_brand?post=32393"},{"taxonomy":"product_cat","embeddable":true,"href":"https:\/\/arena-ticket.com\/en\/wp-json\/wp\/v2\/product_cat?post=32393"},{"taxonomy":"product_tag","embeddable":true,"href":"https:\/\/arena-ticket.com\/en\/wp-json\/wp\/v2\/product_tag?post=32393"}],"curies":[{"name":"wp","href":"https:\/\/api.w.org\/{rel}","templated":true}]}}