{"id":32978,"date":"2025-02-17T16:46:29","date_gmt":"2025-02-17T15:46:29","guid":{"rendered":"https:\/\/arena-ticket.com\/?p=32978&#038;post_type=product&#038;preview_id=32978"},"modified":"2025-11-29T19:32:38","modified_gmt":"2025-11-29T18:32:38","slug":"riku-rajamaa-blood-sweat-tears-tour-leipzig-naumanns-im-felsenkeller-20-02-2026-2000-uhr","status":"publish","type":"product","link":"https:\/\/arena-ticket.com\/en\/product\/riku-rajamaa-blood-sweat-tears-tour-leipzig-naumanns-im-felsenkeller-20-02-2026-2000-uhr\/","title":{"rendered":"RIKU RAJAMAA  - BLOOD SWEAT TEARS TOUR"},"content":{"rendered":"<p>&nbsp;<\/p>\n<p>&nbsp;<\/p>\n<article class=\"vt:bg-black vt:text-white\">\n<section class=\"my-10 md:my-14\">\n<div class=\"relative max-h-full overflow-hidden transition-all duration-500\">\n<div class=\"space-y-8\">\n<div class=\"panel panel-grid\">\n<div class=\"col-span-full md:col-span-10 md:col-start-2 lg:col-span-8 lg:col-start-3\">\n<div class=\"prose xl:text-md text-black vt:text-white\">\n<p>&nbsp;<\/p>\n<p>Musik ist mehr als nur Melodien \u2013 sie ist Leidenschaft, Kampf und die pure Essenz des Lebens. Mit der Blood Sweat Tears Tour kehrt Riku Rajamaa zusammen mit seiner Band auf die B\u00fchne zur\u00fcck und zeigt sich so nahbar und authentisch wie nie zuvor. Nach einer beeindruckenden Karriere mit Sunrise Avenue, ausverkauften Arenen und internationalen Hits beginnt f\u00fcr ihn jetzt ein neues Kapitel. Die Musik war schon immer sein Anker \u2013 von den H\u00f6hen des Erfolgs bis zu den Momenten, in denen sie ihm das Leben gerettet hat. Jetzt bringt er diese rohe Energie, seine Geschichten und seine ungek\u00fcnstelte Leidenschaft live auf die B\u00fchne. Mit seiner Mischung aus kraftvoller Melancholie, ehrlichen Texten und mitrei\u00dfenden Melodien schafft Riku Rajamaa mit seiner Band auf der B\u00fchne ein Konzerterlebnis, das unter die Haut geht. Kein gro\u00dfes B\u00fchnen-Drama, keine Showeffekte \u2013 nur pure Musik, direkt aus dem Herzen.<\/p>\n<\/div>\n<\/div>\n<\/div>\n<\/div>\n<\/div>\n<\/section>\n<section class=\"mod-purple mt-16 lg:mt-24 vt:mod-orange text-black select-none\">\n<div class=\"bg-[color:var(--primary-color)] py-12 overflow-hidden\">\n<div class=\"panel\">\n<div class=\"swiper-initialized swiper-horizontal swiper-pointer-events swiper-backface-hidden\">\n<div class=\"swiper-wrapper\">\n<div class=\"swiper-slide swiper-slide-active\">\n<div class=\"relative aspect-w-4 aspect-h-5 overflow-hidden\">\n<figure class=\" h-full w-full flex flex-col justify-center\"><\/figure>\n<div class=\"absolute z-10 top-0 w-full h-full transition duration-500 bg-[color:var(--primary-color)] opacity-0 md:group-hover:scale-105 md:group-hover:opacity-100\"><\/div>\n<\/div>\n<div class=\"mt-4 mb-4 md:mt-6 text-center text-sm\"><\/div>\n<div class=\"text-center\">\n<div class=\" cursor-pointer group rounded-full transition duration-75 uppercase whitespace-nowrap inline-flex items-center justify-center leading-tight font-medium text-xs py-3 px-5 xl:text-sm xl:py-3.5 xl:px-6 bg-[color:var(--secondary-color)] text-[color:var(--primary-color)] hover:text-white \"><\/div>\n<\/div>\n<\/div>\n<div class=\"swiper-slide swiper-slide-next\">\n<div class=\"relative aspect-w-4 aspect-h-5 overflow-hidden\">\n<figure class=\" h-full w-full flex flex-col justify-center\"><\/figure>\n<div class=\"absolute z-10 top-0 w-full h-full transition duration-500 bg-[color:var(--primary-color)] opacity-0 md:group-hover:scale-105 md:group-hover:opacity-100\"><\/div>\n<\/div>\n<div class=\"mt-4 mb-4 md:mt-6 text-center text-sm\"><\/div>\n<div class=\"text-center\">\n<div class=\" cursor-pointer group rounded-full transition duration-75 uppercase whitespace-nowrap inline-flex items-center justify-center leading-tight font-medium text-xs py-3 px-5 xl:text-sm xl:py-3.5 xl:px-6 bg-[color:var(--secondary-color)] text-[color:var(--primary-color)] hover:text-white \"><\/div>\n<\/div>\n<\/div>\n<div class=\"swiper-slide\">\n<div class=\"relative aspect-w-4 aspect-h-5 overflow-hidden\">\n<figure class=\" h-full w-full flex flex-col justify-center\"><\/figure>\n<div class=\"absolute z-10 top-0 w-full h-full transition duration-500 bg-[color:var(--primary-color)] opacity-0 md:group-hover:scale-105 md:group-hover:opacity-100\"><\/div>\n<\/div>\n<div class=\"mt-4 mb-4 md:mt-6 text-center text-sm\">\n<p>&nbsp;<\/p>\n<\/div>\n<div class=\"text-center\">\n<div class=\" cursor-pointer group rounded-full transition duration-75 uppercase whitespace-nowrap inline-flex items-center justify-center leading-tight font-medium text-xs py-3 px-5 xl:text-sm xl:py-3.5 xl:px-6 bg-[color:var(--secondary-color)] text-[color:var(--primary-color)] hover:text-white \"><\/div>\n<\/div>\n<\/div>\n<div class=\"swiper-slide\">\n<div class=\"relative aspect-w-4 aspect-h-5 overflow-hidden\">\n<figure class=\" h-full w-full flex flex-col justify-center\"><\/figure>\n<div class=\"absolute z-10 top-0 w-full h-full transition duration-500 bg-[color:var(--primary-color)] opacity-0 md:group-hover:scale-105 md:group-hover:opacity-100\"><\/div>\n<\/div>\n<div class=\"mt-4 mb-4 md:mt-6 text-center text-sm\">\n<p>&nbsp;<\/p>\n<\/div>\n<div class=\"text-center\">\n<div class=\" cursor-pointer group rounded-full transition duration-75 uppercase whitespace-nowrap inline-flex items-center justify-center leading-tight font-medium text-xs py-3 px-5 xl:text-sm xl:py-3.5 xl:px-6 bg-[color:var(--secondary-color)] text-[color:var(--primary-color)] hover:text-white \"><\/div>\n<\/div>\n<\/div>\n<div class=\"swiper-slide\">\n<div class=\"relative aspect-w-4 aspect-h-5 overflow-hidden\">\n<figure class=\" h-full w-full flex flex-col justify-center\"><\/figure>\n<div class=\"absolute z-10 top-0 w-full h-full transition duration-500 bg-[color:var(--primary-color)] opacity-0 md:group-hover:scale-105 md:group-hover:opacity-100\"><\/div>\n<\/div>\n<div class=\"mt-4 mb-4 md:mt-6 text-center text-sm\"><\/div>\n<div class=\"text-center\">\n<div class=\" cursor-pointer group rounded-full transition duration-75 uppercase whitespace-nowrap inline-flex items-center justify-center leading-tight font-medium text-xs py-3 px-5 xl:text-sm xl:py-3.5 xl:px-6 bg-[color:var(--secondary-color)] text-[color:var(--primary-color)] hover:text-white \"><\/div>\n<\/div>\n<\/div>\n<div class=\"swiper-slide\">\n<div class=\"relative aspect-w-4 aspect-h-5 overflow-hidden\">\n<figure class=\" h-full w-full flex flex-col justify-center\"><\/figure>\n<div class=\"absolute z-10 top-0 w-full h-full transition duration-500 bg-[color:var(--primary-color)] opacity-0 md:group-hover:scale-105 md:group-hover:opacity-100\"><\/div>\n<\/div>\n<div class=\"mt-4 mb-4 md:mt-6 text-center text-sm\">\n<p>&nbsp;<\/p>\n<\/div>\n<div class=\"text-center\">\n<div class=\" cursor-pointer group rounded-full transition duration-75 uppercase whitespace-nowrap inline-flex items-center justify-center leading-tight font-medium text-xs py-3 px-5 xl:text-sm xl:py-3.5 xl:px-6 bg-[color:var(--secondary-color)] text-[color:var(--primary-color)] hover:text-white \"><\/div>\n<\/div>\n<\/div>\n<div class=\"swiper-slide\">\n<div class=\"relative aspect-w-4 aspect-h-5 overflow-hidden\">\n<figure class=\" h-full w-full flex flex-col justify-center\"><\/figure>\n<div class=\"absolute z-10 top-0 w-full h-full transition duration-500 bg-[color:var(--primary-color)] opacity-0 md:group-hover:scale-105 md:group-hover:opacity-100\"><\/div>\n<\/div>\n<div class=\"text-center\">\n<div class=\" group rounded-full transition duration-75 uppercase whitespace-nowrap inline-flex items-center justify-center leading-tight font-medium text-xs py-3 px-5 xl:text-sm xl:py-3.5 xl:px-6 bg-brand-red text-white \"><\/div>\n<\/div>\n<\/div>\n<div class=\"swiper-slide\">\n<div class=\"relative aspect-w-4 aspect-h-5 overflow-hidden\">\n<figure class=\" h-full w-full flex flex-col justify-center\"><\/figure>\n<div class=\"absolute z-10 top-0 w-full h-full transition duration-500 bg-[color:var(--primary-color)] opacity-0 md:group-hover:scale-105 md:group-hover:opacity-100\"><\/div>\n<\/div>\n<div class=\"mt-4 mb-4 md:mt-6 text-center text-sm\">\n<p>&nbsp;<\/p>\n<\/div>\n<div class=\"text-center\">\n<div class=\" cursor-pointer group rounded-full transition duration-75 uppercase whitespace-nowrap inline-flex items-center justify-center leading-tight font-medium text-xs py-3 px-5 xl:text-sm xl:py-3.5 xl:px-6 bg-[color:var(--secondary-color)] text-[color:var(--primary-color)] hover:text-white \"><\/div>\n<\/div>\n<\/div>\n<div class=\"swiper-slide\">\n<div class=\"relative aspect-w-4 aspect-h-5 overflow-hidden\">\n<div class=\"absolute z-10 top-0 w-full h-full transition duration-500 bg-[color:var(--primary-color)] opacity-0 md:group-hover:scale-105 md:group-hover:opacity-100\"><\/div>\n<\/div>\n<div class=\"mt-4 mb-4 md:mt-6 text-center text-sm\"><\/div>\n<div class=\"text-center\">\n<div class=\" cursor-pointer group rounded-full transition duration-75 uppercase whitespace-nowrap inline-flex items-center justify-center leading-tight font-medium text-xs py-3 px-5 xl:text-sm xl:py-3.5 xl:px-6 bg-[color:var(--secondary-color)] text-[color:var(--primary-color)] hover:text-white \"><\/div>\n<\/div>\n<\/div>\n<div class=\"swiper-slide\">\n<div class=\"relative aspect-w-4 aspect-h-5 overflow-hidden\">\n<figure class=\" h-full w-full flex flex-col justify-center\"><\/figure>\n<div class=\"absolute z-10 top-0 w-full h-full transition duration-500 bg-[color:var(--primary-color)] opacity-0 md:group-hover:scale-105 md:group-hover:opacity-100\"><\/div>\n<\/div>\n<div class=\"mt-4 mb-4 md:mt-6 text-center text-sm\"><\/div>\n<div class=\"text-center\">\n<div class=\" cursor-pointer group rounded-full transition duration-75 uppercase whitespace-nowrap inline-flex items-center justify-center leading-tight font-medium text-xs py-3 px-5 xl:text-sm xl:py-3.5 xl:px-6 bg-[color:var(--secondary-color)] text-[color:var(--primary-color)] hover:text-white \"><\/div>\n<\/div>\n<\/div>\n<\/div>\n<\/div>\n<\/div>\n<\/div>\n<\/section>\n<\/article>\n<p>&nbsp;<\/p>\n<aside>\n<div><\/div>\n<\/aside>\n<footer class=\"bg-black text-white py-12\">\n<div class=\"panel panel-grid\">\n<div class=\"col-span-full 2md:col-span-4 flex flex-col 2md:justify-between h-full\">\n<div class=\"flex space-x-6\"><\/div>\n<\/div>\n<div class=\"mt-12 2md:mt-0 2md:col-start-7 col-span-full 2md:col-span-6\">\n<div><\/div>\n<\/div>\n<\/div>\n<\/footer>\n","protected":false},"excerpt":{"rendered":"<p>Get your tickets now!<\/p>","protected":false},"featured_media":32980,"template":"","meta":{"_acf_changed":false,"inline_featured_image":false},"product_brand":[],"product_cat":[31,69,86,451,35,6749,21,58],"product_tag":[5020,941,942,943,990,944,4655,947,948],"class_list":{"0":"post-32978","1":"product","2":"type-product","3":"status-publish","4":"has-post-thumbnail","6":"product_cat-events","7":"product_cat-konzert","8":"product_cat-leipzig","9":"product_cat-naumanns-im-felsenkeller","10":"product_cat-orte","11":"product_cat-sonstiges_konzert","12":"product_cat-ticket","13":"product_cat-veranstaltung","14":"product_tag-blood-sweat-tears-tour","15":"product_tag-events","16":"product_tag-konzert","17":"product_tag-leipzig","18":"product_tag-naumanns-im-felsenkeller","19":"product_tag-orte","20":"product_tag-riku-rajamaa","21":"product_tag-ticket","22":"product_tag-veranstaltung","23":"product_shipping_class-nur_paketversand","24":"pa_discount-normalpreis","25":"pa_preiskategorie-stehplatz","27":"first","28":"instock","29":"taxable","30":"shipping-taxable","31":"purchasable","32":"product-type-variable","33":"has-default-attributes"},"group_of_quantity":0,"min_quantity":0,"max_quantity":"","exclude_order_quantity_value_rules":"no","exclude_category_quantity_rules":"no","combine_variations":"no","acf":[],"_links":{"self":[{"href":"https:\/\/arena-ticket.com\/en\/wp-json\/wp\/v2\/product\/32978","targetHints":{"allow":["GET"]}}],"collection":[{"href":"https:\/\/arena-ticket.com\/en\/wp-json\/wp\/v2\/product"}],"about":[{"href":"https:\/\/arena-ticket.com\/en\/wp-json\/wp\/v2\/types\/product"}],"wp:featuredmedia":[{"embeddable":true,"href":"https:\/\/arena-ticket.com\/en\/wp-json\/wp\/v2\/media\/32980"}],"wp:attachment":[{"href":"https:\/\/arena-ticket.com\/en\/wp-json\/wp\/v2\/media?parent=32978"}],"wp:term":[{"taxonomy":"product_brand","embeddable":true,"href":"https:\/\/arena-ticket.com\/en\/wp-json\/wp\/v2\/product_brand?post=32978"},{"taxonomy":"product_cat","embeddable":true,"href":"https:\/\/arena-ticket.com\/en\/wp-json\/wp\/v2\/product_cat?post=32978"},{"taxonomy":"product_tag","embeddable":true,"href":"https:\/\/arena-ticket.com\/en\/wp-json\/wp\/v2\/product_tag?post=32978"}],"curies":[{"name":"wp","href":"https:\/\/api.w.org\/{rel}","templated":true}]}}