{"id":33176,"date":"2025-02-19T15:11:11","date_gmt":"2025-02-19T14:11:11","guid":{"rendered":"https:\/\/arena-ticket.com\/?p=33176&#038;post_type=product&#038;preview_id=33176"},"modified":"2025-05-27T11:51:48","modified_gmt":"2025-05-27T09:51:48","slug":"monsters-of-liedermaching-leipzig-felsenkeller-25-04-2025-2000-uhr","status":"publish","type":"product","link":"https:\/\/arena-ticket.com\/en\/product\/monsters-of-liedermaching-leipzig-felsenkeller-25-04-2025-2000-uhr\/","title":{"rendered":"MONSTERS OF LIEDERMACHING"},"content":{"rendered":"<p>&nbsp;<\/p>\n<p>&nbsp;<\/p>\n<article class=\"vt:bg-black vt:text-white\">\n<section class=\"my-10 md:my-14\">\n<div class=\"relative max-h-full overflow-hidden transition-all duration-500\">\n<div class=\"space-y-8\">\n<div class=\"panel panel-grid\">\n<div class=\"col-span-full md:col-span-10 md:col-start-2 lg:col-span-8 lg:col-start-3\">\n<div class=\"prose xl:text-md text-black vt:text-white\">\n<p>&nbsp;<\/p>\n<div class=\"event-meta\"><\/div>\n<p class=\"event-name\">MONSTERS OF LIEDERMACHING<\/p>\n<div class=\"event-details\">\n<p><strong>SETZEN, SEKT!<\/strong><\/p>\n<p>Au\u00dferdem haben sie ein neues Knallbonbon dabei: Ihr neuestes Album \u201eFederwisch im Elfental\u201c, ein monstr\u00f6ses Wunderwerk voller neuer hei\u00dfer Hits, die sie im April auf ihrer 20 Jahre-Jubil\u00e4ums-Tour live mitgeschnitten haben. Von freudigen Trinkliedern bis feurigen Balladen, Liebe, Revolte, Tretboote. Ein ganzer Haufen k\u00fcnftiger Klassiker. \u201eFederwisch im Elfental\u201c ist ein m\u00e4rchenhafter Pr\u00e4sentkorb voller musikalischer Schmuckst\u00fccke.<\/p>\n<p>Selbstverst\u00e4ndlich werden die Monsters auf der Tour aber auch eine amtliche Menge ihrer liebgewonnenen Evergreens darbieten, damit die S\u00e4le beben. Lebendig und fidel, gef\u00fchlvoll und rabaukig wie ein funkelndes Poem im schweissgl\u00e4nzenden Moshpit.<\/p>\n<\/div>\n<\/div>\n<\/div>\n<\/div>\n<\/div>\n<\/div>\n<\/section>\n<section class=\"mod-purple mt-16 lg:mt-24 vt:mod-orange text-black select-none\">\n<div class=\"bg-[color:var(--primary-color)] py-12 overflow-hidden\">\n<div class=\"panel\">\n<div class=\"swiper-initialized swiper-horizontal swiper-pointer-events swiper-backface-hidden\">\n<div class=\"swiper-wrapper\">\n<div class=\"swiper-slide swiper-slide-active\">\n<div class=\"relative aspect-w-4 aspect-h-5 overflow-hidden\">\n<figure class=\" h-full w-full flex flex-col justify-center\"><\/figure>\n<div class=\"absolute z-10 top-0 w-full h-full transition duration-500 bg-[color:var(--primary-color)] opacity-0 md:group-hover:scale-105 md:group-hover:opacity-100\"><\/div>\n<\/div>\n<div class=\"mt-4 mb-4 md:mt-6 text-center text-sm\"><\/div>\n<div class=\"text-center\">\n<div class=\" cursor-pointer group rounded-full transition duration-75 uppercase whitespace-nowrap inline-flex items-center justify-center leading-tight font-medium text-xs py-3 px-5 xl:text-sm xl:py-3.5 xl:px-6 bg-[color:var(--secondary-color)] text-[color:var(--primary-color)] hover:text-white \"><\/div>\n<\/div>\n<\/div>\n<div class=\"swiper-slide swiper-slide-next\">\n<div class=\"relative aspect-w-4 aspect-h-5 overflow-hidden\">\n<figure class=\" h-full w-full flex flex-col justify-center\"><\/figure>\n<div class=\"absolute z-10 top-0 w-full h-full transition duration-500 bg-[color:var(--primary-color)] opacity-0 md:group-hover:scale-105 md:group-hover:opacity-100\"><\/div>\n<\/div>\n<div class=\"mt-4 mb-4 md:mt-6 text-center text-sm\"><\/div>\n<div class=\"text-center\">\n<div class=\" cursor-pointer group rounded-full transition duration-75 uppercase whitespace-nowrap inline-flex items-center justify-center leading-tight font-medium text-xs py-3 px-5 xl:text-sm xl:py-3.5 xl:px-6 bg-[color:var(--secondary-color)] text-[color:var(--primary-color)] hover:text-white \"><\/div>\n<\/div>\n<\/div>\n<div class=\"swiper-slide\">\n<div class=\"relative aspect-w-4 aspect-h-5 overflow-hidden\">\n<figure class=\" h-full w-full flex flex-col justify-center\"><\/figure>\n<div class=\"absolute z-10 top-0 w-full h-full transition duration-500 bg-[color:var(--primary-color)] opacity-0 md:group-hover:scale-105 md:group-hover:opacity-100\"><\/div>\n<\/div>\n<div class=\"mt-4 mb-4 md:mt-6 text-center text-sm\">\n<p>&nbsp;<\/p>\n<\/div>\n<div class=\"text-center\">\n<div class=\" cursor-pointer group rounded-full transition duration-75 uppercase whitespace-nowrap inline-flex items-center justify-center leading-tight font-medium text-xs py-3 px-5 xl:text-sm xl:py-3.5 xl:px-6 bg-[color:var(--secondary-color)] text-[color:var(--primary-color)] hover:text-white \"><\/div>\n<\/div>\n<\/div>\n<div class=\"swiper-slide\">\n<div class=\"relative aspect-w-4 aspect-h-5 overflow-hidden\">\n<figure class=\" h-full w-full flex flex-col justify-center\"><\/figure>\n<div class=\"absolute z-10 top-0 w-full h-full transition duration-500 bg-[color:var(--primary-color)] opacity-0 md:group-hover:scale-105 md:group-hover:opacity-100\"><\/div>\n<\/div>\n<div class=\"mt-4 mb-4 md:mt-6 text-center text-sm\">\n<p>&nbsp;<\/p>\n<\/div>\n<div class=\"text-center\">\n<div class=\" cursor-pointer group rounded-full transition duration-75 uppercase whitespace-nowrap inline-flex items-center justify-center leading-tight font-medium text-xs py-3 px-5 xl:text-sm xl:py-3.5 xl:px-6 bg-[color:var(--secondary-color)] text-[color:var(--primary-color)] hover:text-white \"><\/div>\n<\/div>\n<\/div>\n<div class=\"swiper-slide\">\n<div class=\"relative aspect-w-4 aspect-h-5 overflow-hidden\">\n<figure class=\" h-full w-full flex flex-col justify-center\"><\/figure>\n<div class=\"absolute z-10 top-0 w-full h-full transition duration-500 bg-[color:var(--primary-color)] opacity-0 md:group-hover:scale-105 md:group-hover:opacity-100\"><\/div>\n<\/div>\n<div class=\"mt-4 mb-4 md:mt-6 text-center text-sm\"><\/div>\n<div class=\"text-center\">\n<div class=\" cursor-pointer group rounded-full transition duration-75 uppercase whitespace-nowrap inline-flex items-center justify-center leading-tight font-medium text-xs py-3 px-5 xl:text-sm xl:py-3.5 xl:px-6 bg-[color:var(--secondary-color)] text-[color:var(--primary-color)] hover:text-white \"><\/div>\n<\/div>\n<\/div>\n<div class=\"swiper-slide\">\n<div class=\"relative aspect-w-4 aspect-h-5 overflow-hidden\">\n<figure class=\" h-full w-full flex flex-col justify-center\"><\/figure>\n<div class=\"absolute z-10 top-0 w-full h-full transition duration-500 bg-[color:var(--primary-color)] opacity-0 md:group-hover:scale-105 md:group-hover:opacity-100\"><\/div>\n<\/div>\n<div class=\"mt-4 mb-4 md:mt-6 text-center text-sm\">\n<p>&nbsp;<\/p>\n<\/div>\n<div class=\"text-center\">\n<div class=\" cursor-pointer group rounded-full transition duration-75 uppercase whitespace-nowrap inline-flex items-center justify-center leading-tight font-medium text-xs py-3 px-5 xl:text-sm xl:py-3.5 xl:px-6 bg-[color:var(--secondary-color)] text-[color:var(--primary-color)] hover:text-white \"><\/div>\n<\/div>\n<\/div>\n<div class=\"swiper-slide\">\n<div class=\"relative aspect-w-4 aspect-h-5 overflow-hidden\">\n<figure class=\" h-full w-full flex flex-col justify-center\"><\/figure>\n<div class=\"absolute z-10 top-0 w-full h-full transition duration-500 bg-[color:var(--primary-color)] opacity-0 md:group-hover:scale-105 md:group-hover:opacity-100\"><\/div>\n<\/div>\n<div class=\"text-center\">\n<div class=\" group rounded-full transition duration-75 uppercase whitespace-nowrap inline-flex items-center justify-center leading-tight font-medium text-xs py-3 px-5 xl:text-sm xl:py-3.5 xl:px-6 bg-brand-red text-white \"><\/div>\n<\/div>\n<\/div>\n<div class=\"swiper-slide\">\n<div class=\"relative aspect-w-4 aspect-h-5 overflow-hidden\">\n<figure class=\" h-full w-full flex flex-col justify-center\"><\/figure>\n<div class=\"absolute z-10 top-0 w-full h-full transition duration-500 bg-[color:var(--primary-color)] opacity-0 md:group-hover:scale-105 md:group-hover:opacity-100\"><\/div>\n<\/div>\n<div class=\"mt-4 mb-4 md:mt-6 text-center text-sm\">\n<p>&nbsp;<\/p>\n<\/div>\n<div class=\"text-center\">\n<div class=\" cursor-pointer group rounded-full transition duration-75 uppercase whitespace-nowrap inline-flex items-center justify-center leading-tight font-medium text-xs py-3 px-5 xl:text-sm xl:py-3.5 xl:px-6 bg-[color:var(--secondary-color)] text-[color:var(--primary-color)] hover:text-white \"><\/div>\n<\/div>\n<\/div>\n<div class=\"swiper-slide\">\n<div class=\"relative aspect-w-4 aspect-h-5 overflow-hidden\">\n<div class=\"absolute z-10 top-0 w-full h-full transition duration-500 bg-[color:var(--primary-color)] opacity-0 md:group-hover:scale-105 md:group-hover:opacity-100\"><\/div>\n<\/div>\n<div class=\"mt-4 mb-4 md:mt-6 text-center text-sm\"><\/div>\n<div class=\"text-center\">\n<div class=\" cursor-pointer group rounded-full transition duration-75 uppercase whitespace-nowrap inline-flex items-center justify-center leading-tight font-medium text-xs py-3 px-5 xl:text-sm xl:py-3.5 xl:px-6 bg-[color:var(--secondary-color)] text-[color:var(--primary-color)] hover:text-white \"><\/div>\n<\/div>\n<\/div>\n<div class=\"swiper-slide\">\n<div class=\"relative aspect-w-4 aspect-h-5 overflow-hidden\">\n<figure class=\" h-full w-full flex flex-col justify-center\"><\/figure>\n<div class=\"absolute z-10 top-0 w-full h-full transition duration-500 bg-[color:var(--primary-color)] opacity-0 md:group-hover:scale-105 md:group-hover:opacity-100\"><\/div>\n<\/div>\n<div class=\"mt-4 mb-4 md:mt-6 text-center text-sm\"><\/div>\n<div class=\"text-center\">\n<div class=\" cursor-pointer group rounded-full transition duration-75 uppercase whitespace-nowrap inline-flex items-center justify-center leading-tight font-medium text-xs py-3 px-5 xl:text-sm xl:py-3.5 xl:px-6 bg-[color:var(--secondary-color)] text-[color:var(--primary-color)] hover:text-white \"><\/div>\n<\/div>\n<\/div>\n<\/div>\n<\/div>\n<\/div>\n<\/div>\n<\/section>\n<\/article>\n<p>&nbsp;<\/p>\n<aside>\n<div><\/div>\n<\/aside>\n<footer class=\"bg-black text-white py-12\">\n<div class=\"panel panel-grid\">\n<div class=\"col-span-full 2md:col-span-4 flex flex-col 2md:justify-between h-full\">\n<div class=\"flex space-x-6\"><\/div>\n<\/div>\n<div class=\"mt-12 2md:mt-0 2md:col-start-7 col-span-full 2md:col-span-6\">\n<div><\/div>\n<\/div>\n<\/div>\n<\/footer>\n","protected":false},"excerpt":{"rendered":"<p>A whole bunch of future classics. \u201cFederwisch im Elfental\u201d is a fairytale gift basket full of musical gems. Get your tickets now!<\/p>","protected":false},"featured_media":33178,"template":"","meta":{"_acf_changed":false,"inline_featured_image":false},"product_brand":[],"product_cat":[31,348,69,86,35,6733,21,58],"product_tag":[941,1476,942,943,5040,944,947,948],"class_list":{"0":"post-33176","1":"product","2":"type-product","3":"status-publish","4":"has-post-thumbnail","6":"product_cat-events","7":"product_cat-felsenkeller","8":"product_cat-konzert","9":"product_cat-leipzig","10":"product_cat-orte","11":"product_cat-pop","12":"product_cat-ticket","13":"product_cat-veranstaltung","14":"product_tag-events","15":"product_tag-felsenkeller","16":"product_tag-konzert","17":"product_tag-leipzig","18":"product_tag-monsters-of-liedermaching","19":"product_tag-orte","20":"product_tag-ticket","21":"product_tag-veranstaltung","22":"product_shipping_class-nur_paketversand","23":"pa_discount-normalpreis","24":"pa_preiskategorie-stehplatz","26":"first","27":"instock","28":"taxable","29":"shipping-taxable","30":"purchasable","31":"product-type-variable","32":"has-default-attributes"},"group_of_quantity":0,"min_quantity":0,"max_quantity":"","exclude_order_quantity_value_rules":"no","exclude_category_quantity_rules":"no","combine_variations":"no","acf":[],"_links":{"self":[{"href":"https:\/\/arena-ticket.com\/en\/wp-json\/wp\/v2\/product\/33176","targetHints":{"allow":["GET"]}}],"collection":[{"href":"https:\/\/arena-ticket.com\/en\/wp-json\/wp\/v2\/product"}],"about":[{"href":"https:\/\/arena-ticket.com\/en\/wp-json\/wp\/v2\/types\/product"}],"wp:featuredmedia":[{"embeddable":true,"href":"https:\/\/arena-ticket.com\/en\/wp-json\/wp\/v2\/media\/33178"}],"wp:attachment":[{"href":"https:\/\/arena-ticket.com\/en\/wp-json\/wp\/v2\/media?parent=33176"}],"wp:term":[{"taxonomy":"product_brand","embeddable":true,"href":"https:\/\/arena-ticket.com\/en\/wp-json\/wp\/v2\/product_brand?post=33176"},{"taxonomy":"product_cat","embeddable":true,"href":"https:\/\/arena-ticket.com\/en\/wp-json\/wp\/v2\/product_cat?post=33176"},{"taxonomy":"product_tag","embeddable":true,"href":"https:\/\/arena-ticket.com\/en\/wp-json\/wp\/v2\/product_tag?post=33176"}],"curies":[{"name":"wp","href":"https:\/\/api.w.org\/{rel}","templated":true}]}}