{"id":33210,"date":"2025-02-20T11:41:23","date_gmt":"2025-02-20T10:41:23","guid":{"rendered":"https:\/\/arena-ticket.com\/?p=33210&#038;post_type=product&#038;preview_id=33210"},"modified":"2025-07-17T15:24:37","modified_gmt":"2025-07-17T13:24:37","slug":"ole-party-tour-die-groesste-mallorca-party-tour-der-welt-graefenhainichen-ferropolis-stadt-aus-eisen-06-09-2025-1200-uhr","status":"publish","type":"product","link":"https:\/\/arena-ticket.com\/en\/product\/ole-party-tour-die-groesste-mallorca-party-tour-der-welt-graefenhainichen-ferropolis-stadt-aus-eisen-06-09-2025-1200-uhr\/","title":{"rendered":"OL\u00c9 Party-Tour  - Die gr\u00f6\u00dfte Mallorca Party-Tour der Welt"},"content":{"rendered":"<div class=\"event-list u-position-relative js-focus js-capacity-control\">\n<div class=\"js-cat-check\">\n<div class=\"event-list-item margin-bottom-s u-shadow standard-gray-shadow\" data-qa=\"event-list-item\">\n<div class=\"event-list-item-wrapper pc-list-item-space clearfix js-product-type\" data-cc-formcount=\"1_1_vip_packages\">\n<div class=\"event-list-content pc-list-item-space no-padding-top\">\n<div class=\"paragraph external-content\">\n<div class=\"u-position-relative js-moretext-wrapper\">\n<div class=\"moretext js-moretext expanded\" data-qa=\"readMoreText\" aria-expanded=\"true\">\n<div class=\"moretext-teaser\">\n<p>Current information about the OL\u00c9 Party and artists can be found at: www.oleparty.de<\/p>\n<\/div>\n<\/div>\n<div class=\"link moretext-toggle\" aria-hidden=\"true\"><\/div>\n<\/div>\n<\/div>\n<\/div>\n<\/div>\n<\/div>\n<\/div>\n<\/div>\n<p class=\"paragraph legalhint-text font-size-m line-height-l\">","protected":false},"excerpt":{"rendered":"<p>Secure your tickets!<\/p>","protected":false},"featured_media":33216,"template":"","meta":{"_acf_changed":false,"inline_featured_image":false},"product_brand":[],"product_cat":[6738,31,4809,4808,69,35,21,58],"product_tag":[5048,941,5045,942,5047,944,947,948],"class_list":{"0":"post-33210","1":"product","2":"type-product","3":"status-publish","4":"has-post-thumbnail","6":"product_cat-dance","7":"product_cat-events","8":"product_cat-ferropolis","9":"product_cat-graefenhainichen","10":"product_cat-konzert","11":"product_cat-orte","12":"product_cat-ticket","13":"product_cat-veranstaltung","14":"product_tag-die-groesste-mallorca-party-tour-der-welt","15":"product_tag-events","16":"product_tag-graefenhainichen","17":"product_tag-konzert","18":"product_tag-ole-party-tour","19":"product_tag-orte","20":"product_tag-ticket","21":"product_tag-veranstaltung","22":"product_shipping_class-nur_paketversand","23":"pa_discount-normalpreis","24":"pa_preiskategorie-stehplatz","26":"first","27":"instock","28":"taxable","29":"shipping-taxable","30":"purchasable","31":"product-type-variable"},"group_of_quantity":0,"min_quantity":0,"max_quantity":"","exclude_order_quantity_value_rules":"no","exclude_category_quantity_rules":"no","combine_variations":"no","acf":[],"_links":{"self":[{"href":"https:\/\/arena-ticket.com\/en\/wp-json\/wp\/v2\/product\/33210","targetHints":{"allow":["GET"]}}],"collection":[{"href":"https:\/\/arena-ticket.com\/en\/wp-json\/wp\/v2\/product"}],"about":[{"href":"https:\/\/arena-ticket.com\/en\/wp-json\/wp\/v2\/types\/product"}],"wp:featuredmedia":[{"embeddable":true,"href":"https:\/\/arena-ticket.com\/en\/wp-json\/wp\/v2\/media\/33216"}],"wp:attachment":[{"href":"https:\/\/arena-ticket.com\/en\/wp-json\/wp\/v2\/media?parent=33210"}],"wp:term":[{"taxonomy":"product_brand","embeddable":true,"href":"https:\/\/arena-ticket.com\/en\/wp-json\/wp\/v2\/product_brand?post=33210"},{"taxonomy":"product_cat","embeddable":true,"href":"https:\/\/arena-ticket.com\/en\/wp-json\/wp\/v2\/product_cat?post=33210"},{"taxonomy":"product_tag","embeddable":true,"href":"https:\/\/arena-ticket.com\/en\/wp-json\/wp\/v2\/product_tag?post=33210"}],"curies":[{"name":"wp","href":"https:\/\/api.w.org\/{rel}","templated":true}]}}