{"id":33588,"date":"2025-02-26T11:08:20","date_gmt":"2025-02-26T10:08:20","guid":{"rendered":"https:\/\/arena-ticket.com\/?p=33588&#038;post_type=product&#038;preview_id=33588"},"modified":"2025-10-16T11:39:42","modified_gmt":"2025-10-16T09:39:42","slug":"drei-haselnuesse-fuer-aschenbroedel-der-originalfilm-mit-live-orchester-chemnitz-stadthalle-27-12-2025-1600-uhr","status":"publish","type":"product","link":"https:\/\/arena-ticket.com\/en\/product\/drei-haselnuesse-fuer-aschenbroedel-der-originalfilm-mit-live-orchester-chemnitz-stadthalle-27-12-2025-1600-uhr\/","title":{"rendered":"Drei Haseln\u00fcsse f\u00fcr Aschenbr\u00f6del - Der Ori\u00adgi\u00adnal\u00adfilm mit Live-Orchester"},"content":{"rendered":"<p><em>NO admission for children under 6 years.<\/em><br \/>\n<em>Children aged 6 and over require their own card!<\/em><br \/>\n<em>Children under 16 years of age are only admitted if accompanied by a parent or legal guardian.<\/em><\/p>\n<p>&nbsp;<\/p>\n<div><u><strong>The original film with live orchestra\u00a0<\/strong><\/u><\/div>\n<div><strong>\u00a0<\/strong><\/div>\n<div><strong>The Music of Karel Svoboda<\/strong><\/div>\n<div>The highlight, in addition to the brilliant cinema experience on the big screen, is Karel Svoboda&#039;s music, played live by a top-class orchestra, and synchronized scene by scene with the romantic and funny adventures on the big screen.<\/div>\n<div>Shortly after his Cinderella soundtrack, Svoboda received his first commissions from the West, and he wrote the theme songs for cartoons such as \u201cMaya the Bee,\u201d \u201cWickie\u201d and \u201cNils Holgersson.\u201d But only the melody to which the princess races through the snow on her white horse is able to evoke such blissful feelings of happiness.<\/div>\n<div><\/div>","protected":false},"excerpt":{"rendered":"<p>The original film with live orchestra - get your tickets now!<\/p>","protected":false},"featured_media":50954,"template":"","meta":{"_acf_changed":false,"inline_featured_image":false},"product_brand":[],"product_cat":[103,31,6744,69,35,494,21,58],"product_tag":[992,5101,5100,941,942,951,3031,947,948],"class_list":{"0":"post-33588","1":"product","2":"type-product","3":"status-publish","4":"has-post-thumbnail","6":"product_cat-chemnitz","7":"product_cat-events","8":"product_cat-filmmusik","9":"product_cat-konzert","10":"product_cat-orte","11":"product_cat-stadthalle-chemnitz","12":"product_cat-ticket","13":"product_cat-veranstaltung","14":"product_tag-chemnitz","15":"product_tag-der-originalfilm-mit-live-orchester","16":"product_tag-drei-haselnuesse-fuer-aschenbroedel","17":"product_tag-events","18":"product_tag-konzert","19":"product_tag-kultur","20":"product_tag-stadthalle-chemnitz","21":"product_tag-ticket","22":"product_tag-veranstaltung","23":"product_shipping_class-nur_paketversand","24":"pa_discount-normalpreis","25":"pa_preiskategorie-pk-i","26":"pa_preiskategorie-pk-ii","27":"pa_preiskategorie-pk-iii","28":"pa_preiskategorie-pk-iv","29":"pa_preiskategorie-pk-v","31":"first","32":"instock","33":"taxable","34":"shipping-taxable","35":"purchasable","36":"product-type-variable"},"group_of_quantity":0,"min_quantity":0,"max_quantity":"","exclude_order_quantity_value_rules":"no","exclude_category_quantity_rules":"no","combine_variations":"no","acf":[],"_links":{"self":[{"href":"https:\/\/arena-ticket.com\/en\/wp-json\/wp\/v2\/product\/33588","targetHints":{"allow":["GET"]}}],"collection":[{"href":"https:\/\/arena-ticket.com\/en\/wp-json\/wp\/v2\/product"}],"about":[{"href":"https:\/\/arena-ticket.com\/en\/wp-json\/wp\/v2\/types\/product"}],"wp:featuredmedia":[{"embeddable":true,"href":"https:\/\/arena-ticket.com\/en\/wp-json\/wp\/v2\/media\/50954"}],"wp:attachment":[{"href":"https:\/\/arena-ticket.com\/en\/wp-json\/wp\/v2\/media?parent=33588"}],"wp:term":[{"taxonomy":"product_brand","embeddable":true,"href":"https:\/\/arena-ticket.com\/en\/wp-json\/wp\/v2\/product_brand?post=33588"},{"taxonomy":"product_cat","embeddable":true,"href":"https:\/\/arena-ticket.com\/en\/wp-json\/wp\/v2\/product_cat?post=33588"},{"taxonomy":"product_tag","embeddable":true,"href":"https:\/\/arena-ticket.com\/en\/wp-json\/wp\/v2\/product_tag?post=33588"}],"curies":[{"name":"wp","href":"https:\/\/api.w.org\/{rel}","templated":true}]}}