{"id":34261,"date":"2025-03-05T15:42:22","date_gmt":"2025-03-05T14:42:22","guid":{"rendered":"https:\/\/arena-ticket.com\/?p=34261&#038;post_type=product&#038;preview_id=34261"},"modified":"2026-02-26T09:39:16","modified_gmt":"2026-02-26T08:39:16","slug":"der-koenig-der-bloeden-sommerkabarett-im-zoo-leipzig-zoo-leipzig-gondwanaland-31-07-2025-2030-uhr","status":"publish","type":"product","link":"https:\/\/arena-ticket.com\/en\/product\/der-koenig-der-bloeden-sommerkabarett-im-zoo-leipzig-zoo-leipzig-gondwanaland-31-07-2025-2030-uhr\/","title":{"rendered":"Der K\u00f6nig der Bl\u00f6den 2 - Sommerkabarett im Zoo Leipzig"},"content":{"rendered":"<p>&nbsp;<\/p>\n<div class=\"event-detail-description\">\n<p><strong>Jetzt erst recht! \u2013 Der Affenzirkus geht weiter!<br \/>\n<\/strong><br \/>\nDeutschland dreht sich im Hamsterrad, und weil kein Hahn mehr nach uns kr\u00e4ht, stehen wir auf einem Haufen Mist und schauen wie das Reh ins digitale Scheinwerferlicht. Aber Hauptsache, irgendwo wird wieder eine Sau durchs Dorf getrieben! Dann geben wir dem Affen Zucker, bis der Diabetes hat und freuen uns dar\u00fcber diebischer als jede Elster, die aus einer M\u00fccke einen Elefanten im Porzellanladen macht, w\u00e4hrend ihr Kr\u00f6ten schluckend die Hammelbeine langgezogen werden. Derweil f\u00e4ngt der fr\u00fche Vogel den Wurm vom blinden Huhn und\u2026 ach, egal, w\u00e4hrend ich mir hier \u2018nen Wolf schreibe, pfeifen es die Spatzen schon l\u00e4ngst von den D\u00e4chern: Zeit f\u00fcr neue Bl\u00f6dsinnigkeiten!<\/p>\n<p>Kommen Sie zur 2. Konferenz der SATI(E)RE:<br \/>\nAndr\u00e9 Bautzmann, Robert G\u00fcnschmann, Jan Mareck und Martin Joost pr\u00e4sentieren Ihnen einen tierischen Kabarettabend im Zoo Leipzig.<\/p>\n<p>&nbsp;<\/p>\n<\/div>\n<div class=\"event-detail-description2\">\n<p><strong>Location: Leipzig Zoo - Gondwanaland (Mekong Event Room)<br \/>\nZeitraum: 22.7. - 9.8.2025<br \/>\n<\/strong><strong>Process:<\/strong><\/p>\n<p>7:00 p.m. Admission with tour of the tropical hall and boat trip.<\/p>\n<p>parallel dinner at the Patakan restaurant possible (self-payer)*<\/p>\n<p>8:15 pm last round of drinks<\/p>\n<p>20:30 - 21:15 Uhr Kabarettprogramm Teil 1<\/p>\n<p>21:15 - 21:45 Uhr Pause<\/p>\n<p>21:45 - 22:30 Uhr Kabarettprogramm Teil 2<\/p>\n<p>&nbsp;<\/p>\n<p><a href=\"mailto:leipzig-zoo@marche-int.com\">\u00a0<\/a><\/p>\n<\/div>","protected":false},"excerpt":{"rendered":"<p>Kommen Sie zur 2. Konferenz der SATI(E)RE:<br \/>\nAndr\u00e9 Bautzmann, Robert G\u00fcnschmann, Jan Mareck und Martin Joost pr\u00e4sentieren Ihnen einen tierischen Kabarettabend im Zoo Leipzig.<\/p>\n<p>&nbsp;<\/p>","protected":false},"featured_media":63183,"template":"","meta":{"_acf_changed":false,"inline_featured_image":false},"product_brand":[],"product_cat":[31,409,95,6726,86,35,21,58],"product_tag":[954,5137,6724,6107,941,5134,6774,960,943,944,958,5138,947,948],"class_list":{"0":"post-34261","1":"product","2":"type-product","3":"status-publish","4":"has-post-thumbnail","6":"product_cat-events","7":"product_cat-gondwanaland","8":"product_cat-humor","9":"product_cat-kabarett","10":"product_cat-leipzig","11":"product_cat-orte","12":"product_cat-ticket","13":"product_cat-veranstaltung","14":"product_tag-comedy","15":"product_tag-der-koenig-der-bloeden","16":"product_tag-der-koenig-der-bloeden-2","17":"product_tag-der-koenig-der-bloeden-2026","18":"product_tag-events","19":"product_tag-gondwanaland","20":"product_tag-humor","21":"product_tag-kabarett","22":"product_tag-leipzig","23":"product_tag-orte","24":"product_tag-show","25":"product_tag-sommerkabarett-im-zoo-leipzig","26":"product_tag-ticket","27":"product_tag-veranstaltung","28":"product_shipping_class-nur_paketversand","29":"pa_discount-normalpreis","30":"pa_preiskategorie-pk-i","32":"first","33":"instock","34":"taxable","35":"shipping-taxable","36":"purchasable","37":"product-type-variable"},"group_of_quantity":0,"min_quantity":0,"max_quantity":"","exclude_order_quantity_value_rules":"no","exclude_category_quantity_rules":"no","combine_variations":"no","acf":[],"_links":{"self":[{"href":"https:\/\/arena-ticket.com\/en\/wp-json\/wp\/v2\/product\/34261","targetHints":{"allow":["GET"]}}],"collection":[{"href":"https:\/\/arena-ticket.com\/en\/wp-json\/wp\/v2\/product"}],"about":[{"href":"https:\/\/arena-ticket.com\/en\/wp-json\/wp\/v2\/types\/product"}],"wp:featuredmedia":[{"embeddable":true,"href":"https:\/\/arena-ticket.com\/en\/wp-json\/wp\/v2\/media\/63183"}],"wp:attachment":[{"href":"https:\/\/arena-ticket.com\/en\/wp-json\/wp\/v2\/media?parent=34261"}],"wp:term":[{"taxonomy":"product_brand","embeddable":true,"href":"https:\/\/arena-ticket.com\/en\/wp-json\/wp\/v2\/product_brand?post=34261"},{"taxonomy":"product_cat","embeddable":true,"href":"https:\/\/arena-ticket.com\/en\/wp-json\/wp\/v2\/product_cat?post=34261"},{"taxonomy":"product_tag","embeddable":true,"href":"https:\/\/arena-ticket.com\/en\/wp-json\/wp\/v2\/product_tag?post=34261"}],"curies":[{"name":"wp","href":"https:\/\/api.w.org\/{rel}","templated":true}]}}