{"id":34336,"date":"2025-03-06T15:52:24","date_gmt":"2025-03-06T14:52:24","guid":{"rendered":"https:\/\/arena-ticket.com\/?p=34336&#038;post_type=product&#038;preview_id=34336"},"modified":"2026-02-21T13:32:45","modified_gmt":"2026-02-21T12:32:45","slug":"liska-ich-komm-schon-klar-tour-2026-leipzig-naumanns-im-felsenkeller-05-03-2026-2000-uhr","status":"publish","type":"product","link":"https:\/\/arena-ticket.com\/en\/product\/liska-ich-komm-schon-klar-tour-2026-leipzig-naumanns-im-felsenkeller-05-03-2026-2000-uhr\/","title":{"rendered":"liska  - \"Ich komm schon klar\" Tour 2026"},"content":{"rendered":"<p>&nbsp;<\/p>\n<div class=\"event-meta\"><\/div>\n<div class=\"EventDetailsAbout__Text-sc-6411bf4-1 bNbath\">\n<div class=\"TruncatedMarkdown__Wrapper-sc-30f4de94-0 cEPNdr\">\n<p>Wir alle haben Gedanken und Gef\u00fchle, die sich gar nicht mal so leicht in Worte fassen lassen - unz\u00e4hlige lange schlaflose N\u00e4chte, mit kreisenden Gedanken und lauten Gef\u00fchlen, die einfach nicht schweigen wollen. Genau diesen Momenten gibt liska mit ihrer Musik eine Stimme. Anfang 2026 nimmt sie ihre Zuh\u00f6rer*innen mit auf die \u201eIch komm schon klar\u201c-Tour.<\/p>\n<p>\u201eMan redet sich oft ein, dass man klarkommt, ohne es wirklich zu f\u00fchlen. Vielleicht bedeutet es nicht, alles im Griff zu haben, sondern einfach zu akzeptieren, dass eben nicht alles kontrollierbar ist\u201c<\/p>\n<p>Ihre Songs sind wie aufgeschlagene Tagebuchseiten: ehrlich, direkt und manchmal fast zu pers\u00f6nlich. Sie f\u00e4ngt ein, was viele f\u00fchlen, aber selten aussprechen \u2013 die Zweifel, die kleinen Triumphe, das Stolpern und Weitergehen.<\/p>\n<p>In den letzten Monaten teilte sie die B\u00fchne mit HE\/RO und CCOSMO und wird bald auch f\u00fcr Zartmann er\u00f6ffnen. Au\u00dferdem war sie Teil der Unreleased-Reihe, wo sie ihre Musik in einem besonderen Rahmen pr\u00e4sentieren konnte. Mehr als 13,5k Menschen begleiten sie bereits auf ihrem Weg \u2013 eine stetig wachsende Fangemeinde, die in ihren Liedern ein St\u00fcck von sich selbst wiederfindet.<\/p>\n<p>Mit ihrer ersten eigenen Tour schafft liska einen Raum, in dem alles sein darf: die leisen Zweifel, das laute Mitsingen, das tiefe Durchatmen. Ein Abend f\u00fcr alle, die kurz innehalten und einfach da sein wollen \u2013 zum F\u00fchlen, Erinnern und vielleicht sogar zum Klarkommen.<\/p>\n<\/div>\n<\/div>\n<p>&nbsp;<\/p>","protected":false},"excerpt":{"rendered":"<p>Mit ihrer ersten eigenen Tour schafft liska einen Raum, in dem alles sein darf: die leisen Zweifel, das laute Mitsingen, das tiefe Durchatmen. Ein Abend f\u00fcr alle, die kurz innehalten und einfach da sein wollen \u2013 zum F\u00fchlen, Erinnern und vielleicht sogar zum Klarkommen. Jetzt Tickets sichern!<\/p>","protected":false},"featured_media":36018,"template":"","meta":{"_acf_changed":false,"inline_featured_image":false},"product_brand":[],"product_cat":[31,69,86,451,35,6733,21,58],"product_tag":[5262,941,942,943,5261,990,944,2506,947,948],"class_list":{"0":"post-34336","1":"product","2":"type-product","3":"status-publish","4":"has-post-thumbnail","6":"product_cat-events","7":"product_cat-konzert","8":"product_cat-leipzig","9":"product_cat-naumanns-im-felsenkeller","10":"product_cat-orte","11":"product_cat-pop","12":"product_cat-ticket","13":"product_cat-veranstaltung","14":"product_tag-ich-komm-schon-klar-tour-2026","15":"product_tag-events","16":"product_tag-konzert","17":"product_tag-leipzig","18":"product_tag-liska","19":"product_tag-naumanns-im-felsenkeller","20":"product_tag-orte","21":"product_tag-pop","22":"product_tag-ticket","23":"product_tag-veranstaltung","24":"product_shipping_class-nur_paketversand","25":"pa_discount-normalpreis","26":"pa_preiskategorie-stehplatz","28":"first","29":"instock","30":"taxable","31":"shipping-taxable","32":"purchasable","33":"product-type-variable","34":"has-default-attributes"},"group_of_quantity":0,"min_quantity":0,"max_quantity":"","exclude_order_quantity_value_rules":"no","exclude_category_quantity_rules":"no","combine_variations":"no","acf":[],"_links":{"self":[{"href":"https:\/\/arena-ticket.com\/en\/wp-json\/wp\/v2\/product\/34336","targetHints":{"allow":["GET"]}}],"collection":[{"href":"https:\/\/arena-ticket.com\/en\/wp-json\/wp\/v2\/product"}],"about":[{"href":"https:\/\/arena-ticket.com\/en\/wp-json\/wp\/v2\/types\/product"}],"wp:featuredmedia":[{"embeddable":true,"href":"https:\/\/arena-ticket.com\/en\/wp-json\/wp\/v2\/media\/36018"}],"wp:attachment":[{"href":"https:\/\/arena-ticket.com\/en\/wp-json\/wp\/v2\/media?parent=34336"}],"wp:term":[{"taxonomy":"product_brand","embeddable":true,"href":"https:\/\/arena-ticket.com\/en\/wp-json\/wp\/v2\/product_brand?post=34336"},{"taxonomy":"product_cat","embeddable":true,"href":"https:\/\/arena-ticket.com\/en\/wp-json\/wp\/v2\/product_cat?post=34336"},{"taxonomy":"product_tag","embeddable":true,"href":"https:\/\/arena-ticket.com\/en\/wp-json\/wp\/v2\/product_tag?post=34336"}],"curies":[{"name":"wp","href":"https:\/\/api.w.org\/{rel}","templated":true}]}}