{"id":34711,"date":"2025-03-12T13:32:25","date_gmt":"2025-03-12T12:32:25","guid":{"rendered":"https:\/\/arena-ticket.com\/?p=34711&#038;post_type=product&#038;preview_id=34711"},"modified":"2025-08-04T18:20:09","modified_gmt":"2025-08-04T16:20:09","slug":"dame-der-weg-ist-das-ziel-live-2025-leipzig-felsenkeller-19-09-2025-2000-uhr","status":"publish","type":"product","link":"https:\/\/arena-ticket.com\/en\/product\/dame-der-weg-ist-das-ziel-live-2025-leipzig-felsenkeller-19-09-2025-2000-uhr\/","title":{"rendered":"DAME - Der Weg ist das Ziel - Live 2025"},"content":{"rendered":"<p>Seit nun \u00fcber einer Dekade begeistert DAME seine treue Anh\u00e4ngerschaft. Egal, ob es darum geht, mit tiefer Stimme \u00fcber deftige Beats zu brettern oder Ohrw\u00fcrmer aufs Blatt zu zaubern, die einen wochenlang nicht mehr in Ruhe lassen. Etliche Top-Ten-Alben, ausverkaufte Tourneen und rekordverd\u00e4chtige Zahlen sind nur ein kleiner Auszug der bisherigen Karriere des Begr\u00fcnders deutschsprachiger Gaming-Musik.<\/p>\n<article class=\"vt:bg-black vt:text-white\">\n<section class=\"mod-purple mt-16 lg:mt-24 vt:mod-orange text-black select-none\">\n<div class=\"bg-[color:var(--primary-color)] py-12 overflow-hidden\">\n<div class=\"panel\">\n<div class=\"swiper-initialized swiper-horizontal swiper-pointer-events swiper-backface-hidden\">\n<div class=\"swiper-wrapper\">\n<div class=\"swiper-slide\">\n<div class=\"text-center\">\n<div class=\" cursor-pointer group rounded-full transition duration-75 uppercase whitespace-nowrap inline-flex items-center justify-center leading-tight font-medium text-xs py-3 px-5 xl:text-sm xl:py-3.5 xl:px-6 bg-[color:var(--secondary-color)] text-[color:var(--primary-color)] hover:text-white \">\n<p>Letzteres wurde k\u00fcrzlich mit \u201eAllzeit Bereit\u201c, der Fortsetzung seines WoW-Evergreens \u201e12 Millionen\u201c, abermals gekonnt unter Beweis gestellt. So generierte DAME \u00fcber Nacht mehr als jeweils 100.000 Aufrufe sowohl auf Spotify als auch auf YouTube, wo er sich ohne gro\u00dfe Anstrengung Platz vier der deutschen Trends sichern konnte.<\/p>\n<p>Nach wohlverdienter Auszeit und Schaffenspause, mit Ausnahme einer Handvoll ausgew\u00e4hlter Open-Air-Konzerte, ist die Freude umso gr\u00f6\u00dfer, dass k\u00fcrzlich erschienene Hits wie unter anderem \u201eZukunft aus Gold\u201c und \u201eLife Balance\u201c in den Koffer gestopft werden, um die Fans 2025 mit der ersten Hallen-Tournee seit 2022 zu begl\u00fccken.<\/p>\n<\/div>\n<\/div>\n<\/div>\n<div class=\"swiper-slide\">\n<div class=\"relative aspect-w-4 aspect-h-5 overflow-hidden\">\n<figure class=\" h-full w-full flex flex-col justify-center\"><\/figure>\n<div class=\"absolute z-10 top-0 w-full h-full transition duration-500 bg-[color:var(--primary-color)] opacity-0 md:group-hover:scale-105 md:group-hover:opacity-100\"><\/div>\n<\/div>\n<div class=\"mt-4 mb-4 md:mt-6 text-center text-sm\"><\/div>\n<div class=\"text-center\">\n<div class=\" cursor-pointer group rounded-full transition duration-75 uppercase whitespace-nowrap inline-flex items-center justify-center leading-tight font-medium text-xs py-3 px-5 xl:text-sm xl:py-3.5 xl:px-6 bg-[color:var(--secondary-color)] text-[color:var(--primary-color)] hover:text-white \"><\/div>\n<\/div>\n<\/div>\n<\/div>\n<\/div>\n<\/div>\n<\/div>\n<\/section>\n<\/article>\n<p>&nbsp;<\/p>\n<aside>\n<div><\/div>\n<\/aside>\n<footer class=\"bg-black text-white py-12\">\n<div class=\"panel panel-grid\">\n<div class=\"col-span-full 2md:col-span-4 flex flex-col 2md:justify-between h-full\">\n<div class=\"flex space-x-6\"><\/div>\n<\/div>\n<div class=\"mt-12 2md:mt-0 2md:col-start-7 col-span-full 2md:col-span-6\">\n<div><\/div>\n<\/div>\n<\/div>\n<\/footer>\n","protected":false},"excerpt":{"rendered":"<p>Following the success of &quot;Allzeit Bereit,&quot; the sequel to his WoW hit &quot;12 Millionen,&quot; DAME has now confirmed its first arena tour in three years for 2025! Get your tickets now!<\/p>","protected":false},"featured_media":34713,"template":"","meta":{"_acf_changed":false,"inline_featured_image":false},"product_brand":[],"product_cat":[31,348,6737,69,86,35,21,58],"product_tag":[5176,5177,941,1476,942,943,944,947,948],"class_list":{"0":"post-34711","1":"product","2":"type-product","3":"status-publish","4":"has-post-thumbnail","6":"product_cat-events","7":"product_cat-felsenkeller","8":"product_cat-hip-hop-rnb","9":"product_cat-konzert","10":"product_cat-leipzig","11":"product_cat-orte","12":"product_cat-ticket","13":"product_cat-veranstaltung","14":"product_tag-dame","15":"product_tag-der-weg-ist-das-ziel-live-2025","16":"product_tag-events","17":"product_tag-felsenkeller","18":"product_tag-konzert","19":"product_tag-leipzig","20":"product_tag-orte","21":"product_tag-ticket","22":"product_tag-veranstaltung","23":"product_shipping_class-nur_paketversand","24":"pa_discount-normalpreis","25":"pa_preiskategorie-stehplatz","27":"first","28":"outofstock","29":"taxable","30":"shipping-taxable","31":"purchasable","32":"product-type-variable","33":"has-default-attributes"},"group_of_quantity":0,"min_quantity":0,"max_quantity":"","exclude_order_quantity_value_rules":"no","exclude_category_quantity_rules":"no","combine_variations":"no","acf":[],"_links":{"self":[{"href":"https:\/\/arena-ticket.com\/en\/wp-json\/wp\/v2\/product\/34711","targetHints":{"allow":["GET"]}}],"collection":[{"href":"https:\/\/arena-ticket.com\/en\/wp-json\/wp\/v2\/product"}],"about":[{"href":"https:\/\/arena-ticket.com\/en\/wp-json\/wp\/v2\/types\/product"}],"wp:featuredmedia":[{"embeddable":true,"href":"https:\/\/arena-ticket.com\/en\/wp-json\/wp\/v2\/media\/34713"}],"wp:attachment":[{"href":"https:\/\/arena-ticket.com\/en\/wp-json\/wp\/v2\/media?parent=34711"}],"wp:term":[{"taxonomy":"product_brand","embeddable":true,"href":"https:\/\/arena-ticket.com\/en\/wp-json\/wp\/v2\/product_brand?post=34711"},{"taxonomy":"product_cat","embeddable":true,"href":"https:\/\/arena-ticket.com\/en\/wp-json\/wp\/v2\/product_cat?post=34711"},{"taxonomy":"product_tag","embeddable":true,"href":"https:\/\/arena-ticket.com\/en\/wp-json\/wp\/v2\/product_tag?post=34711"}],"curies":[{"name":"wp","href":"https:\/\/api.w.org\/{rel}","templated":true}]}}