{"id":35138,"date":"2025-03-17T12:09:06","date_gmt":"2025-03-17T11:09:06","guid":{"rendered":"https:\/\/arena-ticket.com\/?p=35138&#038;post_type=product&#038;preview_id=35138"},"modified":"2025-08-15T15:10:28","modified_gmt":"2025-08-15T13:10:28","slug":"fritz-kalkbrenner-kontinentego-tour-2025-leipzig-felsenkeller-22-11-2025-2000-uhr","status":"publish","type":"product","link":"https:\/\/arena-ticket.com\/en\/product\/fritz-kalkbrenner-kontinentego-tour-2025-leipzig-felsenkeller-22-11-2025-2000-uhr\/","title":{"rendered":"Fritz Kalkbrenner  - Kontinentego Tour 2025"},"content":{"rendered":"<div class=\"artwork-image-container\">\n<div class=\"artwork-image\">\n<div class=\"gradient gradient-right\">\n<p>Seit seinen Anf\u00e4ngen in der Berliner Technoszene hat sich Fritz Kalkbrenner zu einer festen Gr\u00f6\u00dfe der elektronischen Musik entwickelt. Mit seinem unverwechselbaren Stil, der warme House-Beats mit seinem markanten Gesang verbindet, begeistert er Fans auf der ganzen Welt. Hits wie \u201e<b>Sky &amp; Sand<\/b>\u201c, \u201e<b>Back Home<\/b>\u201c und zuletzt \u201e<b>Playing Games<\/b>\u201c haben ihn zu einem der gefragtesten K\u00fcnstler des Genres gemacht. 2025 steht f\u00fcr Fritz Kalkbrenner ganz im Zeichen seiner Live-Performances.<\/p>\n<p>Mit einer beeindruckenden Karriere, Millionen von Streams und ausverkauften Tourneen bleibt Fritz Kalkbrenner einer der innovativsten K\u00fcnstler der elektronischen Musik. Seine Fans d\u00fcrfen sich auf ein spannendes Jahr 2025 freuen!<\/p>\n<\/div>\n<\/div>\n<\/div>\n<div class=\"container artwork-content padding-bottom-xl\">\n<div class=\"artwork-content-text\">\n<div class=\"stage-content-text\">\n<h1 class=\"stage-headline\"><\/h1>\n<\/div>\n<\/div>\n<\/div>\n<article class=\"vt:bg-black vt:text-white\">\n<section class=\"mod-purple mt-16 lg:mt-24 vt:mod-orange text-black select-none\">\n<div class=\"bg-[color:var(--primary-color)] py-12 overflow-hidden\">\n<div class=\"panel\">\n<div class=\"swiper-initialized swiper-horizontal swiper-pointer-events swiper-backface-hidden\">\n<div class=\"swiper-wrapper\">\n<div class=\"swiper-slide\">\n<div class=\"mt-4 mb-4 md:mt-6 text-center text-sm\"><\/div>\n<div class=\"text-center\">\n<div class=\" cursor-pointer group rounded-full transition duration-75 uppercase whitespace-nowrap inline-flex items-center justify-center leading-tight font-medium text-xs py-3 px-5 xl:text-sm xl:py-3.5 xl:px-6 bg-[color:var(--secondary-color)] text-[color:var(--primary-color)] hover:text-white \"><\/div>\n<\/div>\n<\/div>\n<\/div>\n<\/div>\n<\/div>\n<\/div>\n<\/section>\n<\/article>\n<p>&nbsp;<\/p>\n<aside>\n<div><\/div>\n<\/aside>\n<footer class=\"bg-black text-white py-12\">\n<div class=\"panel panel-grid\">\n<div class=\"col-span-full 2md:col-span-4 flex flex-col 2md:justify-between h-full\">\n<div class=\"flex space-x-6\"><\/div>\n<\/div>\n<div class=\"mt-12 2md:mt-0 2md:col-start-7 col-span-full 2md:col-span-6\">\n<div><\/div>\n<\/div>\n<\/div>\n<\/footer>\n","protected":false},"excerpt":{"rendered":"<p>Exceptional artist Fritz Kalkbrenner will tour Germany at the end of 2025!<\/p>","protected":false},"featured_media":35140,"template":"","meta":{"_acf_changed":false,"inline_featured_image":false},"product_brand":[],"product_cat":[6747,31,348,69,86,35,21,58],"product_tag":[941,1476,5200,5201,942,943,944,947,948],"class_list":{"0":"post-35138","1":"product","2":"type-product","3":"status-publish","4":"has-post-thumbnail","6":"product_cat-electronic","7":"product_cat-events","8":"product_cat-felsenkeller","9":"product_cat-konzert","10":"product_cat-leipzig","11":"product_cat-orte","12":"product_cat-ticket","13":"product_cat-veranstaltung","14":"product_tag-events","15":"product_tag-felsenkeller","16":"product_tag-fritz-kalkbrenner","17":"product_tag-kontinentego-tour-2025","18":"product_tag-konzert","19":"product_tag-leipzig","20":"product_tag-orte","21":"product_tag-ticket","22":"product_tag-veranstaltung","23":"product_shipping_class-nur_paketversand","24":"pa_discount-normalpreis","25":"pa_preiskategorie-stehplatz","27":"first","28":"outofstock","29":"taxable","30":"shipping-taxable","31":"purchasable","32":"product-type-variable","33":"has-default-attributes"},"group_of_quantity":0,"min_quantity":0,"max_quantity":"","exclude_order_quantity_value_rules":"no","exclude_category_quantity_rules":"no","combine_variations":"no","acf":[],"_links":{"self":[{"href":"https:\/\/arena-ticket.com\/en\/wp-json\/wp\/v2\/product\/35138","targetHints":{"allow":["GET"]}}],"collection":[{"href":"https:\/\/arena-ticket.com\/en\/wp-json\/wp\/v2\/product"}],"about":[{"href":"https:\/\/arena-ticket.com\/en\/wp-json\/wp\/v2\/types\/product"}],"wp:featuredmedia":[{"embeddable":true,"href":"https:\/\/arena-ticket.com\/en\/wp-json\/wp\/v2\/media\/35140"}],"wp:attachment":[{"href":"https:\/\/arena-ticket.com\/en\/wp-json\/wp\/v2\/media?parent=35138"}],"wp:term":[{"taxonomy":"product_brand","embeddable":true,"href":"https:\/\/arena-ticket.com\/en\/wp-json\/wp\/v2\/product_brand?post=35138"},{"taxonomy":"product_cat","embeddable":true,"href":"https:\/\/arena-ticket.com\/en\/wp-json\/wp\/v2\/product_cat?post=35138"},{"taxonomy":"product_tag","embeddable":true,"href":"https:\/\/arena-ticket.com\/en\/wp-json\/wp\/v2\/product_tag?post=35138"}],"curies":[{"name":"wp","href":"https:\/\/api.w.org\/{rel}","templated":true}]}}