{"id":35599,"date":"2025-03-24T16:52:56","date_gmt":"2025-03-24T15:52:56","guid":{"rendered":"https:\/\/arena-ticket.com\/?p=35599&#038;post_type=product&#038;preview_id=35599"},"modified":"2026-03-26T11:41:23","modified_gmt":"2026-03-26T10:41:23","slug":"museumsnacht-in-halle-saale-und-leipzig-am-10-mai-2025","status":"publish","type":"product","link":"https:\/\/arena-ticket.com\/en\/product\/museumsnacht-in-halle-saale-und-leipzig-am-10-mai-2025\/","title":{"rendered":"Museumsnacht in Halle (Saale) und Leipzig  - 10. Mai 2025"},"content":{"rendered":"<p>Das Ticket gilt w\u00e4hrend der Museumsnacht von 18.00-24.00 Uhr in allen teilnehmenden Museen und Sammlungen und als Fahrkarte f\u00fcr den \u00f6ffentlichen Nahverkehr und den vier Sonderlinien in Halle und Leipzig.<\/p>\n<p>Die Eintrittskarten gelten am 10. Mai ab 16 Uhr und am Folgetag bis 3 Uhr morgens als Fahrkarten in den Zonen 110 [Leipzig], 162, 163, 225 und 210 [Halle] f\u00fcr alle Verkehrsmittel des MDV* [Nahverkehrsz\u00fcge inklusive S \u00adBahn, Tram und Bus].<\/p>\n<p><strong>WICHTIG!<\/strong>\u00a0KINDER UND JUGENDLICHE BIS EINSCHLIESSLICH 18 JAHREN HABEN FREIEN EINTRITT, ben\u00f6tigen aber ein Freiticket.<\/p>\n<p>Das kostenfreie Kinderticket berechtigt nur in Beglei\u00adtung einer Person ab 19 Jahre, die im Besitz einer g\u00fcltigen Ein\u00adtrittskarte ist, zur Fahrt innerhalb der o.g. Zonen. Das kostenfreie Jugendticket berechtigt nicht zur Mitnahme von Kindern.<\/p>\n<p>* Es gelten die Tarifbestimmungen und Bef\u00f6rderungsbedingungen des MDV.<\/p>\n","protected":false},"excerpt":{"rendered":"<p>We look forward to the next joint <strong>Museum Night<\/strong> on May 10, 2025<\/p>","protected":false},"featured_media":35726,"template":"","meta":{"_acf_changed":false,"inline_featured_image":false},"product_brand":[],"product_cat":[31,6765,102,922,86,35,21,15,58],"product_tag":[5240,941,999,951,943,4554,944,947,976,948],"class_list":{"0":"post-35599","1":"product","2":"type-product","3":"status-publish","4":"has-post-thumbnail","6":"product_cat-events","7":"product_cat-fuehrung","8":"product_cat-halle","9":"product_cat-kultur","10":"product_cat-leipzig","11":"product_cat-orte","12":"product_cat-ticket","13":"product_cat-unkategorisiert","14":"product_cat-veranstaltung","15":"product_tag-10-mai-2025","16":"product_tag-events","17":"product_tag-halle","18":"product_tag-kultur","19":"product_tag-leipzig","20":"product_tag-museumsnacht-in-halle-saale-und-leipzig","21":"product_tag-orte","22":"product_tag-ticket","23":"product_tag-unkategorisiert","24":"product_tag-veranstaltung","25":"product_shipping_class-nur_paketversand","26":"pa_discount-ermaessigt","27":"pa_discount-jugendliche","28":"pa_discount-kind","29":"pa_discount-leipzig-pass-inhaber","30":"pa_discount-normalpreis","31":"pa_preiskategorie-tagesticket","33":"first","34":"instock","35":"taxable","36":"shipping-taxable","37":"purchasable","38":"product-type-variable"},"group_of_quantity":0,"min_quantity":0,"max_quantity":"","exclude_order_quantity_value_rules":"no","exclude_category_quantity_rules":"no","combine_variations":"no","acf":[],"_links":{"self":[{"href":"https:\/\/arena-ticket.com\/en\/wp-json\/wp\/v2\/product\/35599","targetHints":{"allow":["GET"]}}],"collection":[{"href":"https:\/\/arena-ticket.com\/en\/wp-json\/wp\/v2\/product"}],"about":[{"href":"https:\/\/arena-ticket.com\/en\/wp-json\/wp\/v2\/types\/product"}],"wp:featuredmedia":[{"embeddable":true,"href":"https:\/\/arena-ticket.com\/en\/wp-json\/wp\/v2\/media\/35726"}],"wp:attachment":[{"href":"https:\/\/arena-ticket.com\/en\/wp-json\/wp\/v2\/media?parent=35599"}],"wp:term":[{"taxonomy":"product_brand","embeddable":true,"href":"https:\/\/arena-ticket.com\/en\/wp-json\/wp\/v2\/product_brand?post=35599"},{"taxonomy":"product_cat","embeddable":true,"href":"https:\/\/arena-ticket.com\/en\/wp-json\/wp\/v2\/product_cat?post=35599"},{"taxonomy":"product_tag","embeddable":true,"href":"https:\/\/arena-ticket.com\/en\/wp-json\/wp\/v2\/product_tag?post=35599"}],"curies":[{"name":"wp","href":"https:\/\/api.w.org\/{rel}","templated":true}]}}