{"id":35754,"date":"2025-03-26T13:25:06","date_gmt":"2025-03-26T12:25:06","guid":{"rendered":"https:\/\/arena-ticket.com\/?p=35754&#038;post_type=product&#038;preview_id=35754"},"modified":"2025-03-26T13:57:22","modified_gmt":"2025-03-26T12:57:22","slug":"anastacia-open-air-2025-dresden-freilichtbuehne-junge-garde-21-08-2025-1900-uhr","status":"publish","type":"product","link":"https:\/\/arena-ticket.com\/en\/product\/anastacia-open-air-2025-dresden-freilichtbuehne-junge-garde-21-08-2025-1900-uhr\/","title":{"rendered":"Anastacia  - Open Air 2025"},"content":{"rendered":"<p>Anastacia ist mit einer Stimme gesegnet, die auf allen Kontinenten zu h\u00f6ren ist, und eine musikalische Kraft, mit der man rechnen muss. Von dem Moment an, an dem sie 1999 ins Rampenlicht trat, erlangte sie schnell internationale Anerkennung und wurde in nur zwei Jahren zur \u201eweltweit meistverkauften neuen weiblichen Popk\u00fcnstlerin\u201c gek\u00fcrt. Die kraftvolle Stimme, die hinter Chart-Toppern wie dem Multi-Platin-Hit \u201eI'm Outta Love\u201c, \u201ePaid My Dues\u201c und \u201eLeft Outside Alone\u201c steht, hat \u00fcber 30 Millionen Tontr\u00e4ger verkauft, zahllose Auszeichnungen erhalten, darunter mehr als 225 Awards in 31 L\u00e4ndern, und Nummer-1-Hits in 19 L\u00e4ndern platziert. Im kommenden Sommer wird Anastacia auf Open-Air-B\u00fchnen in Rosenheim und Regensburg begeistern.<\/p>\n<p>Anastacias musikalischer Werdegang ist ein Beweis f\u00fcr ihre Unverw\u00fcstlichkeit und unersch\u00fctterliche Leidenschaft. Es gibt viele S\u00e4ngerinnen und S\u00e4nger, die unvergessliche Kl\u00e4nge schaffen, aber nur wenige haben diesen unverwechselbaren Ton, der einen in seinen Bann zieht. Anastacia ist eine solche Rarit\u00e4t. Die \u00dcbersetzung ihres Namens ins Griechische, \u201eResurrection\u201c (auch der Titel ihres Albums von 2014), spricht B\u00e4nde \u00fcber den Verlauf ihrer Karriere. Ihre Musik ist eine kontinuierliche Entwicklung und spiegelt ihre Erfahrungen, Herausforderungen und Triumphe wider. Nach Studioalben von \u201eNot That Kind\u201c (2000) bis \u201eEvolution\u201c (2017) ver\u00f6ffentlichte Anastacia 2023 ihr achtes Studioalbum \u201eOur Songs\u201c unter dem Label Stars by Edel. \u201eOur Songs\u201c ist Anastacias Liebesbrief an Deutschland, indem sie einige der beliebtesten Songs des Landes w\u00e4hlte und auf Englisch aufnahm.<\/p>\n<p>F\u00fcr ihre atemberaubende Interpretation von Peter Maffays \u201eSo bist du\u201c, \u201eJust You\u201c, hat sich Anastacia sogar mit dem deutschen S\u00e4nger f\u00fcr eine Duett-Version ins Studio begeben. \u201eOur Songs\u201c stieg in Deutschland auf Platz 2, in \u00d6sterreich auf Platz 5 und in der Schweiz auf Platz 8 der Charts ein und bescherte ihr ein weiteres Hit-Album. Am 21. Juni 2024 ver\u00f6ffentlichte sie die \u201eOur Songs Gold Deluxe Edition\u201c mit drei zus\u00e4tzlichen Songs, die eine zeitgem\u00e4\u00dfere Auswahl darstellen: Diesmal w\u00e4hlte sie aktuelle Hits von Nico Santos \u2013 \u201eRooftop\u201c, Michael Schultes \u2013 \u201eHighs and Lows\u201c, und Zoe Wees \u2013 \u201eControl\u201c.<\/p>\n<p>Von ihren fr\u00fchen Hits bis zu ihren j\u00fcngsten Chart-Erfolgen war Anastacias Musik immer ein Spiegelbild ihrer Hingabe, Leidenschaft und Unverw\u00fcstlichkeit. Anastacias best\u00e4ndiger Geist und ihre F\u00e4higkeit, sowohl langj\u00e4hrige Fans als auch ein neues Publikum zu begeistern, machen sie zu einer ganz eigenen Liga.<\/p>","protected":false},"excerpt":{"rendered":"<p>Secure your tickets!<\/p>","protected":false},"featured_media":35764,"template":"","meta":{"_acf_changed":false,"inline_featured_image":false},"product_brand":[],"product_cat":[31,87,403,69,35,6733,21,58],"product_tag":[3501,940,941,996,942,3291,944,947,948],"class_list":{"0":"post-35754","1":"product","2":"type-product","3":"status-publish","4":"has-post-thumbnail","6":"product_cat-events","7":"product_cat-dresden","8":"product_cat-freilichtbuehne-grosser-garten-junge-garde","9":"product_cat-konzert","10":"product_cat-orte","11":"product_cat-pop","12":"product_cat-ticket","13":"product_cat-veranstaltung","14":"product_tag-anastacia","15":"product_tag-dresden","16":"product_tag-events","17":"product_tag-freilichtbuehne-grosser-garten-junge-garde","18":"product_tag-konzert","19":"product_tag-open-air-2025","20":"product_tag-orte","21":"product_tag-ticket","22":"product_tag-veranstaltung","23":"product_shipping_class-nur_paketversand","24":"pa_discount-normalpreis","25":"pa_preiskategorie-freie-platzwahl","27":"first","28":"instock","29":"taxable","30":"shipping-taxable","31":"purchasable","32":"product-type-variable","33":"has-default-attributes"},"group_of_quantity":0,"min_quantity":0,"max_quantity":"","exclude_order_quantity_value_rules":"no","exclude_category_quantity_rules":"no","combine_variations":"no","acf":[],"_links":{"self":[{"href":"https:\/\/arena-ticket.com\/en\/wp-json\/wp\/v2\/product\/35754","targetHints":{"allow":["GET"]}}],"collection":[{"href":"https:\/\/arena-ticket.com\/en\/wp-json\/wp\/v2\/product"}],"about":[{"href":"https:\/\/arena-ticket.com\/en\/wp-json\/wp\/v2\/types\/product"}],"wp:featuredmedia":[{"embeddable":true,"href":"https:\/\/arena-ticket.com\/en\/wp-json\/wp\/v2\/media\/35764"}],"wp:attachment":[{"href":"https:\/\/arena-ticket.com\/en\/wp-json\/wp\/v2\/media?parent=35754"}],"wp:term":[{"taxonomy":"product_brand","embeddable":true,"href":"https:\/\/arena-ticket.com\/en\/wp-json\/wp\/v2\/product_brand?post=35754"},{"taxonomy":"product_cat","embeddable":true,"href":"https:\/\/arena-ticket.com\/en\/wp-json\/wp\/v2\/product_cat?post=35754"},{"taxonomy":"product_tag","embeddable":true,"href":"https:\/\/arena-ticket.com\/en\/wp-json\/wp\/v2\/product_tag?post=35754"}],"curies":[{"name":"wp","href":"https:\/\/api.w.org\/{rel}","templated":true}]}}