{"id":36009,"date":"2025-03-27T12:39:11","date_gmt":"2025-03-27T11:39:11","guid":{"rendered":"https:\/\/arena-ticket.com\/?p=36009&#038;post_type=product&#038;preview_id=36009"},"modified":"2025-04-02T13:48:30","modified_gmt":"2025-04-02T11:48:30","slug":"the-rock-n-roll-wrestling-bash-that-wasnt-a-microdose-brujo-leipzig-felsenkeller-24-01-2026-2000-uhr","status":"publish","type":"product","link":"https:\/\/arena-ticket.com\/en\/product\/the-rock-n-roll-wrestling-bash-that-wasnt-a-microdose-brujo-leipzig-felsenkeller-24-01-2026-2000-uhr\/","title":{"rendered":"The Rock n Roll Wrestling Bash  - That wasn't a microdose Brujo"},"content":{"rendered":"<div class=\"artwork-image-container\">\n<div class=\"artwork-image\">\n<div class=\"gradient gradient-right\"><\/div>\n<\/div>\n<\/div>\n<article class=\"vt:bg-black vt:text-white\">\n<section class=\"mod-purple mt-16 lg:mt-24 vt:mod-orange text-black select-none\">\n<div class=\"bg-[color:var(--primary-color)] py-12 overflow-hidden\">\n<div class=\"panel\">\n<div class=\"swiper-initialized swiper-horizontal swiper-pointer-events swiper-backface-hidden\">\n<div class=\"swiper-wrapper\">\n<div class=\"swiper-slide\">\n<div class=\"text-center\">\n<div class=\" cursor-pointer group rounded-full transition duration-75 uppercase whitespace-nowrap inline-flex items-center justify-center leading-tight font-medium text-xs py-3 px-5 xl:text-sm xl:py-3.5 xl:px-6 bg-[color:var(--secondary-color)] text-[color:var(--primary-color)] hover:text-white \">\n<p>Es geht wieder los! Carlos Martinez' The Rock n Roll Wrestling Bash geht in die 23. Tournee und setzt dabei auf psychedelische Farben, verr\u00fcckte Designs und eine Explosion der Sinne! In dieser Saison wird alles noch bunter und noch wilder \u2013 ein wahres Spektakel aus atemberaubendem SetDesign und einer spektakul\u00e4ren Auswahl an illustren Wrestlern, die das schier geistesgest\u00f6rte Universum des The Rock n Roll Wrestling Bash bev\u00f6lkern.<\/p>\n<p>Unter dem Motto \u201eThat wasn\u2019t a Microdose, Brujo\u201c erwartet die Fans eine Show, die keine Grenzen kennt \u2013 sowohl visuell als auch akustisch. Wer die letzten Erfolge der Tour miterleben durfte, wei\u00df: The Rock n Roll Wrestling Bash ist mehr als nur ein Wrestling-Event \u2013 es ist eine Mischung aus Kunst, Performance und purem Chaos.<\/p>\n<p>In dieser Saison l\u00e4sst Carlos Martinez keine Gelegenheit aus, um das Publikum auf eine psychedelische Reise durch das verr\u00fcckte Wrestling-Universum zu entf\u00fchren. Wir k\u00f6nnen uns auf eine Show freuen, die in jeder Hinsicht an die letzten Erfolge der Tour ankn\u00fcpft und neue Ma\u00dfst\u00e4be setzt!<\/p>\n<p>Pr\u00e4sentiert wird Carlos Martinez\u2019 The Rock n Roll Wrestling Bash \"That wasn\u2019t a Microdose, Brujo\" von Eventim, Rock Antenne und Classic Rock Magazine.<\/p>\n<p>Lasst euch diese Show nicht entgehen \u2013 der Wahnsinn hat gerade erst begonnen!<\/p>\n<p>\u00dcber Carlos Martinez\u2019 The Rock n Roll Wrestling Bash Carlos Martinez\u2019 The Rock n Roll Wrestling Bash ist l\u00e4ngst zu einer Kultveranstaltung geworden, die Wrestling, Musik, Performance-Kunst und visuelle Magie in einer einzigartigen Mischung vereint. In jeder neuen Ausgabe gibt es spektakul\u00e4re Matches, schr\u00e4gste Charaktere und ein SetDesign, das keine Grenzen kennt.<\/p>\n<\/div>\n<\/div>\n<\/div>\n<\/div>\n<\/div>\n<\/div>\n<\/div>\n<\/section>\n<\/article>\n<p>&nbsp;<\/p>\n<aside>\n<div><\/div>\n<\/aside>\n<footer class=\"bg-black text-white py-12\">\n<div class=\"panel panel-grid\">\n<div class=\"col-span-full 2md:col-span-4 flex flex-col 2md:justify-between h-full\">\n<div class=\"flex space-x-6\"><\/div>\n<\/div>\n<div class=\"mt-12 2md:mt-0 2md:col-start-7 col-span-full 2md:col-span-6\">\n<div><\/div>\n<\/div>\n<\/div>\n<\/footer>\n","protected":false},"excerpt":{"rendered":"<p>Carlos Martinez&#039;s The Rock n Roll Wrestling Bash &quot;That wasn&#039;t a Microdose, Brujo&quot; \u2013 The 23rd tour enters the psychedelic dimension. Get your tickets here now!<\/p>","protected":false},"featured_media":36011,"template":"","meta":{"_acf_changed":false,"inline_featured_image":false},"product_brand":[],"product_cat":[31,348,69,86,35,6745,21,58],"product_tag":[941,1476,942,943,944,5258,5257,947,948],"class_list":{"0":"post-36009","1":"product","2":"type-product","3":"status-publish","4":"has-post-thumbnail","6":"product_cat-events","7":"product_cat-felsenkeller","8":"product_cat-konzert","9":"product_cat-leipzig","10":"product_cat-orte","11":"product_cat-punk-punkrock","12":"product_cat-ticket","13":"product_cat-veranstaltung","14":"product_tag-events","15":"product_tag-felsenkeller","16":"product_tag-konzert","17":"product_tag-leipzig","18":"product_tag-orte","19":"product_tag-that-wasnt-a-microdose-brujo","20":"product_tag-the-rock-n-roll-wrestling-bash","21":"product_tag-ticket","22":"product_tag-veranstaltung","23":"product_shipping_class-nur_paketversand","24":"pa_discount-normalpreis","25":"pa_preiskategorie-stehplatz","27":"first","28":"instock","29":"taxable","30":"shipping-taxable","31":"purchasable","32":"product-type-variable","33":"has-default-attributes"},"group_of_quantity":0,"min_quantity":0,"max_quantity":"","exclude_order_quantity_value_rules":"no","exclude_category_quantity_rules":"no","combine_variations":"no","acf":[],"_links":{"self":[{"href":"https:\/\/arena-ticket.com\/en\/wp-json\/wp\/v2\/product\/36009","targetHints":{"allow":["GET"]}}],"collection":[{"href":"https:\/\/arena-ticket.com\/en\/wp-json\/wp\/v2\/product"}],"about":[{"href":"https:\/\/arena-ticket.com\/en\/wp-json\/wp\/v2\/types\/product"}],"wp:featuredmedia":[{"embeddable":true,"href":"https:\/\/arena-ticket.com\/en\/wp-json\/wp\/v2\/media\/36011"}],"wp:attachment":[{"href":"https:\/\/arena-ticket.com\/en\/wp-json\/wp\/v2\/media?parent=36009"}],"wp:term":[{"taxonomy":"product_brand","embeddable":true,"href":"https:\/\/arena-ticket.com\/en\/wp-json\/wp\/v2\/product_brand?post=36009"},{"taxonomy":"product_cat","embeddable":true,"href":"https:\/\/arena-ticket.com\/en\/wp-json\/wp\/v2\/product_cat?post=36009"},{"taxonomy":"product_tag","embeddable":true,"href":"https:\/\/arena-ticket.com\/en\/wp-json\/wp\/v2\/product_tag?post=36009"}],"curies":[{"name":"wp","href":"https:\/\/api.w.org\/{rel}","templated":true}]}}