{"id":36015,"date":"2025-03-27T12:53:06","date_gmt":"2025-03-27T11:53:06","guid":{"rendered":"https:\/\/arena-ticket.com\/?p=36015&#038;post_type=product&#038;preview_id=36015"},"modified":"2025-10-27T12:45:09","modified_gmt":"2025-10-27T11:45:09","slug":"40-jahre-rocko-schamoni-the-king-is-here-to-stay-leipzig-kupfersaal-06-02-2026-2000-uhr","status":"publish","type":"product","link":"https:\/\/arena-ticket.com\/en\/product\/40-jahre-rocko-schamoni-the-king-is-here-to-stay-leipzig-kupfersaal-06-02-2026-2000-uhr\/","title":{"rendered":"40 Jahre Rocko Schamoni - the king is here to stay"},"content":{"rendered":"<section class=\"artist-portfolio component-inverted c-full c-narrow\" data-c=\"artistportfolio\">\n<section id=\"portfolio-biography\" class=\"c-inner c-narrow component-inverted biography\" data-c=\"artistportfolio\" data-qa=\"artistportfolio-biography\">\n<div class=\"container\">\n<div class=\"u-position-relative js-moretext-wrapper\">\n<div class=\"moretext js-moretext with-image expanded\" data-qa=\"readMoreText\">\n<div class=\"moretext-teaser\">\n<div class=\"external-content\">\n<p>1985 gab Rocko Schamoni die ersten Konzerte im Vorprogramm der Goldenen Zitronen, damals noch unter seinem Fr\u00fchpseudonym \u201eRoddy Dangerblood\u201c. 1986 begleitete er die Toten Hosen auf Tournee, ab jetzt als \u201eKing Rocko Schamoni\u201c. Seitdem hat er weit \u00fcber 1000 Auftritte hinter sich gebracht, mit seiner eigenen Band \u201eLittle Machine\", mit \"Studio Braun\" und \u201eFraktus\" \u00fcber 20 Longplayer ver\u00f6ffentlicht, 10 B\u00fccher geschrieben, 10 Theaterst\u00fccke produziert, den Golden Pudel Club gegr\u00fcndet und diverse weitere Projekte begleitet. Eine Quersumme seines musikalischen und literarischen Schaffens wird der \u201eKing\u201c-wie ihn nahe Freunde nennen d\u00fcrfen, auf dieser Jubil\u00e4umstour zum Besten geben. Wer das verpasst- war nicht dabei!<\/p>\n<\/div>\n<\/div>\n<\/div>\n<div class=\"link moretext-toggle\"><\/div>\n<\/div>\n<\/div>\n<\/section>\n<\/section>\n<section class=\"c-narrow c-full c-inner\" data-c=\"artistbazaarvoicewidget\">\n<div id=\"ratingListing\" class=\"container\">\n<h2 class=\"default-headline with-line\"><\/h2>\n<\/div>\n<\/section>","protected":false},"excerpt":{"rendered":"<p>Get your tickets now!<\/p>","protected":false},"featured_media":52955,"template":"","meta":{"_acf_changed":false,"inline_featured_image":false},"product_brand":[],"product_cat":[31,69,922,430,86,6764,35,6733,21,58],"product_tag":[5259,941,942,951,968,943,944,5260,947,948],"class_list":{"0":"post-36015","1":"product","2":"type-product","3":"status-publish","4":"has-post-thumbnail","6":"product_cat-events","7":"product_cat-konzert","8":"product_cat-kultur","9":"product_cat-kupfersaal","10":"product_cat-leipzig","11":"product_cat-lesung","12":"product_cat-orte","13":"product_cat-pop","14":"product_cat-ticket","15":"product_cat-veranstaltung","16":"product_tag-40-jahre-rocko-schamoni","17":"product_tag-events","18":"product_tag-konzert","19":"product_tag-kultur","20":"product_tag-kupfersaal","21":"product_tag-leipzig","22":"product_tag-orte","23":"product_tag-the-king-is-here-to-stay","24":"product_tag-ticket","25":"product_tag-veranstaltung","26":"product_shipping_class-nur_paketversand","27":"pa_discount-ermaessigt","28":"pa_discount-normalpreis","29":"pa_preiskategorie-freie-platzwahl","31":"first","32":"outofstock","33":"taxable","34":"shipping-taxable","35":"purchasable","36":"product-type-variable"},"group_of_quantity":0,"min_quantity":0,"max_quantity":"","exclude_order_quantity_value_rules":"no","exclude_category_quantity_rules":"no","combine_variations":"no","acf":[],"_links":{"self":[{"href":"https:\/\/arena-ticket.com\/en\/wp-json\/wp\/v2\/product\/36015","targetHints":{"allow":["GET"]}}],"collection":[{"href":"https:\/\/arena-ticket.com\/en\/wp-json\/wp\/v2\/product"}],"about":[{"href":"https:\/\/arena-ticket.com\/en\/wp-json\/wp\/v2\/types\/product"}],"wp:featuredmedia":[{"embeddable":true,"href":"https:\/\/arena-ticket.com\/en\/wp-json\/wp\/v2\/media\/52955"}],"wp:attachment":[{"href":"https:\/\/arena-ticket.com\/en\/wp-json\/wp\/v2\/media?parent=36015"}],"wp:term":[{"taxonomy":"product_brand","embeddable":true,"href":"https:\/\/arena-ticket.com\/en\/wp-json\/wp\/v2\/product_brand?post=36015"},{"taxonomy":"product_cat","embeddable":true,"href":"https:\/\/arena-ticket.com\/en\/wp-json\/wp\/v2\/product_cat?post=36015"},{"taxonomy":"product_tag","embeddable":true,"href":"https:\/\/arena-ticket.com\/en\/wp-json\/wp\/v2\/product_tag?post=36015"}],"curies":[{"name":"wp","href":"https:\/\/api.w.org\/{rel}","templated":true}]}}